{"id":937,"date":"2024-03-26T11:52:08","date_gmt":"2024-03-26T11:52:08","guid":{"rendered":"https:\/\/universalfmt.com\/urunler\/tibbi-malzemeler\/"},"modified":"2024-04-05T10:22:36","modified_gmt":"2024-04-05T10:22:36","slug":"tibbi-malzemeler","status":"publish","type":"page","link":"https:\/\/universalfmt.com\/tr\/urunler\/tibbi-malzemeler\/","title":{"rendered":"T\u0131bbi Malzemeler"},"content":{"rendered":"  <div id=\"page-header-1713433932\" class=\"page-header-wrapper\">\n  <div class=\"page-title dark featured-title\">\n\n    \n    <div class=\"page-title-inner container align-center text-center flex-row-col medium-flex-wrap\" >\n              <div class=\"title-wrapper flex-col\">\n          <h1 class=\"entry-title mb-0\">\n            T\u0131bbi Malzemeler          <\/h1>\n        <\/div>\n                    <div class=\"title-content flex-col\">\n        <ul class=\"nav sm-touch-scroll nav-line nav-uppercase text-center nav-center\"><li class=\"nav-single-page hidden\"><\/li><\/ul>      <\/div>\n    <\/div>\n\n       <\/div>\n    <\/div>\n  \n\t<section class=\"section\" id=\"section_921632045\">\n\t\t<div class=\"bg section-bg fill bg-fill  bg-loaded\" >\n\n\t\t\t\n\t\t\t\n\t\t\t\n\n\t\t<\/div>\n\n\t\t\n\n\t\t<div class=\"section-content relative\">\n\t\t\t\n<div class=\"row align-equal align-center row-divided\"  id=\"row-1328298469\">\n\n\t<div id=\"col-1506084512\" class=\"col medium-9 small-12 large-9\"  >\n\t\t\t\t<div class=\"col-inner\"  >\n\t\t\t\n\t\t\t\n<div class=\"row align-equal align-center\"  id=\"row-1003899498\">\n\n\t<div id=\"col-782348325\" class=\"col medium-4 small-6 large-4\"  >\n\t\t\t\t<div class=\"col-inner\" style=\"background-color:rgb(251, 251, 251);\" >\n\t\t\t\n\t\t\t\n\t<div class=\"box has-hover   has-hover box-text-bottom\" >\n\n\t\t<div class=\"box-image\" style=\"width:70%;\">\n\t\t\t\t\t\t<div class=\"\" >\n\t\t\t\t<img loading=\"lazy\" decoding=\"async\" width=\"501\" height=\"500\" src=\"https:\/\/universalfmt.com\/wp-content\/uploads\/2024\/04\/dental-equipment-universal-fmt.png\" class=\"attachment-original size-original\" alt=\"\" srcset=\"https:\/\/universalfmt.com\/wp-content\/uploads\/2024\/04\/dental-equipment-universal-fmt.png 501w, https:\/\/universalfmt.com\/wp-content\/uploads\/2024\/04\/dental-equipment-universal-fmt-300x300.png 300w, https:\/\/universalfmt.com\/wp-content\/uploads\/2024\/04\/dental-equipment-universal-fmt-150x150.png 150w\" sizes=\"auto, (max-width: 501px) 100vw, 501px\" \/>\t\t\t\t\t\t\t\t\t\t\t<\/div>\n\t\t\t\t\t<\/div>\n\n\t\t<div class=\"box-text text-center\" >\n\t\t\t<div class=\"box-text-inner\">\n\t\t\t\t\n\t<div id=\"text-644187840\" class=\"text\">\n\t\t\n<h4>Di\u015f Ekipmanlar\u0131<\/h4>\n\t\t\n<style>\n#text-644187840 {\n  text-align: center;\n}\n<\/style>\n\t<\/div>\n\t\n\t\t\t<\/div>\n\t\t<\/div>\n\t<\/div>\n\t\n\t\t<\/div>\n\t\t\t\t\n<style>\n#col-782348325 > .col-inner {\n  border-radius: 10px;\n}\n<\/style>\n\t<\/div>\n\n\t\n\n\t<div id=\"col-875600061\" class=\"col medium-4 small-6 large-4\"  >\n\t\t\t\t<div class=\"col-inner\" style=\"background-color:rgb(251, 251, 251);\" >\n\t\t\t\n\t\t\t\n\t<div class=\"box has-hover   has-hover box-text-bottom\" >\n\n\t\t<div class=\"box-image\" style=\"width:70%;\">\n\t\t\t\t\t\t<div class=\"\" >\n\t\t\t\t<img loading=\"lazy\" decoding=\"async\" width=\"500\" height=\"501\" src=\"https:\/\/universalfmt.com\/wp-content\/uploads\/2024\/04\/hospital-bed-universal-fmt.png\" class=\"attachment-original size-original\" alt=\"\" srcset=\"https:\/\/universalfmt.com\/wp-content\/uploads\/2024\/04\/hospital-bed-universal-fmt.png 500w, https:\/\/universalfmt.com\/wp-content\/uploads\/2024\/04\/hospital-bed-universal-fmt-300x300.png 300w, https:\/\/universalfmt.com\/wp-content\/uploads\/2024\/04\/hospital-bed-universal-fmt-150x150.png 150w\" sizes=\"auto, (max-width: 500px) 100vw, 500px\" \/>\t\t\t\t\t\t\t\t\t\t\t<\/div>\n\t\t\t\t\t<\/div>\n\n\t\t<div class=\"box-text text-center\" >\n\t\t\t<div class=\"box-text-inner\">\n\t\t\t\t\n\t<div id=\"text-2172385607\" class=\"text\">\n\t\t\n<h4>Hasta Yata\u011f\u0131<\/h4>\n\t\t\n<style>\n#text-2172385607 {\n  text-align: center;\n}\n<\/style>\n\t<\/div>\n\t\n\t\t\t<\/div>\n\t\t<\/div>\n\t<\/div>\n\t\n\t\t<\/div>\n\t\t\t\t\n<style>\n#col-875600061 > .col-inner {\n  border-radius: 10px;\n}\n<\/style>\n\t<\/div>\n\n\t\n\n\t<div id=\"col-391212164\" class=\"col medium-4 small-6 large-4\"  >\n\t\t\t\t<div class=\"col-inner\" style=\"background-color:rgb(251, 251, 251);\" >\n\t\t\t\n\t\t\t\n\t<div class=\"box has-hover   has-hover box-text-bottom\" >\n\n\t\t<div class=\"box-image\" style=\"width:70%;\">\n\t\t\t\t\t\t<div class=\"\" >\n\t\t\t\t<img loading=\"lazy\" decoding=\"async\" width=\"501\" height=\"501\" src=\"https:\/\/universalfmt.com\/wp-content\/uploads\/2024\/04\/wheelchairs-universal-fmt.png\" class=\"attachment-original size-original\" alt=\"\" srcset=\"https:\/\/universalfmt.com\/wp-content\/uploads\/2024\/04\/wheelchairs-universal-fmt.png 501w, https:\/\/universalfmt.com\/wp-content\/uploads\/2024\/04\/wheelchairs-universal-fmt-300x300.png 300w, https:\/\/universalfmt.com\/wp-content\/uploads\/2024\/04\/wheelchairs-universal-fmt-150x150.png 150w\" sizes=\"auto, (max-width: 501px) 100vw, 501px\" \/>\t\t\t\t\t\t\t\t\t\t\t<\/div>\n\t\t\t\t\t<\/div>\n\n\t\t<div class=\"box-text text-center\" >\n\t\t\t<div class=\"box-text-inner\">\n\t\t\t\t\n\t<div id=\"text-1406953046\" class=\"text\">\n\t\t\n<h4>Tekerlekli Sandalyeler<\/h4>\n\t\t\n<style>\n#text-1406953046 {\n  text-align: center;\n}\n<\/style>\n\t<\/div>\n\t\n\t\t\t<\/div>\n\t\t<\/div>\n\t<\/div>\n\t\n\t\t<\/div>\n\t\t\t\t\n<style>\n#col-391212164 > .col-inner {\n  border-radius: 10px;\n}\n<\/style>\n\t<\/div>\n\n\t\n<\/div>\n\t\t<\/div>\n\t\t\t\t\t<\/div>\n\n\t\n\n\t<div id=\"col-212228917\" class=\"col medium-3 small-12 large-3\"  >\n\t\t\t\t<div class=\"col-inner\"  >\n\t\t\t\n\t\t\t\n<h2><span style=\"font-size: 80%;\">\u00dcr\u00fcnler<\/span><\/h2>\n<div class=\"nav-wrapper\"><ul class=\"nav nav-uppercase nav-vertical nav-line text-left nav-left\"><li class=><a href=\"https:\/\/universalfmt.com\/tr\/urunler\/yapi-malzemesi\/\">Yap\u0131 Malzemesi<\/a><\/li><li class=><a href=\"https:\/\/universalfmt.com\/tr\/urunler\/gida-ve-gida-urunleri\/\">G\u0131da ve G\u0131da \u00dcr\u00fcnleri<\/a><\/li><li class=><a href=\"https:\/\/universalfmt.com\/tr\/urunler\/mobilya\/\">Mobilya<\/a><\/li><li class=><a href=\"https:\/\/universalfmt.com\/tr\/urunler\/jeneratorler\/\">Jenerat\u00f6rler<\/a><\/li><li class=><a href=\"https:\/\/universalfmt.com\/tr\/urunler\/aydinlatma-ekipmanlari\/\">Ayd\u0131nlatma Ekipmanlar\u0131<\/a><\/li><li class=><a href=\"https:\/\/universalfmt.com\/tr\/urunler\/mermer\/\">Mermer<\/a><\/li><li class=active><a href=\"https:\/\/universalfmt.com\/tr\/urunler\/tibbi-malzemeler\/\">T\u0131bbi Malzemeler<\/a><\/li><li class=><a href=\"https:\/\/universalfmt.com\/tr\/urunler\/gunes-panelleri\/\">G\u00fcne\u015f Panelleri<\/a><\/li><li class=><a href=\"https:\/\/universalfmt.com\/tr\/urunler\/trafo\/\">Trafo<\/a><\/li><\/ul><\/div>\n\t<div id=\"gap-1574886050\" class=\"gap-element clearfix\" style=\"display:block; height:auto;\">\n\t\t\n<style>\n#gap-1574886050 {\n  padding-top: 20px;\n}\n<\/style>\n\t<\/div>\n\t\n<h2><span style=\"font-size: 80%;\">Bize Ula\u015f\u0131n<\/span><\/h2>\n<div id=\"quform-ff1eb4\" class=\"quform quform-10 quform-support-page-caching\"><form id=\"quform-form-ff1eb4\" class=\"quform-form quform-form-10\" action=\"\/tr\/wp-json\/wp\/v2\/pages\/937#quform-ff1eb4\" method=\"post\" enctype=\"multipart\/form-data\" novalidate=\"novalidate\" data-options=\"{&quot;id&quot;:10,&quot;uniqueId&quot;:&quot;ff1eb4&quot;,&quot;theme&quot;:&quot;&quot;,&quot;ajax&quot;:true,&quot;logic&quot;:{&quot;logic&quot;:[],&quot;dependents&quot;:[],&quot;elementIds&quot;:[],&quot;dependentElementIds&quot;:[],&quot;animate&quot;:true},&quot;currentPageId&quot;:1,&quot;errorsIcon&quot;:&quot;&quot;,&quot;updateFancybox&quot;:true,&quot;hasPages&quot;:false,&quot;pages&quot;:[1],&quot;pageProgressType&quot;:&quot;numbers&quot;,&quot;tooltipsEnabled&quot;:true,&quot;tooltipClasses&quot;:&quot;qtip-quform-dark qtip-shadow&quot;,&quot;tooltipMy&quot;:&quot;left center&quot;,&quot;tooltipAt&quot;:&quot;right center&quot;,&quot;isRtl&quot;:false,&quot;scrollOffset&quot;:-50,&quot;scrollSpeed&quot;:800}\"><button class=\"quform-default-submit\" name=\"quform_submit\" type=\"submit\" value=\"submit\" aria-hidden=\"true\" tabindex=\"-1\"><\/button><div class=\"quform-form-inner quform-form-inner-10\"><input type=\"hidden\" name=\"quform_form_id\" value=\"10\" \/><input type=\"hidden\" name=\"quform_form_uid\" value=\"ff1eb4\" \/><input type=\"hidden\" name=\"quform_count\" value=\"1\" \/><input type=\"hidden\" name=\"form_url\" value=\"https:\/\/universalfmt.com\/tr\/wp-json\/wp\/v2\/pages\/937\" \/><input type=\"hidden\" name=\"referring_url\" value=\"\" \/><input type=\"hidden\" name=\"post_id\" value=\"\" \/><input type=\"hidden\" name=\"post_title\" value=\"\" \/><input type=\"hidden\" name=\"quform_current_page_id\" value=\"1\" \/><input type=\"hidden\" name=\"quform_csrf_token\" value=\"t3uWzLwa94InRz9ZzZtyoU7M8ODmyPr4TZXDglbz\" \/><div class=\"quform-elements quform-elements-10 quform-cf quform-responsive-elements-phone-landscape\"><div class=\"quform-element quform-element-page quform-page-1 quform-page-10_1 quform-cf quform-group-style-plain quform-first-page quform-last-page quform-current-page\"><div class=\"quform-child-elements\"><div class=\"quform-element quform-element-text quform-element-10_6 quform-cf quform-element-required\"><div class=\"quform-spacer\"><div class=\"quform-label quform-label-10_6\"><label class=\"quform-label-text\" for=\"quform_10_6_ff1eb4\">Ad\u0131n\u0131z<span class=\"quform-required\">*<\/span><\/label><\/div><div class=\"quform-inner quform-inner-text quform-inner-10_6\"><div class=\"quform-input quform-input-text quform-input-10_6 quform-cf\"><input type=\"text\" id=\"quform_10_6_ff1eb4\" name=\"quform_10_6\" class=\"quform-field quform-field-text quform-field-10_6\" \/><\/div><\/div><\/div><\/div><div class=\"quform-element quform-element-text quform-element-10_7 quform-cf quform-element-optional\"><div class=\"quform-spacer\"><div class=\"quform-label quform-label-10_7\"><label class=\"quform-label-text\" for=\"quform_10_7_ff1eb4\">Telefon<\/label><\/div><div class=\"quform-inner quform-inner-text quform-inner-10_7\"><div class=\"quform-input quform-input-text quform-input-10_7 quform-cf\"><input type=\"text\" id=\"quform_10_7_ff1eb4\" name=\"quform_10_7\" class=\"quform-field quform-field-text quform-field-10_7\" \/><\/div><\/div><\/div><\/div><div class=\"quform-element quform-element-email quform-element-10_5 quform-cf quform-element-required\"><div class=\"quform-spacer\"><div class=\"quform-label quform-label-10_5\"><label class=\"quform-label-text\" for=\"quform_10_5_ff1eb4\">E-Mail<span class=\"quform-required\">*<\/span><\/label><\/div><div class=\"quform-inner quform-inner-email quform-inner-10_5\"><div class=\"quform-input quform-input-email quform-input-10_5 quform-cf\"><input type=\"email\" id=\"quform_10_5_ff1eb4\" name=\"quform_10_5\" class=\"quform-field quform-field-email quform-field-10_5\" \/><\/div><\/div><\/div><\/div><div class=\"quform-element quform-element-captcha quform-element-10_8 quform-cf quform-element-required\"><div class=\"quform-spacer\"><div class=\"quform-label quform-label-10_8\"><label class=\"quform-label-text\" for=\"quform_10_8_ff1eb4\">L\u00fctfen karakterleri yaz\u0131n<span class=\"quform-required\">*<\/span><\/label><\/div><div class=\"quform-inner quform-inner-captcha quform-inner-10_8\"><div class=\"quform-input quform-input-captcha quform-input-10_8 quform-cf\"><input type=\"text\" id=\"quform_10_8_ff1eb4\" name=\"quform_10_8\" class=\"quform-field quform-field-captcha quform-field-10_8\" \/><\/div><div class=\"quform-captcha quform-cf\"><div class=\"quform-captcha-image quform-captcha-image-10_8\"><img loading=\"lazy\" decoding=\"async\" class=\"quform-captcha-image-img\" src=\"data:image\/png;base64,iVBORw0KGgoAAAANSUhEUgAAAOYAAABQBAMAAAD\/1xTgAAAAG1BMVEX\/\/\/8iIiKsrKx0dHQ9PT3j4+OQkJDHx8dZWVk5kZEZAAAACXBIWXMAAA7EAAAOxAGVKw4bAAADyUlEQVRoge1XTU\/bQBB1HH8dO8QJPjp8NBxJSUuPuECbY5yGwhGLFq4YqeWKaSvxszuzazvrdcAbA5Eq+UkkyrC7b3Zm9s2upjVo0KBBgwYNGjT4X7F5vnJKC7yiYTp5dU4DoEDiQOfVOVsAhd8RgP\/anCG4hd8JwK7KPH0Eh3Wz0JfyOVTbpxUAwHpNzkjK30yuqYUwMRwgRUgV00ECa8XVLnyFeTNwr6bBspk\/vaEJFKGemBbz9OatQpoSSnqslnladaJZD0c8MiYwHF7l\/yQnDirXsFlCwkpO3MHl3m\/fTDpUJ4RrVqUMfjqoTT\/eVHJarHwiWuEp6HzxroNnIcg5seIZMocdVU4sgq+V6mGknDH+sX2O3\/HZMA4gd9g+Gqtw6uAONjE790qcd8jX0wdnmfrgxs61m4EwMIFuJaeWRgq+PO3aEdbN\/S2NdonKy12RkqLEOaMafAhKk0usVComT6QBPW5sSRJPnCrysgXutWYHVTWOdHdY5V6A0QwzJQgliSfxU+Hss7ILK2NCUdOhM0Tqfja4XxKwoSRMC2Hy3LSlsdZ+2bc1HNWLkS\/KilOWW7IocFp8kJ6lKGfwtosDW+icA2stHJ\/gXhmG0iyaJ1sWwOFxsiX\/hiBXFYrMxIB1qlk6IQxc4sUy6qtcFByedEvKJx5+CMZXgsVGJsw6ysBJ7g5rgjNROGMVzjYfNMvClWGLndrPwh6wtGM4wPrdyE6IyVSnL5ZqrNJAbeY0dgTpfFpcKoSIR7AeoWcBfMiq1WZdJBI5Q6WmnUDv57RcDKnaZZljW8CDsouZ9rL46XRm0SCkRb4gLUZY7EeCuXM5EjdqgJugC31q1NzSZi2lICctJU6bKe5f2RyRPNFnbrG4a+H8+tSmfZqFq558+XwEegLej5KVC6clnJhUbKlJdnPOLn3482mGGqemnZRNTF41TRMTStcC3r7vuAFryLsdFnTeKam+OvR0g4kQOMwkFaXQg\/g1RTyRTmWDehztNJGJcG4NnsizeV05\/PZQmFefs5V6Hwj7NAPXp+\/T+bAIJI18DmfMz4Mp5pMumjI2\/4zz+tvZfx5nKhL6Eu8sagKlx+EyCLiGLbNEC5hi1HuGaOwUsA2Wm\/LjQLHwf4FKz14M0pzOhL7UX2ypQh\/U5WTzvb1A8QnLwDuRWzudqfCDUmfKwBTifV1KumLwy3ZJ+5+APYJxWbgVcTHBG6X9HSk\/1V1iWVhwzB7B9sZ25diXAntGroyNgz02R8erJf2WzO8fK4O58ww9qQ374\/nKORs0aNCgwcvgHxIgiUc8\/77wAAAAAElFTkSuQmCC\" alt=\"CAPTCHA image\" data-element-id=\"8\" width=\"115\" height=\"40\" \/><\/div><\/div><p class=\"quform-description quform-description-below\">Bu, spam'\u0131 \u00f6nlememize yard\u0131mc\u0131 olur, te\u015fekk\u00fcr ederiz.<\/p><\/div><\/div><\/div><div class=\"quform-element quform-element-submit quform-element-10_2 quform-cf quform-button-style-theme\"><div class=\"quform-button-submit quform-button-submit-default quform-button-submit-10_2\"><button name=\"quform_submit\" type=\"submit\" class=\"quform-submit\" value=\"submit\"><span class=\"quform-button-text quform-button-submit-text\">G\u00f6nder<\/span><\/button><\/div><div class=\"quform-loading quform-loading-position-left quform-loading-type-spinner-1\"><div class=\"quform-loading-inner\"><div class=\"quform-loading-spinner\"><div class=\"quform-loading-spinner-inner\"><\/div><\/div><\/div><\/div><\/div><div class=\"quform-element-tree\"><label for=\"quform_10_0_ff1eb4\">This field should be left blank<\/label><input type=\"text\" id=\"quform_10_0_ff1eb4\" name=\"quform_10_0\" class=\"quform-field quform-field-tree quform-field-10_0\" tabindex=\"-1\" autocomplete=\"off\" \/><\/div><\/div><\/div><\/div><\/div><\/form><\/div>\n\t\t<\/div>\n\t\t\t\t\t<\/div>\n\n\t\n<\/div>\n\t\t<\/div>\n\n\t\t\n<style>\n#section_921632045 {\n  padding-top: 30px;\n  padding-bottom: 30px;\n}\n<\/style>\n\t<\/section>\n\t\n","protected":false},"excerpt":{"rendered":"","protected":false},"author":1,"featured_media":0,"parent":901,"menu_order":0,"comment_status":"closed","ping_status":"closed","template":"page-blank.php","meta":{"footnotes":""},"class_list":["post-937","page","type-page","status-publish","hentry"],"_links":{"self":[{"href":"https:\/\/universalfmt.com\/tr\/wp-json\/wp\/v2\/pages\/937","targetHints":{"allow":["GET"]}}],"collection":[{"href":"https:\/\/universalfmt.com\/tr\/wp-json\/wp\/v2\/pages"}],"about":[{"href":"https:\/\/universalfmt.com\/tr\/wp-json\/wp\/v2\/types\/page"}],"author":[{"embeddable":true,"href":"https:\/\/universalfmt.com\/tr\/wp-json\/wp\/v2\/users\/1"}],"replies":[{"embeddable":true,"href":"https:\/\/universalfmt.com\/tr\/wp-json\/wp\/v2\/comments?post=937"}],"version-history":[{"count":3,"href":"https:\/\/universalfmt.com\/tr\/wp-json\/wp\/v2\/pages\/937\/revisions"}],"predecessor-version":[{"id":963,"href":"https:\/\/universalfmt.com\/tr\/wp-json\/wp\/v2\/pages\/937\/revisions\/963"}],"up":[{"embeddable":true,"href":"https:\/\/universalfmt.com\/tr\/wp-json\/wp\/v2\/pages\/901"}],"wp:attachment":[{"href":"https:\/\/universalfmt.com\/tr\/wp-json\/wp\/v2\/media?parent=937"}],"curies":[{"name":"wp","href":"https:\/\/api.w.org\/{rel}","templated":true}]}}