{"id":931,"date":"2024-03-26T11:52:17","date_gmt":"2024-03-26T11:52:17","guid":{"rendered":"https:\/\/universalfmt.com\/urunler\/mermer\/"},"modified":"2024-04-05T10:22:15","modified_gmt":"2024-04-05T10:22:15","slug":"mermer","status":"publish","type":"page","link":"https:\/\/universalfmt.com\/tr\/urunler\/mermer\/","title":{"rendered":"Mermer"},"content":{"rendered":"  <div id=\"page-header-520549117\" class=\"page-header-wrapper\">\n  <div class=\"page-title dark featured-title\">\n\n    \n    <div class=\"page-title-inner container align-center text-center flex-row-col medium-flex-wrap\" >\n              <div class=\"title-wrapper flex-col\">\n          <h1 class=\"entry-title mb-0\">\n            Mermer          <\/h1>\n        <\/div>\n                    <div class=\"title-content flex-col\">\n        <ul class=\"nav sm-touch-scroll nav-line nav-uppercase text-center nav-center\"><li class=\"nav-single-page hidden\"><\/li><\/ul>      <\/div>\n    <\/div>\n\n       <\/div>\n    <\/div>\n  \n\t<section class=\"section\" id=\"section_1663813141\">\n\t\t<div class=\"bg section-bg fill bg-fill  bg-loaded\" >\n\n\t\t\t\n\t\t\t\n\t\t\t\n\n\t\t<\/div>\n\n\t\t\n\n\t\t<div class=\"section-content relative\">\n\t\t\t\n<div class=\"row row-divided\"  id=\"row-426773213\">\n\n\t<div id=\"col-387572973\" class=\"col medium-9 small-12 large-9\"  >\n\t\t\t\t<div class=\"col-inner\"  >\n\t\t\t\n\t\t\t\n<div class=\"row align-equal align-center\"  id=\"row-1273233784\">\n\n\t<div id=\"col-1104734293\" class=\"col medium-4 small-6 large-4\"  >\n\t\t\t\t<div class=\"col-inner\" style=\"background-color:rgb(251, 251, 251);\" >\n\t\t\t\n\t\t\t\n\t<div class=\"box has-hover   has-hover box-text-bottom\" >\n\n\t\t<div class=\"box-image\" style=\"width:70%;\">\n\t\t\t\t\t\t<div class=\"\" >\n\t\t\t\t<img loading=\"lazy\" decoding=\"async\" width=\"501\" height=\"501\" src=\"https:\/\/universalfmt.com\/wp-content\/uploads\/2024\/04\/basalt-universal-fmt.png\" class=\"attachment-original size-original\" alt=\"\" srcset=\"https:\/\/universalfmt.com\/wp-content\/uploads\/2024\/04\/basalt-universal-fmt.png 501w, https:\/\/universalfmt.com\/wp-content\/uploads\/2024\/04\/basalt-universal-fmt-300x300.png 300w, https:\/\/universalfmt.com\/wp-content\/uploads\/2024\/04\/basalt-universal-fmt-150x150.png 150w\" sizes=\"auto, (max-width: 501px) 100vw, 501px\" \/>\t\t\t\t\t\t\t\t\t\t\t<\/div>\n\t\t\t\t\t<\/div>\n\n\t\t<div class=\"box-text text-center\" >\n\t\t\t<div class=\"box-text-inner\">\n\t\t\t\t\n\t<div id=\"text-4094935211\" class=\"text\">\n\t\t\n<h4>Bazalt<\/h4>\n\t\t\n<style>\n#text-4094935211 {\n  text-align: center;\n}\n<\/style>\n\t<\/div>\n\t\n\t\t\t<\/div>\n\t\t<\/div>\n\t<\/div>\n\t\n\t\t<\/div>\n\t\t\t\t\n<style>\n#col-1104734293 > .col-inner {\n  border-radius: 10px;\n}\n<\/style>\n\t<\/div>\n\n\t\n\n\t<div id=\"col-2086336024\" class=\"col medium-4 small-6 large-4\"  >\n\t\t\t\t<div class=\"col-inner\" style=\"background-color:rgb(251, 251, 251);\" >\n\t\t\t\n\t\t\t\n\t<div class=\"box has-hover   has-hover box-text-bottom\" >\n\n\t\t<div class=\"box-image\" style=\"width:70%;\">\n\t\t\t\t\t\t<div class=\"\" >\n\t\t\t\t<img loading=\"lazy\" decoding=\"async\" width=\"501\" height=\"501\" src=\"https:\/\/universalfmt.com\/wp-content\/uploads\/2024\/04\/granite-universel-fmt.png\" class=\"attachment-original size-original\" alt=\"\" srcset=\"https:\/\/universalfmt.com\/wp-content\/uploads\/2024\/04\/granite-universel-fmt.png 501w, https:\/\/universalfmt.com\/wp-content\/uploads\/2024\/04\/granite-universel-fmt-300x300.png 300w, https:\/\/universalfmt.com\/wp-content\/uploads\/2024\/04\/granite-universel-fmt-150x150.png 150w\" sizes=\"auto, (max-width: 501px) 100vw, 501px\" \/>\t\t\t\t\t\t\t\t\t\t\t<\/div>\n\t\t\t\t\t<\/div>\n\n\t\t<div class=\"box-text text-center\" >\n\t\t\t<div class=\"box-text-inner\">\n\t\t\t\t\n\t<div id=\"text-3489195493\" class=\"text\">\n\t\t\n<h4>Granit<\/h4>\n\t\t\n<style>\n#text-3489195493 {\n  text-align: center;\n}\n<\/style>\n\t<\/div>\n\t\n\t\t\t<\/div>\n\t\t<\/div>\n\t<\/div>\n\t\n\t\t<\/div>\n\t\t\t\t\n<style>\n#col-2086336024 > .col-inner {\n  border-radius: 10px;\n}\n<\/style>\n\t<\/div>\n\n\t\n\n\t<div id=\"col-143575540\" class=\"col medium-4 small-6 large-4\"  >\n\t\t\t\t<div class=\"col-inner\" style=\"background-color:rgb(251, 251, 251);\" >\n\t\t\t\n\t\t\t\n\t<div class=\"box has-hover   has-hover box-text-bottom\" >\n\n\t\t<div class=\"box-image\" style=\"width:70%;\">\n\t\t\t\t\t\t<div class=\"\" >\n\t\t\t\t<img loading=\"lazy\" decoding=\"async\" width=\"501\" height=\"501\" src=\"https:\/\/universalfmt.com\/wp-content\/uploads\/2024\/04\/slate-universal-fmt.png\" class=\"attachment-original size-original\" alt=\"\" srcset=\"https:\/\/universalfmt.com\/wp-content\/uploads\/2024\/04\/slate-universal-fmt.png 501w, https:\/\/universalfmt.com\/wp-content\/uploads\/2024\/04\/slate-universal-fmt-300x300.png 300w, https:\/\/universalfmt.com\/wp-content\/uploads\/2024\/04\/slate-universal-fmt-150x150.png 150w\" sizes=\"auto, (max-width: 501px) 100vw, 501px\" \/>\t\t\t\t\t\t\t\t\t\t\t<\/div>\n\t\t\t\t\t<\/div>\n\n\t\t<div class=\"box-text text-center\" >\n\t\t\t<div class=\"box-text-inner\">\n\t\t\t\t\n\t<div id=\"text-2240719630\" class=\"text\">\n\t\t\n<h4>Kayrak<\/h4>\n\t\t\n<style>\n#text-2240719630 {\n  text-align: center;\n}\n<\/style>\n\t<\/div>\n\t\n\t\t\t<\/div>\n\t\t<\/div>\n\t<\/div>\n\t\n\t\t<\/div>\n\t\t\t\t\n<style>\n#col-143575540 > .col-inner {\n  border-radius: 10px;\n}\n<\/style>\n\t<\/div>\n\n\t\n\n\t<div id=\"col-2047027867\" class=\"col medium-4 small-6 large-4\"  >\n\t\t\t\t<div class=\"col-inner\" style=\"background-color:rgb(251, 251, 251);\" >\n\t\t\t\n\t\t\t\n\t<div class=\"box has-hover   has-hover box-text-bottom\" >\n\n\t\t<div class=\"box-image\" style=\"width:70%;\">\n\t\t\t\t\t\t<div class=\"\" >\n\t\t\t\t<img loading=\"lazy\" decoding=\"async\" width=\"501\" height=\"501\" src=\"https:\/\/universalfmt.com\/wp-content\/uploads\/2024\/04\/limestone-univeral-fmt.png\" class=\"attachment-original size-original\" alt=\"\" srcset=\"https:\/\/universalfmt.com\/wp-content\/uploads\/2024\/04\/limestone-univeral-fmt.png 501w, https:\/\/universalfmt.com\/wp-content\/uploads\/2024\/04\/limestone-univeral-fmt-300x300.png 300w, https:\/\/universalfmt.com\/wp-content\/uploads\/2024\/04\/limestone-univeral-fmt-150x150.png 150w\" sizes=\"auto, (max-width: 501px) 100vw, 501px\" \/>\t\t\t\t\t\t\t\t\t\t\t<\/div>\n\t\t\t\t\t<\/div>\n\n\t\t<div class=\"box-text text-center\" >\n\t\t\t<div class=\"box-text-inner\">\n\t\t\t\t\n\t<div id=\"text-2887993326\" class=\"text\">\n\t\t\n<h4>Kire\u00e7ta\u015f\u0131<\/h4>\n\t\t\n<style>\n#text-2887993326 {\n  text-align: center;\n}\n<\/style>\n\t<\/div>\n\t\n\t\t\t<\/div>\n\t\t<\/div>\n\t<\/div>\n\t\n\t\t<\/div>\n\t\t\t\t\n<style>\n#col-2047027867 > .col-inner {\n  border-radius: 10px;\n}\n<\/style>\n\t<\/div>\n\n\t\n\n\t<div id=\"col-551620641\" class=\"col medium-4 small-6 large-4\"  >\n\t\t\t\t<div class=\"col-inner\" style=\"background-color:rgb(251, 251, 251);\" >\n\t\t\t\n\t\t\t\n\t<div class=\"box has-hover   has-hover box-text-bottom\" >\n\n\t\t<div class=\"box-image\" style=\"width:70%;\">\n\t\t\t\t\t\t<div class=\"\" >\n\t\t\t\t<img loading=\"lazy\" decoding=\"async\" width=\"501\" height=\"501\" src=\"https:\/\/universalfmt.com\/wp-content\/uploads\/2024\/04\/sandstone-universal-fmt_1.png\" class=\"attachment-original size-original\" alt=\"\" srcset=\"https:\/\/universalfmt.com\/wp-content\/uploads\/2024\/04\/sandstone-universal-fmt_1.png 501w, https:\/\/universalfmt.com\/wp-content\/uploads\/2024\/04\/sandstone-universal-fmt_1-300x300.png 300w, https:\/\/universalfmt.com\/wp-content\/uploads\/2024\/04\/sandstone-universal-fmt_1-150x150.png 150w\" sizes=\"auto, (max-width: 501px) 100vw, 501px\" \/>\t\t\t\t\t\t\t\t\t\t\t<\/div>\n\t\t\t\t\t<\/div>\n\n\t\t<div class=\"box-text text-center\" >\n\t\t\t<div class=\"box-text-inner\">\n\t\t\t\t\n\t<div id=\"text-3012572433\" class=\"text\">\n\t\t\n<h4>Kum Ta\u015f\u0131<\/h4>\n\t\t\n<style>\n#text-3012572433 {\n  text-align: center;\n}\n<\/style>\n\t<\/div>\n\t\n\t\t\t<\/div>\n\t\t<\/div>\n\t<\/div>\n\t\n\t\t<\/div>\n\t\t\t\t\n<style>\n#col-551620641 > .col-inner {\n  border-radius: 10px;\n}\n<\/style>\n\t<\/div>\n\n\t\n\n\t<div id=\"col-1681714564\" class=\"col medium-4 small-6 large-4\"  >\n\t\t\t\t<div class=\"col-inner\" style=\"background-color:rgb(251, 251, 251);\" >\n\t\t\t\n\t\t\t\n\t<div class=\"box has-hover   has-hover box-text-bottom\" >\n\n\t\t<div class=\"box-image\" style=\"width:70%;\">\n\t\t\t\t\t\t<div class=\"\" >\n\t\t\t\t<img loading=\"lazy\" decoding=\"async\" width=\"500\" height=\"500\" src=\"https:\/\/universalfmt.com\/wp-content\/uploads\/2024\/04\/quartz-universal-fmt.png\" class=\"attachment-original size-original\" alt=\"\" srcset=\"https:\/\/universalfmt.com\/wp-content\/uploads\/2024\/04\/quartz-universal-fmt.png 500w, https:\/\/universalfmt.com\/wp-content\/uploads\/2024\/04\/quartz-universal-fmt-300x300.png 300w, https:\/\/universalfmt.com\/wp-content\/uploads\/2024\/04\/quartz-universal-fmt-150x150.png 150w\" sizes=\"auto, (max-width: 500px) 100vw, 500px\" \/>\t\t\t\t\t\t\t\t\t\t\t<\/div>\n\t\t\t\t\t<\/div>\n\n\t\t<div class=\"box-text text-center\" >\n\t\t\t<div class=\"box-text-inner\">\n\t\t\t\t\n\t<div id=\"text-1637382555\" class=\"text\">\n\t\t\n<h4>Kuvarsit<\/h4>\n\t\t\n<style>\n#text-1637382555 {\n  text-align: center;\n}\n<\/style>\n\t<\/div>\n\t\n\t\t\t<\/div>\n\t\t<\/div>\n\t<\/div>\n\t\n\t\t<\/div>\n\t\t\t\t\n<style>\n#col-1681714564 > .col-inner {\n  border-radius: 10px;\n}\n<\/style>\n\t<\/div>\n\n\t\n\n\t<div id=\"col-255322219\" class=\"col medium-4 small-6 large-4\"  >\n\t\t\t\t<div class=\"col-inner\" style=\"background-color:rgb(251, 251, 251);\" >\n\t\t\t\n\t\t\t\n\t<div class=\"box has-hover   has-hover box-text-bottom\" >\n\n\t\t<div class=\"box-image\" style=\"width:70%;\">\n\t\t\t\t\t\t<div class=\"\" >\n\t\t\t\t<img loading=\"lazy\" decoding=\"async\" width=\"501\" height=\"501\" src=\"https:\/\/universalfmt.com\/wp-content\/uploads\/2024\/04\/onyx-universal-fmt.png\" class=\"attachment-original size-original\" alt=\"\" srcset=\"https:\/\/universalfmt.com\/wp-content\/uploads\/2024\/04\/onyx-universal-fmt.png 501w, https:\/\/universalfmt.com\/wp-content\/uploads\/2024\/04\/onyx-universal-fmt-300x300.png 300w, https:\/\/universalfmt.com\/wp-content\/uploads\/2024\/04\/onyx-universal-fmt-150x150.png 150w\" sizes=\"auto, (max-width: 501px) 100vw, 501px\" \/>\t\t\t\t\t\t\t\t\t\t\t<\/div>\n\t\t\t\t\t<\/div>\n\n\t\t<div class=\"box-text text-center\" >\n\t\t\t<div class=\"box-text-inner\">\n\t\t\t\t\n\t<div id=\"text-476258219\" class=\"text\">\n\t\t\n<h4>Oniks<\/h4>\n\t\t\n<style>\n#text-476258219 {\n  text-align: center;\n}\n<\/style>\n\t<\/div>\n\t\n\t\t\t<\/div>\n\t\t<\/div>\n\t<\/div>\n\t\n\t\t<\/div>\n\t\t\t\t\n<style>\n#col-255322219 > .col-inner {\n  border-radius: 10px;\n}\n<\/style>\n\t<\/div>\n\n\t\n\n\t<div id=\"col-243698016\" class=\"col medium-4 small-6 large-4\"  >\n\t\t\t\t<div class=\"col-inner\" style=\"background-color:rgb(251, 251, 251);\" >\n\t\t\t\n\t\t\t\n\t<div class=\"box has-hover   has-hover box-text-bottom\" >\n\n\t\t<div class=\"box-image\" style=\"width:70%;\">\n\t\t\t\t\t\t<div class=\"\" >\n\t\t\t\t<img loading=\"lazy\" decoding=\"async\" width=\"500\" height=\"500\" src=\"https:\/\/universalfmt.com\/wp-content\/uploads\/2024\/04\/pearl-universal-fmt.png\" class=\"attachment-original size-original\" alt=\"\" srcset=\"https:\/\/universalfmt.com\/wp-content\/uploads\/2024\/04\/pearl-universal-fmt.png 500w, https:\/\/universalfmt.com\/wp-content\/uploads\/2024\/04\/pearl-universal-fmt-300x300.png 300w, https:\/\/universalfmt.com\/wp-content\/uploads\/2024\/04\/pearl-universal-fmt-150x150.png 150w\" sizes=\"auto, (max-width: 500px) 100vw, 500px\" \/>\t\t\t\t\t\t\t\t\t\t\t<\/div>\n\t\t\t\t\t<\/div>\n\n\t\t<div class=\"box-text text-center\" >\n\t\t\t<div class=\"box-text-inner\">\n\t\t\t\t\n\t<div id=\"text-3863677960\" class=\"text\">\n\t\t\n<h4>\u0130nci<\/h4>\n\t\t\n<style>\n#text-3863677960 {\n  text-align: center;\n}\n<\/style>\n\t<\/div>\n\t\n\t\t\t<\/div>\n\t\t<\/div>\n\t<\/div>\n\t\n\t\t<\/div>\n\t\t\t\t\n<style>\n#col-243698016 > .col-inner {\n  border-radius: 10px;\n}\n<\/style>\n\t<\/div>\n\n\t\n\n\t<div id=\"col-389256775\" class=\"col medium-4 small-6 large-4\"  >\n\t\t\t\t<div class=\"col-inner\" style=\"background-color:rgb(251, 251, 251);\" >\n\t\t\t\n\t\t\t\n\t<div class=\"box has-hover   has-hover box-text-bottom\" >\n\n\t\t<div class=\"box-image\" style=\"width:70%;\">\n\t\t\t\t\t\t<div class=\"\" >\n\t\t\t\t<img loading=\"lazy\" decoding=\"async\" width=\"501\" height=\"501\" src=\"https:\/\/universalfmt.com\/wp-content\/uploads\/2024\/04\/soft-quartz-universal-fmt.png\" class=\"attachment-original size-original\" alt=\"\" srcset=\"https:\/\/universalfmt.com\/wp-content\/uploads\/2024\/04\/soft-quartz-universal-fmt.png 501w, https:\/\/universalfmt.com\/wp-content\/uploads\/2024\/04\/soft-quartz-universal-fmt-300x300.png 300w, https:\/\/universalfmt.com\/wp-content\/uploads\/2024\/04\/soft-quartz-universal-fmt-150x150.png 150w\" sizes=\"auto, (max-width: 501px) 100vw, 501px\" \/>\t\t\t\t\t\t\t\t\t\t\t<\/div>\n\t\t\t\t\t<\/div>\n\n\t\t<div class=\"box-text text-center\" >\n\t\t\t<div class=\"box-text-inner\">\n\t\t\t\t\n\t<div id=\"text-2516576006\" class=\"text\">\n\t\t\n<h4>Yumu\u015fak Kuvarsit<\/h4>\n\t\t\n<style>\n#text-2516576006 {\n  text-align: center;\n}\n<\/style>\n\t<\/div>\n\t\n\t\t\t<\/div>\n\t\t<\/div>\n\t<\/div>\n\t\n\t\t<\/div>\n\t\t\t\t\n<style>\n#col-389256775 > .col-inner {\n  border-radius: 10px;\n}\n<\/style>\n\t<\/div>\n\n\t\n\n\t<div id=\"col-180765967\" class=\"col medium-4 small-6 large-4\"  >\n\t\t\t\t<div class=\"col-inner\" style=\"background-color:rgb(251, 251, 251);\" >\n\t\t\t\n\t\t\t\n\t<div class=\"box has-hover   has-hover box-text-bottom\" >\n\n\t\t<div class=\"box-image\" style=\"width:70%;\">\n\t\t\t\t\t\t<div class=\"\" >\n\t\t\t\t<img loading=\"lazy\" decoding=\"async\" width=\"501\" height=\"501\" src=\"https:\/\/universalfmt.com\/wp-content\/uploads\/2024\/04\/travertine-universal-fmt.png\" class=\"attachment-original size-original\" alt=\"\" srcset=\"https:\/\/universalfmt.com\/wp-content\/uploads\/2024\/04\/travertine-universal-fmt.png 501w, https:\/\/universalfmt.com\/wp-content\/uploads\/2024\/04\/travertine-universal-fmt-300x300.png 300w, https:\/\/universalfmt.com\/wp-content\/uploads\/2024\/04\/travertine-universal-fmt-150x150.png 150w\" sizes=\"auto, (max-width: 501px) 100vw, 501px\" \/>\t\t\t\t\t\t\t\t\t\t\t<\/div>\n\t\t\t\t\t<\/div>\n\n\t\t<div class=\"box-text text-center\" >\n\t\t\t<div class=\"box-text-inner\">\n\t\t\t\t\n\t<div id=\"text-640401645\" class=\"text\">\n\t\t\n<h4>Traverten<\/h4>\n\t\t\n<style>\n#text-640401645 {\n  text-align: center;\n}\n<\/style>\n\t<\/div>\n\t\n\t\t\t<\/div>\n\t\t<\/div>\n\t<\/div>\n\t\n\t\t<\/div>\n\t\t\t\t\n<style>\n#col-180765967 > .col-inner {\n  border-radius: 10px;\n}\n<\/style>\n\t<\/div>\n\n\t\n\n\t<div id=\"col-1146501657\" class=\"col medium-4 small-6 large-4\"  >\n\t\t\t\t<div class=\"col-inner\" style=\"background-color:rgb(251, 251, 251);\" >\n\t\t\t\n\t\t\t\n\t<div class=\"box has-hover   has-hover box-text-bottom\" >\n\n\t\t<div class=\"box-image\" style=\"width:70%;\">\n\t\t\t\t\t\t<div class=\"\" >\n\t\t\t\t<img loading=\"lazy\" decoding=\"async\" width=\"501\" height=\"501\" src=\"https:\/\/universalfmt.com\/wp-content\/uploads\/2024\/04\/Precious-stone-universal-fmt.png\" class=\"attachment-original size-original\" alt=\"\" srcset=\"https:\/\/universalfmt.com\/wp-content\/uploads\/2024\/04\/Precious-stone-universal-fmt.png 501w, https:\/\/universalfmt.com\/wp-content\/uploads\/2024\/04\/Precious-stone-universal-fmt-300x300.png 300w, https:\/\/universalfmt.com\/wp-content\/uploads\/2024\/04\/Precious-stone-universal-fmt-150x150.png 150w\" sizes=\"auto, (max-width: 501px) 100vw, 501px\" \/>\t\t\t\t\t\t\t\t\t\t\t<\/div>\n\t\t\t\t\t<\/div>\n\n\t\t<div class=\"box-text text-center\" >\n\t\t\t<div class=\"box-text-inner\">\n\t\t\t\t\n\t<div id=\"text-255866377\" class=\"text\">\n\t\t\n<h4>De\u011ferli Ta\u015f<\/h4>\n\t\t\n<style>\n#text-255866377 {\n  text-align: center;\n}\n<\/style>\n\t<\/div>\n\t\n\t\t\t<\/div>\n\t\t<\/div>\n\t<\/div>\n\t\n\t\t<\/div>\n\t\t\t\t\n<style>\n#col-1146501657 > .col-inner {\n  border-radius: 10px;\n}\n<\/style>\n\t<\/div>\n\n\t\n<\/div>\n\t\t<\/div>\n\t\t\t\t\t<\/div>\n\n\t\n\n\t<div id=\"col-1796543921\" class=\"col medium-3 small-12 large-3\"  >\n\t\t\t\t<div class=\"col-inner\"  >\n\t\t\t\n\t\t\t\n<h2><span style=\"font-size: 80%;\">\u00dcr\u00fcnler<\/span><\/h2>\n<div class=\"nav-wrapper\"><ul class=\"nav nav-uppercase nav-vertical nav-line text-left nav-left\"><li class=><a href=\"https:\/\/universalfmt.com\/tr\/urunler\/yapi-malzemesi\/\">Yap\u0131 Malzemesi<\/a><\/li><li class=><a href=\"https:\/\/universalfmt.com\/tr\/urunler\/gida-ve-gida-urunleri\/\">G\u0131da ve G\u0131da \u00dcr\u00fcnleri<\/a><\/li><li class=><a href=\"https:\/\/universalfmt.com\/tr\/urunler\/mobilya\/\">Mobilya<\/a><\/li><li class=><a href=\"https:\/\/universalfmt.com\/tr\/urunler\/jeneratorler\/\">Jenerat\u00f6rler<\/a><\/li><li class=><a href=\"https:\/\/universalfmt.com\/tr\/urunler\/aydinlatma-ekipmanlari\/\">Ayd\u0131nlatma Ekipmanlar\u0131<\/a><\/li><li class=active><a href=\"https:\/\/universalfmt.com\/tr\/urunler\/mermer\/\">Mermer<\/a><\/li><li class=><a href=\"https:\/\/universalfmt.com\/tr\/urunler\/tibbi-malzemeler\/\">T\u0131bbi Malzemeler<\/a><\/li><li class=><a href=\"https:\/\/universalfmt.com\/tr\/urunler\/gunes-panelleri\/\">G\u00fcne\u015f Panelleri<\/a><\/li><li class=><a href=\"https:\/\/universalfmt.com\/tr\/urunler\/trafo\/\">Trafo<\/a><\/li><\/ul><\/div>\n\t<div id=\"gap-127954322\" class=\"gap-element clearfix\" style=\"display:block; height:auto;\">\n\t\t\n<style>\n#gap-127954322 {\n  padding-top: 20px;\n}\n<\/style>\n\t<\/div>\n\t\n<h2><span style=\"font-size: 80%;\">Bize Ula\u015f\u0131n<\/span><\/h2>\n<div id=\"quform-1ff633\" class=\"quform quform-10 quform-support-page-caching\"><form id=\"quform-form-1ff633\" class=\"quform-form quform-form-10\" action=\"\/tr\/wp-json\/wp\/v2\/pages\/931#quform-1ff633\" method=\"post\" enctype=\"multipart\/form-data\" novalidate=\"novalidate\" data-options=\"{&quot;id&quot;:10,&quot;uniqueId&quot;:&quot;1ff633&quot;,&quot;theme&quot;:&quot;&quot;,&quot;ajax&quot;:true,&quot;logic&quot;:{&quot;logic&quot;:[],&quot;dependents&quot;:[],&quot;elementIds&quot;:[],&quot;dependentElementIds&quot;:[],&quot;animate&quot;:true},&quot;currentPageId&quot;:1,&quot;errorsIcon&quot;:&quot;&quot;,&quot;updateFancybox&quot;:true,&quot;hasPages&quot;:false,&quot;pages&quot;:[1],&quot;pageProgressType&quot;:&quot;numbers&quot;,&quot;tooltipsEnabled&quot;:true,&quot;tooltipClasses&quot;:&quot;qtip-quform-dark qtip-shadow&quot;,&quot;tooltipMy&quot;:&quot;left center&quot;,&quot;tooltipAt&quot;:&quot;right center&quot;,&quot;isRtl&quot;:false,&quot;scrollOffset&quot;:-50,&quot;scrollSpeed&quot;:800}\"><button class=\"quform-default-submit\" name=\"quform_submit\" type=\"submit\" value=\"submit\" aria-hidden=\"true\" tabindex=\"-1\"><\/button><div class=\"quform-form-inner quform-form-inner-10\"><input type=\"hidden\" name=\"quform_form_id\" value=\"10\" \/><input type=\"hidden\" name=\"quform_form_uid\" value=\"1ff633\" \/><input type=\"hidden\" name=\"quform_count\" value=\"1\" \/><input type=\"hidden\" name=\"form_url\" value=\"https:\/\/universalfmt.com\/tr\/wp-json\/wp\/v2\/pages\/931\" \/><input type=\"hidden\" name=\"referring_url\" value=\"\" \/><input type=\"hidden\" name=\"post_id\" value=\"\" \/><input type=\"hidden\" name=\"post_title\" value=\"\" \/><input type=\"hidden\" name=\"quform_current_page_id\" value=\"1\" \/><input type=\"hidden\" name=\"quform_csrf_token\" value=\"9kzq6vS2gDRzLOgeOodIJtRFixVYwuSJBKeAMkmU\" \/><div class=\"quform-elements quform-elements-10 quform-cf quform-responsive-elements-phone-landscape\"><div class=\"quform-element quform-element-page quform-page-1 quform-page-10_1 quform-cf quform-group-style-plain quform-first-page quform-last-page quform-current-page\"><div class=\"quform-child-elements\"><div class=\"quform-element quform-element-text quform-element-10_6 quform-cf quform-element-required\"><div class=\"quform-spacer\"><div class=\"quform-label quform-label-10_6\"><label class=\"quform-label-text\" for=\"quform_10_6_1ff633\">Ad\u0131n\u0131z<span class=\"quform-required\">*<\/span><\/label><\/div><div class=\"quform-inner quform-inner-text quform-inner-10_6\"><div class=\"quform-input quform-input-text quform-input-10_6 quform-cf\"><input type=\"text\" id=\"quform_10_6_1ff633\" name=\"quform_10_6\" class=\"quform-field quform-field-text quform-field-10_6\" \/><\/div><\/div><\/div><\/div><div class=\"quform-element quform-element-text quform-element-10_7 quform-cf quform-element-optional\"><div class=\"quform-spacer\"><div class=\"quform-label quform-label-10_7\"><label class=\"quform-label-text\" for=\"quform_10_7_1ff633\">Telefon<\/label><\/div><div class=\"quform-inner quform-inner-text quform-inner-10_7\"><div class=\"quform-input quform-input-text quform-input-10_7 quform-cf\"><input type=\"text\" id=\"quform_10_7_1ff633\" name=\"quform_10_7\" class=\"quform-field quform-field-text quform-field-10_7\" \/><\/div><\/div><\/div><\/div><div class=\"quform-element quform-element-email quform-element-10_5 quform-cf quform-element-required\"><div class=\"quform-spacer\"><div class=\"quform-label quform-label-10_5\"><label class=\"quform-label-text\" for=\"quform_10_5_1ff633\">E-Mail<span class=\"quform-required\">*<\/span><\/label><\/div><div class=\"quform-inner quform-inner-email quform-inner-10_5\"><div class=\"quform-input quform-input-email quform-input-10_5 quform-cf\"><input type=\"email\" id=\"quform_10_5_1ff633\" name=\"quform_10_5\" class=\"quform-field quform-field-email quform-field-10_5\" \/><\/div><\/div><\/div><\/div><div class=\"quform-element quform-element-captcha quform-element-10_8 quform-cf quform-element-required\"><div class=\"quform-spacer\"><div class=\"quform-label quform-label-10_8\"><label class=\"quform-label-text\" for=\"quform_10_8_1ff633\">L\u00fctfen karakterleri yaz\u0131n<span class=\"quform-required\">*<\/span><\/label><\/div><div class=\"quform-inner quform-inner-captcha quform-inner-10_8\"><div class=\"quform-input quform-input-captcha quform-input-10_8 quform-cf\"><input type=\"text\" id=\"quform_10_8_1ff633\" name=\"quform_10_8\" class=\"quform-field quform-field-captcha quform-field-10_8\" \/><\/div><div class=\"quform-captcha quform-cf\"><div class=\"quform-captcha-image quform-captcha-image-10_8\"><img loading=\"lazy\" decoding=\"async\" class=\"quform-captcha-image-img\" src=\"data:image\/png;base64,iVBORw0KGgoAAAANSUhEUgAAAOYAAABQBAMAAAD\/1xTgAAAAG1BMVEX\/\/\/8iIiKQkJDHx8esrKw9PT10dHRZWVnj4+OYHuhLAAAACXBIWXMAAA7EAAAOxAGVKw4bAAADxklEQVRoge1XwVLbMBB1bMfRMUsJ7hGXhnAkQBmOpDAtx5q2pseYkIFjDZThaFNof7sryXIkJbGdNMl0pn4zQLJY+7Srt6u1YVSoUKFChQoVKlSo8C\/AavdXTXnow6sVU5oAsLEKIvL+UnxsIGeLftg\/KrPSfIjno9yLAMRnBwKAXcNG012JpT1Yn4fxCd3DWvb1jeFD3\/LRhtSF8PAkzmZltIfUO3xS\/DQ9Znytbe764irWlr+Io5gFNKDAg2PJlIDLKDUt\/WImnbSHRt1WBGQ8MyJlq1RGcEO9yVbC0g3ftPVonjnOCIOxVCGY3LUNSvR1cE9+tqEVaw78EqVlbilfvTUamHycBknThVqSrD36jUSwqbrDh4uV24NzWY9dF3+UgDB2LmPUkrw5lta6uj2WjaZRhFDVRg2YjgJ5H2nRJUoEHlvm6AwOwPdCTio0\/zajcCC2dY0mPM4GuIpxfRJnHbQkTQSVCLR20m9kiy5D9EdPNLgUTaUKrB+bjFnLbbdUqXCK1mh3CQSnoXyZ2NwPGQ9hXEMeuAenha0ZdxZsyxeWM6AxSclFMuY5gsFQoSDtsWLkVRvE+Zy4s1iEIq2Vzy7iGexq\/Y925kfVGYG0ZeWT+kz0nkgSGd7QP6EcQI9lwUKJS+mwaGe+15yZKSd8zqNMT6kmxPDCs6q0vxoVLm92Wa+zscndjt00tE8G21FB0zX5kdRF1jxWEUQpFgdccupQpQ0yWwjn6NbSXCf8GuzlV2mdF1\/GGbJQGsoQZGEJwyUwlmwba0c0dq259njWLMgdohJOVhvF+chqoK9yolr8gbLMxwdNvXzCVMiRdOuPwxOabApncIXlKcuWDiZKk2DLEJumbhYThupAR8Qz7wkNOaC3IdYedYWGEPhYZB313CxRTLmcJD3t0UXFIlDmLbS4+pATQhOHpMBT+5Ajppoo7xa1+c7M0YRFOl+DHeWZLtzG+jp6FkzJyn\/qacfCEHJu0Qa\/QpLcXEzonw51\/k6fTbrp1q2xgU1GwmYde\/YXhH36a++tavRS2Zq59cn0ceGXuvWKEabHmOV4IiK4Zjqda\/xWgT1JtIJkeu8jDzH+8xnLb6PEjF6EyO0I2XrTB04T7pl2Dk6m7WoGsGaVpjSnDdmLSSoHv3e+xAYr+umSxFvXjY4XRPo7e8GwQB+TlM11ysyGJfEcsq55sDvWhvUHrxcgH4FDzO8AWsNS742LgtVuPcE874N\/BzaST+jQS8UhE3Denb0EkI\/ImXdnLwV2\/myyHJAPNyvnrFChQoUK\/xH+AJS2lSMn0p3vAAAAAElFTkSuQmCC\" alt=\"CAPTCHA image\" data-element-id=\"8\" width=\"115\" height=\"40\" \/><\/div><\/div><p class=\"quform-description quform-description-below\">Bu, spam'\u0131 \u00f6nlememize yard\u0131mc\u0131 olur, te\u015fekk\u00fcr ederiz.<\/p><\/div><\/div><\/div><div class=\"quform-element quform-element-submit quform-element-10_2 quform-cf quform-button-style-theme\"><div class=\"quform-button-submit quform-button-submit-default quform-button-submit-10_2\"><button name=\"quform_submit\" type=\"submit\" class=\"quform-submit\" value=\"submit\"><span class=\"quform-button-text quform-button-submit-text\">G\u00f6nder<\/span><\/button><\/div><div class=\"quform-loading quform-loading-position-left quform-loading-type-spinner-1\"><div class=\"quform-loading-inner\"><div class=\"quform-loading-spinner\"><div class=\"quform-loading-spinner-inner\"><\/div><\/div><\/div><\/div><\/div><div class=\"quform-element-tree\"><label for=\"quform_10_0_1ff633\">This field should be left blank<\/label><input type=\"text\" id=\"quform_10_0_1ff633\" name=\"quform_10_0\" class=\"quform-field quform-field-tree quform-field-10_0\" tabindex=\"-1\" autocomplete=\"off\" \/><\/div><\/div><\/div><\/div><\/div><\/form><\/div>\n\t\t<\/div>\n\t\t\t\t\t<\/div>\n\n\t\n<\/div>\n\t\t<\/div>\n\n\t\t\n<style>\n#section_1663813141 {\n  padding-top: 30px;\n  padding-bottom: 30px;\n}\n<\/style>\n\t<\/section>\n\t\n","protected":false},"excerpt":{"rendered":"","protected":false},"author":1,"featured_media":0,"parent":901,"menu_order":0,"comment_status":"closed","ping_status":"closed","template":"page-blank.php","meta":{"footnotes":""},"class_list":["post-931","page","type-page","status-publish","hentry"],"_links":{"self":[{"href":"https:\/\/universalfmt.com\/tr\/wp-json\/wp\/v2\/pages\/931","targetHints":{"allow":["GET"]}}],"collection":[{"href":"https:\/\/universalfmt.com\/tr\/wp-json\/wp\/v2\/pages"}],"about":[{"href":"https:\/\/universalfmt.com\/tr\/wp-json\/wp\/v2\/types\/page"}],"author":[{"embeddable":true,"href":"https:\/\/universalfmt.com\/tr\/wp-json\/wp\/v2\/users\/1"}],"replies":[{"embeddable":true,"href":"https:\/\/universalfmt.com\/tr\/wp-json\/wp\/v2\/comments?post=931"}],"version-history":[{"count":6,"href":"https:\/\/universalfmt.com\/tr\/wp-json\/wp\/v2\/pages\/931\/revisions"}],"predecessor-version":[{"id":962,"href":"https:\/\/universalfmt.com\/tr\/wp-json\/wp\/v2\/pages\/931\/revisions\/962"}],"up":[{"embeddable":true,"href":"https:\/\/universalfmt.com\/tr\/wp-json\/wp\/v2\/pages\/901"}],"wp:attachment":[{"href":"https:\/\/universalfmt.com\/tr\/wp-json\/wp\/v2\/media?parent=931"}],"curies":[{"name":"wp","href":"https:\/\/api.w.org\/{rel}","templated":true}]}}