{"id":910,"date":"2024-03-26T11:51:35","date_gmt":"2024-03-26T11:51:35","guid":{"rendered":"https:\/\/universalfmt.com\/urunler\/gida-ve-gida-urunleri\/"},"modified":"2024-04-05T10:21:16","modified_gmt":"2024-04-05T10:21:16","slug":"gida-ve-gida-urunleri","status":"publish","type":"page","link":"https:\/\/universalfmt.com\/tr\/urunler\/gida-ve-gida-urunleri\/","title":{"rendered":"G\u0131da ve G\u0131da \u00dcr\u00fcnleri"},"content":{"rendered":"  <div id=\"page-header-1802709997\" class=\"page-header-wrapper\">\n  <div class=\"page-title dark featured-title\">\n\n    \n    <div class=\"page-title-inner container align-center text-center flex-row-col medium-flex-wrap\" >\n              <div class=\"title-wrapper flex-col\">\n          <h1 class=\"entry-title mb-0\">\n            G\u0131da ve G\u0131da \u00dcr\u00fcnleri          <\/h1>\n        <\/div>\n                    <div class=\"title-content flex-col\">\n        <ul class=\"nav sm-touch-scroll nav-line nav-uppercase text-center nav-center\"><li class=\"nav-single-page hidden\"><\/li><\/ul>      <\/div>\n    <\/div>\n\n       <\/div>\n    <\/div>\n  \n\t<section class=\"section\" id=\"section_312405244\">\n\t\t<div class=\"bg section-bg fill bg-fill  bg-loaded\" >\n\n\t\t\t\n\t\t\t\n\t\t\t\n\n\t\t<\/div>\n\n\t\t\n\n\t\t<div class=\"section-content relative\">\n\t\t\t\n<div class=\"row row-divided\"  id=\"row-266390568\">\n\n\t<div id=\"col-1363908344\" class=\"col medium-9 small-12 large-9\"  >\n\t\t\t\t<div class=\"col-inner\"  >\n\t\t\t\n\t\t\t\n<div class=\"row align-equal align-center\"  id=\"row-1184647392\">\n\n\t<div id=\"col-406738603\" class=\"col medium-4 small-6 large-4\"  >\n\t\t\t\t<div class=\"col-inner\" style=\"background-color:rgb(251, 251, 251);\" >\n\t\t\t\n\t\t\t\n\t<div class=\"box has-hover   has-hover box-text-bottom\" >\n\n\t\t<div class=\"box-image\" style=\"width:70%;\">\n\t\t\t\t\t\t<div class=\"\" >\n\t\t\t\t<img loading=\"lazy\" decoding=\"async\" width=\"501\" height=\"501\" src=\"https:\/\/universalfmt.com\/wp-content\/uploads\/2024\/04\/white-meat-universal-fmt.png\" class=\"attachment-original size-original\" alt=\"\" srcset=\"https:\/\/universalfmt.com\/wp-content\/uploads\/2024\/04\/white-meat-universal-fmt.png 501w, https:\/\/universalfmt.com\/wp-content\/uploads\/2024\/04\/white-meat-universal-fmt-300x300.png 300w, https:\/\/universalfmt.com\/wp-content\/uploads\/2024\/04\/white-meat-universal-fmt-150x150.png 150w\" sizes=\"auto, (max-width: 501px) 100vw, 501px\" \/>\t\t\t\t\t\t\t\t\t\t\t<\/div>\n\t\t\t\t\t<\/div>\n\n\t\t<div class=\"box-text text-center\" >\n\t\t\t<div class=\"box-text-inner\">\n\t\t\t\t\n\t<div id=\"text-1984446662\" class=\"text\">\n\t\t\n<h4>Tavuk Ve Beyaz Et<\/h4>\n\t\t\n<style>\n#text-1984446662 {\n  text-align: center;\n}\n<\/style>\n\t<\/div>\n\t\n\t\t\t<\/div>\n\t\t<\/div>\n\t<\/div>\n\t\n\t\t<\/div>\n\t\t\t\t\n<style>\n#col-406738603 > .col-inner {\n  border-radius: 10px;\n}\n<\/style>\n\t<\/div>\n\n\t\n\n\t<div id=\"col-1150971386\" class=\"col medium-4 small-6 large-4\"  >\n\t\t\t\t<div class=\"col-inner\" style=\"background-color:rgb(251, 251, 251);\" >\n\t\t\t\n\t\t\t\n\t<div class=\"box has-hover   has-hover box-text-bottom\" >\n\n\t\t<div class=\"box-image\" style=\"width:70%;\">\n\t\t\t\t\t\t<div class=\"\" >\n\t\t\t\t<img loading=\"lazy\" decoding=\"async\" width=\"501\" height=\"501\" src=\"https:\/\/universalfmt.com\/wp-content\/uploads\/2024\/04\/milk-universal-fmt.png\" class=\"attachment-original size-original\" alt=\"\" srcset=\"https:\/\/universalfmt.com\/wp-content\/uploads\/2024\/04\/milk-universal-fmt.png 501w, https:\/\/universalfmt.com\/wp-content\/uploads\/2024\/04\/milk-universal-fmt-300x300.png 300w, https:\/\/universalfmt.com\/wp-content\/uploads\/2024\/04\/milk-universal-fmt-150x150.png 150w\" sizes=\"auto, (max-width: 501px) 100vw, 501px\" \/>\t\t\t\t\t\t\t\t\t\t\t<\/div>\n\t\t\t\t\t<\/div>\n\n\t\t<div class=\"box-text text-center\" >\n\t\t\t<div class=\"box-text-inner\">\n\t\t\t\t\n\t<div id=\"text-3884560135\" class=\"text\">\n\t\t\n<h4>S\u00fct ve S\u00fct \u00dcr\u00fcnleri<\/h4>\n\t\t\n<style>\n#text-3884560135 {\n  text-align: center;\n}\n<\/style>\n\t<\/div>\n\t\n\t\t\t<\/div>\n\t\t<\/div>\n\t<\/div>\n\t\n\t\t<\/div>\n\t\t\t\t\n<style>\n#col-1150971386 > .col-inner {\n  border-radius: 10px;\n}\n<\/style>\n\t<\/div>\n\n\t\n\n\t<div id=\"col-606022013\" class=\"col medium-4 small-6 large-4\"  >\n\t\t\t\t<div class=\"col-inner\" style=\"background-color:rgb(251, 251, 251);\" >\n\t\t\t\n\t\t\t\n\t<div class=\"box has-hover   has-hover box-text-bottom\" >\n\n\t\t<div class=\"box-image\" style=\"width:70%;\">\n\t\t\t\t\t\t<div class=\"\" >\n\t\t\t\t<img loading=\"lazy\" decoding=\"async\" width=\"501\" height=\"501\" src=\"https:\/\/universalfmt.com\/wp-content\/uploads\/2024\/04\/pasta-universal-fmt.png\" class=\"attachment-original size-original\" alt=\"\" srcset=\"https:\/\/universalfmt.com\/wp-content\/uploads\/2024\/04\/pasta-universal-fmt.png 501w, https:\/\/universalfmt.com\/wp-content\/uploads\/2024\/04\/pasta-universal-fmt-300x300.png 300w, https:\/\/universalfmt.com\/wp-content\/uploads\/2024\/04\/pasta-universal-fmt-150x150.png 150w\" sizes=\"auto, (max-width: 501px) 100vw, 501px\" \/>\t\t\t\t\t\t\t\t\t\t\t<\/div>\n\t\t\t\t\t<\/div>\n\n\t\t<div class=\"box-text text-center\" >\n\t\t\t<div class=\"box-text-inner\">\n\t\t\t\t\n\t<div id=\"text-1095505044\" class=\"text\">\n\t\t\n<h4>Makarna<\/h4>\n\t\t\n<style>\n#text-1095505044 {\n  text-align: center;\n}\n<\/style>\n\t<\/div>\n\t\n\t\t\t<\/div>\n\t\t<\/div>\n\t<\/div>\n\t\n\t\t<\/div>\n\t\t\t\t\n<style>\n#col-606022013 > .col-inner {\n  border-radius: 10px;\n}\n<\/style>\n\t<\/div>\n\n\t\n\n\t<div id=\"col-1351515101\" class=\"col medium-4 small-6 large-4\"  >\n\t\t\t\t<div class=\"col-inner\" style=\"background-color:rgb(251, 251, 251);\" >\n\t\t\t\n\t\t\t\n\t<div class=\"box has-hover   has-hover box-text-bottom\" >\n\n\t\t<div class=\"box-image\" style=\"width:70%;\">\n\t\t\t\t\t\t<div class=\"\" >\n\t\t\t\t<img loading=\"lazy\" decoding=\"async\" width=\"501\" height=\"501\" src=\"https:\/\/universalfmt.com\/wp-content\/uploads\/2024\/04\/energy-drink-universal-fmt.png\" class=\"attachment-original size-original\" alt=\"\" srcset=\"https:\/\/universalfmt.com\/wp-content\/uploads\/2024\/04\/energy-drink-universal-fmt.png 501w, https:\/\/universalfmt.com\/wp-content\/uploads\/2024\/04\/energy-drink-universal-fmt-300x300.png 300w, https:\/\/universalfmt.com\/wp-content\/uploads\/2024\/04\/energy-drink-universal-fmt-150x150.png 150w\" sizes=\"auto, (max-width: 501px) 100vw, 501px\" \/>\t\t\t\t\t\t\t\t\t\t\t<\/div>\n\t\t\t\t\t<\/div>\n\n\t\t<div class=\"box-text text-center\" >\n\t\t\t<div class=\"box-text-inner\">\n\t\t\t\t\n\t<div id=\"text-3862465279\" class=\"text\">\n\t\t\n<h4>Enerji \u0130\u00e7ece\u011fi<\/h4>\n\t\t\n<style>\n#text-3862465279 {\n  text-align: center;\n}\n<\/style>\n\t<\/div>\n\t\n\t\t\t<\/div>\n\t\t<\/div>\n\t<\/div>\n\t\n\t\t<\/div>\n\t\t\t\t\n<style>\n#col-1351515101 > .col-inner {\n  border-radius: 10px;\n}\n<\/style>\n\t<\/div>\n\n\t\n\n\t<div id=\"col-721949778\" class=\"col medium-4 small-6 large-4\"  >\n\t\t\t\t<div class=\"col-inner\" style=\"background-color:rgb(251, 251, 251);\" >\n\t\t\t\n\t\t\t\n\t<div class=\"box has-hover   has-hover box-text-bottom\" >\n\n\t\t<div class=\"box-image\" style=\"width:70%;\">\n\t\t\t\t\t\t<div class=\"\" >\n\t\t\t\t<img loading=\"lazy\" decoding=\"async\" width=\"501\" height=\"501\" src=\"https:\/\/universalfmt.com\/wp-content\/uploads\/2024\/04\/oil-universal-fmt.png\" class=\"attachment-original size-original\" alt=\"\" srcset=\"https:\/\/universalfmt.com\/wp-content\/uploads\/2024\/04\/oil-universal-fmt.png 501w, https:\/\/universalfmt.com\/wp-content\/uploads\/2024\/04\/oil-universal-fmt-300x300.png 300w, https:\/\/universalfmt.com\/wp-content\/uploads\/2024\/04\/oil-universal-fmt-150x150.png 150w\" sizes=\"auto, (max-width: 501px) 100vw, 501px\" \/>\t\t\t\t\t\t\t\t\t\t\t<\/div>\n\t\t\t\t\t<\/div>\n\n\t\t<div class=\"box-text text-center\" >\n\t\t\t<div class=\"box-text-inner\">\n\t\t\t\t\n\t<div id=\"text-2802483295\" class=\"text\">\n\t\t\n<h4>Ya\u011f<\/h4>\n\t\t\n<style>\n#text-2802483295 {\n  text-align: center;\n}\n<\/style>\n\t<\/div>\n\t\n\t\t\t<\/div>\n\t\t<\/div>\n\t<\/div>\n\t\n\t\t<\/div>\n\t\t\t\t\n<style>\n#col-721949778 > .col-inner {\n  border-radius: 10px;\n}\n<\/style>\n\t<\/div>\n\n\t\n\n\t<div id=\"col-2128246309\" class=\"col small-12 large-12\"  >\n\t\t\t\t<div class=\"col-inner\"  >\n\t\t\t\n\t\t\t\n<h4>Kataloglar<\/h4>\n<ul>\n<li class=\"bullet-arrow\"><a href=\"https:\/\/universalfmt.com\/wp-content\/uploads\/2024\/03\/oriks-catalog.pdf\" target=\"_blank\" rel=\"noopener\">Oriks Coffee Katalog<\/a><\/li>\n<li class=\"bullet-arrow\"><a href=\"https:\/\/universalfmt.com\/wp-content\/uploads\/2024\/03\/cotanak-pdf-universal-fmt.pdf\" target=\"_blank\" rel=\"noopener\">Cotanak Katalog<\/a><\/li>\n<li class=\"bullet-arrow\"><a href=\"https:\/\/universalfmt.com\/wp-content\/uploads\/2024\/03\/meridyen-universal-fmt.pdf\" target=\"_blank\" rel=\"noopener\">Meridyen G\u0131da Katalog<\/a><\/li>\n<\/ul>\n\t\t<\/div>\n\t\t\t\t\n<style>\n#col-2128246309 > .col-inner {\n  padding: 10px 10px 10px 0px;\n}\n<\/style>\n\t<\/div>\n\n\t\n<\/div>\n\t\t<\/div>\n\t\t\t\t\t<\/div>\n\n\t\n\n\t<div id=\"col-433120944\" class=\"col medium-3 small-12 large-3\"  >\n\t\t\t\t<div class=\"col-inner\"  >\n\t\t\t\n\t\t\t\n<h2><span style=\"font-size: 80%;\">\u00dcr\u00fcnler<\/span><\/h2>\n<div class=\"nav-wrapper\"><ul class=\"nav nav-uppercase nav-vertical nav-line text-left nav-left\"><li class=><a href=\"https:\/\/universalfmt.com\/tr\/urunler\/yapi-malzemesi\/\">Yap\u0131 Malzemesi<\/a><\/li><li class=active><a href=\"https:\/\/universalfmt.com\/tr\/urunler\/gida-ve-gida-urunleri\/\">G\u0131da ve G\u0131da \u00dcr\u00fcnleri<\/a><\/li><li class=><a href=\"https:\/\/universalfmt.com\/tr\/urunler\/mobilya\/\">Mobilya<\/a><\/li><li class=><a href=\"https:\/\/universalfmt.com\/tr\/urunler\/jeneratorler\/\">Jenerat\u00f6rler<\/a><\/li><li class=><a href=\"https:\/\/universalfmt.com\/tr\/urunler\/aydinlatma-ekipmanlari\/\">Ayd\u0131nlatma Ekipmanlar\u0131<\/a><\/li><li class=><a href=\"https:\/\/universalfmt.com\/tr\/urunler\/mermer\/\">Mermer<\/a><\/li><li class=><a href=\"https:\/\/universalfmt.com\/tr\/urunler\/tibbi-malzemeler\/\">T\u0131bbi Malzemeler<\/a><\/li><li class=><a href=\"https:\/\/universalfmt.com\/tr\/urunler\/gunes-panelleri\/\">G\u00fcne\u015f Panelleri<\/a><\/li><li class=><a href=\"https:\/\/universalfmt.com\/tr\/urunler\/trafo\/\">Trafo<\/a><\/li><\/ul><\/div>\n\t<div id=\"gap-520376464\" class=\"gap-element clearfix\" style=\"display:block; height:auto;\">\n\t\t\n<style>\n#gap-520376464 {\n  padding-top: 20px;\n}\n<\/style>\n\t<\/div>\n\t\n<h2><span style=\"font-size: 80%;\">Bize Ula\u015f\u0131n<\/span><\/h2>\n<div id=\"quform-69e385\" class=\"quform quform-10 quform-support-page-caching\"><form id=\"quform-form-69e385\" class=\"quform-form quform-form-10\" action=\"\/tr\/wp-json\/wp\/v2\/pages\/910#quform-69e385\" method=\"post\" enctype=\"multipart\/form-data\" novalidate=\"novalidate\" data-options=\"{&quot;id&quot;:10,&quot;uniqueId&quot;:&quot;69e385&quot;,&quot;theme&quot;:&quot;&quot;,&quot;ajax&quot;:true,&quot;logic&quot;:{&quot;logic&quot;:[],&quot;dependents&quot;:[],&quot;elementIds&quot;:[],&quot;dependentElementIds&quot;:[],&quot;animate&quot;:true},&quot;currentPageId&quot;:1,&quot;errorsIcon&quot;:&quot;&quot;,&quot;updateFancybox&quot;:true,&quot;hasPages&quot;:false,&quot;pages&quot;:[1],&quot;pageProgressType&quot;:&quot;numbers&quot;,&quot;tooltipsEnabled&quot;:true,&quot;tooltipClasses&quot;:&quot;qtip-quform-dark qtip-shadow&quot;,&quot;tooltipMy&quot;:&quot;left center&quot;,&quot;tooltipAt&quot;:&quot;right center&quot;,&quot;isRtl&quot;:false,&quot;scrollOffset&quot;:-50,&quot;scrollSpeed&quot;:800}\"><button class=\"quform-default-submit\" name=\"quform_submit\" type=\"submit\" value=\"submit\" aria-hidden=\"true\" tabindex=\"-1\"><\/button><div class=\"quform-form-inner quform-form-inner-10\"><input type=\"hidden\" name=\"quform_form_id\" value=\"10\" \/><input type=\"hidden\" name=\"quform_form_uid\" value=\"69e385\" \/><input type=\"hidden\" name=\"quform_count\" value=\"1\" \/><input type=\"hidden\" name=\"form_url\" value=\"https:\/\/universalfmt.com\/tr\/wp-json\/wp\/v2\/pages\/910\" \/><input type=\"hidden\" name=\"referring_url\" value=\"\" \/><input type=\"hidden\" name=\"post_id\" value=\"\" \/><input type=\"hidden\" name=\"post_title\" value=\"\" \/><input type=\"hidden\" name=\"quform_current_page_id\" value=\"1\" \/><input type=\"hidden\" name=\"quform_csrf_token\" value=\"dJ6ZzFjeFadpEhgOvMDMNVLQfJHX5sypDj4hmEaQ\" \/><div class=\"quform-elements quform-elements-10 quform-cf quform-responsive-elements-phone-landscape\"><div class=\"quform-element quform-element-page quform-page-1 quform-page-10_1 quform-cf quform-group-style-plain quform-first-page quform-last-page quform-current-page\"><div class=\"quform-child-elements\"><div class=\"quform-element quform-element-text quform-element-10_6 quform-cf quform-element-required\"><div class=\"quform-spacer\"><div class=\"quform-label quform-label-10_6\"><label class=\"quform-label-text\" for=\"quform_10_6_69e385\">Ad\u0131n\u0131z<span class=\"quform-required\">*<\/span><\/label><\/div><div class=\"quform-inner quform-inner-text quform-inner-10_6\"><div class=\"quform-input quform-input-text quform-input-10_6 quform-cf\"><input type=\"text\" id=\"quform_10_6_69e385\" name=\"quform_10_6\" class=\"quform-field quform-field-text quform-field-10_6\" \/><\/div><\/div><\/div><\/div><div class=\"quform-element quform-element-text quform-element-10_7 quform-cf quform-element-optional\"><div class=\"quform-spacer\"><div class=\"quform-label quform-label-10_7\"><label class=\"quform-label-text\" for=\"quform_10_7_69e385\">Telefon<\/label><\/div><div class=\"quform-inner quform-inner-text quform-inner-10_7\"><div class=\"quform-input quform-input-text quform-input-10_7 quform-cf\"><input type=\"text\" id=\"quform_10_7_69e385\" name=\"quform_10_7\" class=\"quform-field quform-field-text quform-field-10_7\" \/><\/div><\/div><\/div><\/div><div class=\"quform-element quform-element-email quform-element-10_5 quform-cf quform-element-required\"><div class=\"quform-spacer\"><div class=\"quform-label quform-label-10_5\"><label class=\"quform-label-text\" for=\"quform_10_5_69e385\">E-Mail<span class=\"quform-required\">*<\/span><\/label><\/div><div class=\"quform-inner quform-inner-email quform-inner-10_5\"><div class=\"quform-input quform-input-email quform-input-10_5 quform-cf\"><input type=\"email\" id=\"quform_10_5_69e385\" name=\"quform_10_5\" class=\"quform-field quform-field-email quform-field-10_5\" \/><\/div><\/div><\/div><\/div><div class=\"quform-element quform-element-captcha quform-element-10_8 quform-cf quform-element-required\"><div class=\"quform-spacer\"><div class=\"quform-label quform-label-10_8\"><label class=\"quform-label-text\" for=\"quform_10_8_69e385\">L\u00fctfen karakterleri yaz\u0131n<span class=\"quform-required\">*<\/span><\/label><\/div><div class=\"quform-inner quform-inner-captcha quform-inner-10_8\"><div class=\"quform-input quform-input-captcha quform-input-10_8 quform-cf\"><input type=\"text\" id=\"quform_10_8_69e385\" name=\"quform_10_8\" class=\"quform-field quform-field-captcha quform-field-10_8\" \/><\/div><div class=\"quform-captcha quform-cf\"><div class=\"quform-captcha-image quform-captcha-image-10_8\"><img loading=\"lazy\" decoding=\"async\" class=\"quform-captcha-image-img\" src=\"data:image\/png;base64,iVBORw0KGgoAAAANSUhEUgAAAOYAAABQBAMAAAD\/1xTgAAAAG1BMVEX\/\/\/8iIiLj4+PHx8c9PT1ZWVl0dHSQkJCsrKxSo0oHAAAACXBIWXMAAA7EAAAOxAGVKw4bAAAD2UlEQVRoge1Xv1fbMBBO5CT22CtOYLT5UTKS9JUw1oWBEZc0MMZteWWMoUDGhNfX1z+7ku5ky0nAsmlY6m+AWJb03Ul3351rtQoVKlSoUOH\/gxWNX5tyP4CtV6b8AADt16V0QMBbP9H+tK9+tiTnbP2cIYD7FX9yP38CnK2fU7i2qfi3bIC36+cMNE7Ls8A4cFl5zsNRyilNMArc\/ashjMuT8hvdSB9io8CVEf6SSwi01awHMMlf0hScG\/nzVmFH5AnAG3q07sReBoFri3mlFMuKuOzcsITFCcDwzFhwGepRYAwWSYr3QNFgIaXhXnEpzl2kaKsbjIEGDDk7JTiFWyeS5UA8iju6\/hOZKu68TDXgHO6s1g0UyRzgMz\/w0CRwt\/u1XhlOH2NHnLB8DvCwGgAfc1Y63K7NHrjFOWNwPf6Ph61c7BCXnZt4FN5kaiGoliBC\/5p0plZu4EZQlpOpM4yQo06hxG3JHBp772UXCg1yhwbVfWmlOEuUghD99dUesSKX6IbQPsgs5O9PsY3Jji+B3\/goy2qr+CS5TTh90CpGa0kkGCVwlMsp7mAyeJimvAknya2v9mim+tsNQ5nCs6yt0sZGbhcTU\/63k3mKU92rr\/ZwEvXeE05O+FpdgVWsNXPz2P6uhE156qRxekZ2j2vkOGV7hIJvZ1SuTnfQMtAOpaaf6FlxOcTVSgoKTz+PPfIf8za+C\/Ss8CmsbchvFLjRnQfubWIzcdh0pk4SK5zzRyA2trxQvov1aFGa5xgU2kDKjtZ6RLi4keYlvsLOGg2J5fn19FNUnFa+RpJbTnoLmBNC09GKmAynEneAc8byb4bTNeVkRBYktyDqyu1RlGjYLgYYQzU9l2NNua+vZ4XKY5am1FNwyPIwvXkVVW4ygwsMk6PtGzUm0mau32dd5VR+E2MnFWuiDSFGyCBcdsVz58KjKUwYxAJdgJsqXvMbvxa5o6vHO0WKp6Vs0PU1hPPtOLO5Q\/4ZdPwNTBIrK+B3AQRJwNR+ScqOLqPzNIYVSDKa+c1aHWc4SxXIGaZVSbS3F5n3vqA8ziyIkx7GvV+oGwvw8STsFZWWDW7Vz53lYum6l4tD4E6PqHCPn+Ps4aU0C3ZOznKgsABSPCtFMWZTo2hXumL+nsb5jMwfTiNUjXrR7jty7ePFMYy1i5PR9PHphZaYcyq+h\/yiXzY9iJY9HVyNrvsrJuugzJt1+37Br8ZBbzFsTUGl4kzcfrGvRoBSnyUCIvkBvqG8zgosDIw+gZ+kvf\/iobt55SCzaqlHLYrDYVHOf4Gd38OXHFaFChUqVKhQoUJp\/AXswZd+OLjrSwAAAABJRU5ErkJggg==\" alt=\"CAPTCHA image\" data-element-id=\"8\" width=\"115\" height=\"40\" \/><\/div><\/div><p class=\"quform-description quform-description-below\">Bu, spam'\u0131 \u00f6nlememize yard\u0131mc\u0131 olur, te\u015fekk\u00fcr ederiz.<\/p><\/div><\/div><\/div><div class=\"quform-element quform-element-submit quform-element-10_2 quform-cf quform-button-style-theme\"><div class=\"quform-button-submit quform-button-submit-default quform-button-submit-10_2\"><button name=\"quform_submit\" type=\"submit\" class=\"quform-submit\" value=\"submit\"><span class=\"quform-button-text quform-button-submit-text\">G\u00f6nder<\/span><\/button><\/div><div class=\"quform-loading quform-loading-position-left quform-loading-type-spinner-1\"><div class=\"quform-loading-inner\"><div class=\"quform-loading-spinner\"><div class=\"quform-loading-spinner-inner\"><\/div><\/div><\/div><\/div><\/div><div class=\"quform-element-tree\"><label for=\"quform_10_0_69e385\">This field should be left blank<\/label><input type=\"text\" id=\"quform_10_0_69e385\" name=\"quform_10_0\" class=\"quform-field quform-field-tree quform-field-10_0\" tabindex=\"-1\" autocomplete=\"off\" \/><\/div><\/div><\/div><\/div><\/div><\/form><\/div>\n\t\t<\/div>\n\t\t\t\t\t<\/div>\n\n\t\n<\/div>\n\t\t<\/div>\n\n\t\t\n<style>\n#section_312405244 {\n  padding-top: 30px;\n  padding-bottom: 30px;\n}\n<\/style>\n\t<\/section>\n\t\n","protected":false},"excerpt":{"rendered":"","protected":false},"author":1,"featured_media":0,"parent":901,"menu_order":0,"comment_status":"closed","ping_status":"closed","template":"page-blank.php","meta":{"footnotes":""},"class_list":["post-910","page","type-page","status-publish","hentry"],"_links":{"self":[{"href":"https:\/\/universalfmt.com\/tr\/wp-json\/wp\/v2\/pages\/910","targetHints":{"allow":["GET"]}}],"collection":[{"href":"https:\/\/universalfmt.com\/tr\/wp-json\/wp\/v2\/pages"}],"about":[{"href":"https:\/\/universalfmt.com\/tr\/wp-json\/wp\/v2\/types\/page"}],"author":[{"embeddable":true,"href":"https:\/\/universalfmt.com\/tr\/wp-json\/wp\/v2\/users\/1"}],"replies":[{"embeddable":true,"href":"https:\/\/universalfmt.com\/tr\/wp-json\/wp\/v2\/comments?post=910"}],"version-history":[{"count":6,"href":"https:\/\/universalfmt.com\/tr\/wp-json\/wp\/v2\/pages\/910\/revisions"}],"predecessor-version":[{"id":959,"href":"https:\/\/universalfmt.com\/tr\/wp-json\/wp\/v2\/pages\/910\/revisions\/959"}],"up":[{"embeddable":true,"href":"https:\/\/universalfmt.com\/tr\/wp-json\/wp\/v2\/pages\/901"}],"wp:attachment":[{"href":"https:\/\/universalfmt.com\/tr\/wp-json\/wp\/v2\/media?parent=910"}],"curies":[{"name":"wp","href":"https:\/\/api.w.org\/{rel}","templated":true}]}}