{"id":901,"date":"2024-03-22T12:44:38","date_gmt":"2024-03-22T12:44:38","guid":{"rendered":"https:\/\/universalfmt.com\/urunler\/"},"modified":"2024-04-05T10:20:12","modified_gmt":"2024-04-05T10:20:12","slug":"urunler","status":"publish","type":"page","link":"https:\/\/universalfmt.com\/tr\/urunler\/","title":{"rendered":"\u00dcr\u00fcnler"},"content":{"rendered":"  <div id=\"page-header-1755889006\" class=\"page-header-wrapper\">\n  <div class=\"page-title dark featured-title\">\n\n    \n    <div class=\"page-title-inner container align-center text-center flex-row-col medium-flex-wrap\" >\n              <div class=\"title-wrapper flex-col\">\n          <h1 class=\"entry-title mb-0\">\n            \u00dcr\u00fcnler          <\/h1>\n        <\/div>\n                    <div class=\"title-content flex-col\">\n        <ul class=\"nav sm-touch-scroll nav-line nav-uppercase text-center nav-center\"><li class=\"nav-single-page hidden\"><\/li><\/ul>      <\/div>\n    <\/div>\n\n       <\/div>\n    <\/div>\n  \n\t<section class=\"section\" id=\"section_437791845\">\n\t\t<div class=\"bg section-bg fill bg-fill  bg-loaded\" >\n\n\t\t\t\n\t\t\t\n\t\t\t\n\n\t\t<\/div>\n\n\t\t\n\n\t\t<div class=\"section-content relative\">\n\t\t\t\n<div class=\"row row-divided\"  id=\"row-2113132582\">\n\n\t<div id=\"col-1083861637\" class=\"col medium-9 small-12 large-9\"  >\n\t\t\t\t<div class=\"col-inner\"  >\n\t\t\t\n\t\t\t\n<div class=\"row align-equal\"  id=\"row-969103729\">\n\n\t<div id=\"col-1338561443\" class=\"col medium-4 small-6 large-4\"  >\n\t\t\t\t<div class=\"col-inner\" style=\"background-color:rgb(251, 251, 251);\" >\n\t\t\t\n\t\t\t\n\t<div class=\"box has-hover   has-hover box-text-bottom\" >\n\n\t\t<div class=\"box-image\" style=\"width:70%;\">\n\t\t\t<a href=\"https:\/\/universalfmt.com\/tr\/urunler\/aydinlatma-ekipmanlari\/\" >\t\t\t<div class=\"\" >\n\t\t\t\t<img loading=\"lazy\" decoding=\"async\" width=\"501\" height=\"501\" src=\"https:\/\/universalfmt.com\/wp-content\/uploads\/2024\/03\/universal-aydinlatma-icon.png\" class=\"attachment-original size-original\" alt=\"\" srcset=\"https:\/\/universalfmt.com\/wp-content\/uploads\/2024\/03\/universal-aydinlatma-icon.png 501w, https:\/\/universalfmt.com\/wp-content\/uploads\/2024\/03\/universal-aydinlatma-icon-300x300.png 300w, https:\/\/universalfmt.com\/wp-content\/uploads\/2024\/03\/universal-aydinlatma-icon-150x150.png 150w\" sizes=\"auto, (max-width: 501px) 100vw, 501px\" \/>\t\t\t\t\t\t\t\t\t\t\t<\/div>\n\t\t\t<\/a>\t\t<\/div>\n\n\t\t<div class=\"box-text text-center\" >\n\t\t\t<div class=\"box-text-inner\">\n\t\t\t\t\n\t<div id=\"text-2598906976\" class=\"text\">\n\t\t\n<h4>Ayd\u0131nlatma Ekipmanlar\u0131<\/h4>\n\t\t\n<style>\n#text-2598906976 {\n  text-align: center;\n  color: #104547;\n}\n#text-2598906976 > * {\n  color: #104547;\n}\n<\/style>\n\t<\/div>\n\t\n\t\t\t<\/div>\n\t\t<\/div>\n\t<\/div>\n\t\n\t\t<\/div>\n\t\t\t\t\n<style>\n#col-1338561443 > .col-inner {\n  border-radius: 10px;\n}\n<\/style>\n\t<\/div>\n\n\t\n\n\t<div id=\"col-1701819464\" class=\"col medium-4 small-6 large-4\"  >\n\t\t\t\t<div class=\"col-inner\" style=\"background-color:rgb(251, 251, 251);\" >\n\t\t\t\n\t\t\t\n\t<div class=\"box has-hover   has-hover box-text-bottom\" >\n\n\t\t<div class=\"box-image\" style=\"width:70%;\">\n\t\t\t<a href=\"https:\/\/universalfmt.com\/tr\/urunler\/gunes-panelleri\/\" >\t\t\t<div class=\"\" >\n\t\t\t\t<img loading=\"lazy\" decoding=\"async\" width=\"501\" height=\"501\" src=\"https:\/\/universalfmt.com\/wp-content\/uploads\/2024\/03\/universal-solar-icon.png\" class=\"attachment-original size-original\" alt=\"\" srcset=\"https:\/\/universalfmt.com\/wp-content\/uploads\/2024\/03\/universal-solar-icon.png 501w, https:\/\/universalfmt.com\/wp-content\/uploads\/2024\/03\/universal-solar-icon-300x300.png 300w, https:\/\/universalfmt.com\/wp-content\/uploads\/2024\/03\/universal-solar-icon-150x150.png 150w\" sizes=\"auto, (max-width: 501px) 100vw, 501px\" \/>\t\t\t\t\t\t\t\t\t\t\t<\/div>\n\t\t\t<\/a>\t\t<\/div>\n\n\t\t<div class=\"box-text text-center\" >\n\t\t\t<div class=\"box-text-inner\">\n\t\t\t\t\n\t<div id=\"text-2375073996\" class=\"text\">\n\t\t\n<h4>G\u00fcne\u015f Panelleri<\/h4>\n\t\t\n<style>\n#text-2375073996 {\n  text-align: center;\n  color: #104547;\n}\n#text-2375073996 > * {\n  color: #104547;\n}\n<\/style>\n\t<\/div>\n\t\n\t\t\t<\/div>\n\t\t<\/div>\n\t<\/div>\n\t\n\t\t<\/div>\n\t\t\t\t\n<style>\n#col-1701819464 > .col-inner {\n  border-radius: 10px;\n}\n<\/style>\n\t<\/div>\n\n\t\n\n\t<div id=\"col-1068870014\" class=\"col medium-4 small-6 large-4\"  >\n\t\t\t\t<div class=\"col-inner\" style=\"background-color:rgb(251, 251, 251);\" >\n\t\t\t\n\t\t\t\n\t<div class=\"box has-hover   has-hover box-text-bottom\" >\n\n\t\t<div class=\"box-image\" style=\"width:70%;\">\n\t\t\t<a href=\"https:\/\/universalfmt.com\/tr\/urunler\/gida-ve-gida-urunleri\/\" >\t\t\t<div class=\"\" >\n\t\t\t\t<img loading=\"lazy\" decoding=\"async\" width=\"501\" height=\"501\" src=\"https:\/\/universalfmt.com\/wp-content\/uploads\/2024\/03\/universal-gida-icon.png\" class=\"attachment-original size-original\" alt=\"\" srcset=\"https:\/\/universalfmt.com\/wp-content\/uploads\/2024\/03\/universal-gida-icon.png 501w, https:\/\/universalfmt.com\/wp-content\/uploads\/2024\/03\/universal-gida-icon-300x300.png 300w, https:\/\/universalfmt.com\/wp-content\/uploads\/2024\/03\/universal-gida-icon-150x150.png 150w\" sizes=\"auto, (max-width: 501px) 100vw, 501px\" \/>\t\t\t\t\t\t\t\t\t\t\t<\/div>\n\t\t\t<\/a>\t\t<\/div>\n\n\t\t<div class=\"box-text text-center\" >\n\t\t\t<div class=\"box-text-inner\">\n\t\t\t\t\n\t<div id=\"text-651390500\" class=\"text\">\n\t\t\n<h4>G\u0131da ve G\u0131da \u00dcr\u00fcnleri<\/h4>\n\t\t\n<style>\n#text-651390500 {\n  text-align: center;\n  color: #104547;\n}\n#text-651390500 > * {\n  color: #104547;\n}\n<\/style>\n\t<\/div>\n\t\n\t\t\t<\/div>\n\t\t<\/div>\n\t<\/div>\n\t\n\t\t<\/div>\n\t\t\t\t\n<style>\n#col-1068870014 > .col-inner {\n  border-radius: 10px;\n}\n<\/style>\n\t<\/div>\n\n\t\n\n\t<div id=\"col-723336522\" class=\"col medium-4 small-6 large-4\"  >\n\t\t\t\t<div class=\"col-inner\" style=\"background-color:rgb(251, 251, 251);\" >\n\t\t\t\n\t\t\t\n\t<div class=\"box has-hover   has-hover box-text-bottom\" >\n\n\t\t<div class=\"box-image\" style=\"width:70%;\">\n\t\t\t<a href=\"https:\/\/universalfmt.com\/tr\/urunler\/yapi-malzemesi\/\" >\t\t\t<div class=\"\" >\n\t\t\t\t<img loading=\"lazy\" decoding=\"async\" width=\"501\" height=\"501\" src=\"https:\/\/universalfmt.com\/wp-content\/uploads\/2024\/03\/universal-insaat-icon.png\" class=\"attachment-original size-original\" alt=\"\" srcset=\"https:\/\/universalfmt.com\/wp-content\/uploads\/2024\/03\/universal-insaat-icon.png 501w, https:\/\/universalfmt.com\/wp-content\/uploads\/2024\/03\/universal-insaat-icon-300x300.png 300w, https:\/\/universalfmt.com\/wp-content\/uploads\/2024\/03\/universal-insaat-icon-150x150.png 150w\" sizes=\"auto, (max-width: 501px) 100vw, 501px\" \/>\t\t\t\t\t\t\t\t\t\t\t<\/div>\n\t\t\t<\/a>\t\t<\/div>\n\n\t\t<div class=\"box-text text-center\" >\n\t\t\t<div class=\"box-text-inner\">\n\t\t\t\t\n\t<div id=\"text-822684064\" class=\"text\">\n\t\t\n<h4>Yap\u0131 Malzemesi<\/h4>\n\t\t\n<style>\n#text-822684064 {\n  text-align: center;\n  color: #104547;\n}\n#text-822684064 > * {\n  color: #104547;\n}\n<\/style>\n\t<\/div>\n\t\n\t\t\t<\/div>\n\t\t<\/div>\n\t<\/div>\n\t\n\t\t<\/div>\n\t\t\t\t\n<style>\n#col-723336522 > .col-inner {\n  border-radius: 10px;\n}\n<\/style>\n\t<\/div>\n\n\t\n\n\t<div id=\"col-1663903854\" class=\"col medium-4 small-6 large-4\"  >\n\t\t\t\t<div class=\"col-inner\" style=\"background-color:rgb(251, 251, 251);\" >\n\t\t\t\n\t\t\t\n\t<div class=\"box has-hover   has-hover box-text-bottom\" >\n\n\t\t<div class=\"box-image\" style=\"width:70%;\">\n\t\t\t<a href=\"https:\/\/universalfmt.com\/tr\/urunler\/jeneratorler\/\" >\t\t\t<div class=\"\" >\n\t\t\t\t<img loading=\"lazy\" decoding=\"async\" width=\"501\" height=\"501\" src=\"https:\/\/universalfmt.com\/wp-content\/uploads\/2024\/03\/universal-jenerator-icon.png\" class=\"attachment-original size-original\" alt=\"\" srcset=\"https:\/\/universalfmt.com\/wp-content\/uploads\/2024\/03\/universal-jenerator-icon.png 501w, https:\/\/universalfmt.com\/wp-content\/uploads\/2024\/03\/universal-jenerator-icon-300x300.png 300w, https:\/\/universalfmt.com\/wp-content\/uploads\/2024\/03\/universal-jenerator-icon-150x150.png 150w\" sizes=\"auto, (max-width: 501px) 100vw, 501px\" \/>\t\t\t\t\t\t\t\t\t\t\t<\/div>\n\t\t\t<\/a>\t\t<\/div>\n\n\t\t<div class=\"box-text text-center\" >\n\t\t\t<div class=\"box-text-inner\">\n\t\t\t\t\n\t<div id=\"text-957115187\" class=\"text\">\n\t\t\n<h4>Jenerat\u00f6rler<\/h4>\n\t\t\n<style>\n#text-957115187 {\n  text-align: center;\n  color: #104547;\n}\n#text-957115187 > * {\n  color: #104547;\n}\n<\/style>\n\t<\/div>\n\t\n\t\t\t<\/div>\n\t\t<\/div>\n\t<\/div>\n\t\n\t\t<\/div>\n\t\t\t\t\n<style>\n#col-1663903854 > .col-inner {\n  border-radius: 10px;\n}\n<\/style>\n\t<\/div>\n\n\t\n\n\t<div id=\"col-1109462304\" class=\"col medium-4 small-6 large-4\"  >\n\t\t\t\t<div class=\"col-inner\" style=\"background-color:rgb(251, 251, 251);\" >\n\t\t\t\n\t\t\t\n\t<div class=\"box has-hover   has-hover box-text-bottom\" >\n\n\t\t<div class=\"box-image\" style=\"width:70%;\">\n\t\t\t<a href=\"https:\/\/universalfmt.com\/tr\/urunler\/tibbi-malzemeler\/\" >\t\t\t<div class=\"\" >\n\t\t\t\t<img loading=\"lazy\" decoding=\"async\" width=\"501\" height=\"501\" src=\"https:\/\/universalfmt.com\/wp-content\/uploads\/2024\/03\/universal-medikal-icon.png\" class=\"attachment-original size-original\" alt=\"\" srcset=\"https:\/\/universalfmt.com\/wp-content\/uploads\/2024\/03\/universal-medikal-icon.png 501w, https:\/\/universalfmt.com\/wp-content\/uploads\/2024\/03\/universal-medikal-icon-300x300.png 300w, https:\/\/universalfmt.com\/wp-content\/uploads\/2024\/03\/universal-medikal-icon-150x150.png 150w\" sizes=\"auto, (max-width: 501px) 100vw, 501px\" \/>\t\t\t\t\t\t\t\t\t\t\t<\/div>\n\t\t\t<\/a>\t\t<\/div>\n\n\t\t<div class=\"box-text text-center\" >\n\t\t\t<div class=\"box-text-inner\">\n\t\t\t\t\n\t<div id=\"text-580210719\" class=\"text\">\n\t\t\n<h4>T\u0131bbi Malzemeler<\/h4>\n\t\t\n<style>\n#text-580210719 {\n  text-align: center;\n  color: #104547;\n}\n#text-580210719 > * {\n  color: #104547;\n}\n<\/style>\n\t<\/div>\n\t\n\t\t\t<\/div>\n\t\t<\/div>\n\t<\/div>\n\t\n\t\t<\/div>\n\t\t\t\t\n<style>\n#col-1109462304 > .col-inner {\n  border-radius: 10px;\n}\n<\/style>\n\t<\/div>\n\n\t\n\n\t<div id=\"col-898111810\" class=\"col medium-4 small-6 large-4\"  >\n\t\t\t\t<div class=\"col-inner\" style=\"background-color:rgb(251, 251, 251);\" >\n\t\t\t\n\t\t\t\n\t<div class=\"box has-hover   has-hover box-text-bottom\" >\n\n\t\t<div class=\"box-image\" style=\"width:70%;\">\n\t\t\t<a href=\"https:\/\/universalfmt.com\/tr\/urunler\/mermer\/\" >\t\t\t<div class=\"\" >\n\t\t\t\t<img loading=\"lazy\" decoding=\"async\" width=\"501\" height=\"501\" src=\"https:\/\/universalfmt.com\/wp-content\/uploads\/2024\/03\/universal-mermer-icon.png\" class=\"attachment-original size-original\" alt=\"\" srcset=\"https:\/\/universalfmt.com\/wp-content\/uploads\/2024\/03\/universal-mermer-icon.png 501w, https:\/\/universalfmt.com\/wp-content\/uploads\/2024\/03\/universal-mermer-icon-300x300.png 300w, https:\/\/universalfmt.com\/wp-content\/uploads\/2024\/03\/universal-mermer-icon-150x150.png 150w\" sizes=\"auto, (max-width: 501px) 100vw, 501px\" \/>\t\t\t\t\t\t\t\t\t\t\t<\/div>\n\t\t\t<\/a>\t\t<\/div>\n\n\t\t<div class=\"box-text text-center\" >\n\t\t\t<div class=\"box-text-inner\">\n\t\t\t\t\n\t<div id=\"text-2284243032\" class=\"text\">\n\t\t\n<h4>Mermer<\/h4>\n\t\t\n<style>\n#text-2284243032 {\n  text-align: center;\n  color: #104547;\n}\n#text-2284243032 > * {\n  color: #104547;\n}\n<\/style>\n\t<\/div>\n\t\n\t\t\t<\/div>\n\t\t<\/div>\n\t<\/div>\n\t\n\t\t<\/div>\n\t\t\t\t\n<style>\n#col-898111810 > .col-inner {\n  border-radius: 10px;\n}\n<\/style>\n\t<\/div>\n\n\t\n\n\t<div id=\"col-389528069\" class=\"col medium-4 small-6 large-4\"  >\n\t\t\t\t<div class=\"col-inner\" style=\"background-color:rgb(251, 251, 251);\" >\n\t\t\t\n\t\t\t\n\t<div class=\"box has-hover   has-hover box-text-bottom\" >\n\n\t\t<div class=\"box-image\" style=\"width:70%;\">\n\t\t\t<a href=\"https:\/\/universalfmt.com\/tr\/urunler\/mobilya\/\" >\t\t\t<div class=\"\" >\n\t\t\t\t<img loading=\"lazy\" decoding=\"async\" width=\"501\" height=\"501\" src=\"https:\/\/universalfmt.com\/wp-content\/uploads\/2024\/03\/universal-mobilya-icon.png\" class=\"attachment-original size-original\" alt=\"\" srcset=\"https:\/\/universalfmt.com\/wp-content\/uploads\/2024\/03\/universal-mobilya-icon.png 501w, https:\/\/universalfmt.com\/wp-content\/uploads\/2024\/03\/universal-mobilya-icon-300x300.png 300w, https:\/\/universalfmt.com\/wp-content\/uploads\/2024\/03\/universal-mobilya-icon-150x150.png 150w\" sizes=\"auto, (max-width: 501px) 100vw, 501px\" \/>\t\t\t\t\t\t\t\t\t\t\t<\/div>\n\t\t\t<\/a>\t\t<\/div>\n\n\t\t<div class=\"box-text text-center\" >\n\t\t\t<div class=\"box-text-inner\">\n\t\t\t\t\n\t<div id=\"text-2640150690\" class=\"text\">\n\t\t\n<h4>Mobilya<\/h4>\n\t\t\n<style>\n#text-2640150690 {\n  text-align: center;\n  color: #104547;\n}\n#text-2640150690 > * {\n  color: #104547;\n}\n<\/style>\n\t<\/div>\n\t\n\t\t\t<\/div>\n\t\t<\/div>\n\t<\/div>\n\t\n\t\t<\/div>\n\t\t\t\t\n<style>\n#col-389528069 > .col-inner {\n  border-radius: 10px;\n}\n<\/style>\n\t<\/div>\n\n\t\n\n\t<div id=\"col-485282154\" class=\"col medium-4 small-6 large-4\"  >\n\t\t\t\t<div class=\"col-inner\" style=\"background-color:rgb(251, 251, 251);\" >\n\t\t\t\n\t\t\t\n\t<div class=\"box has-hover   has-hover box-text-bottom\" >\n\n\t\t<div class=\"box-image\" style=\"width:70%;\">\n\t\t\t<a href=\"https:\/\/universalfmt.com\/tr\/urunler\/trafo\/\" >\t\t\t<div class=\"\" >\n\t\t\t\t<img loading=\"lazy\" decoding=\"async\" width=\"501\" height=\"501\" src=\"https:\/\/universalfmt.com\/wp-content\/uploads\/2024\/03\/universal-trafo-icon.png\" class=\"attachment-original size-original\" alt=\"\" srcset=\"https:\/\/universalfmt.com\/wp-content\/uploads\/2024\/03\/universal-trafo-icon.png 501w, https:\/\/universalfmt.com\/wp-content\/uploads\/2024\/03\/universal-trafo-icon-300x300.png 300w, https:\/\/universalfmt.com\/wp-content\/uploads\/2024\/03\/universal-trafo-icon-150x150.png 150w\" sizes=\"auto, (max-width: 501px) 100vw, 501px\" \/>\t\t\t\t\t\t\t\t\t\t\t<\/div>\n\t\t\t<\/a>\t\t<\/div>\n\n\t\t<div class=\"box-text text-center\" >\n\t\t\t<div class=\"box-text-inner\">\n\t\t\t\t\n\t<div id=\"text-1257840065\" class=\"text\">\n\t\t\n<h4>Trafo<\/h4>\n\t\t\n<style>\n#text-1257840065 {\n  text-align: center;\n  color: #104547;\n}\n#text-1257840065 > * {\n  color: #104547;\n}\n<\/style>\n\t<\/div>\n\t\n\t\t\t<\/div>\n\t\t<\/div>\n\t<\/div>\n\t\n\t\t<\/div>\n\t\t\t\t\n<style>\n#col-485282154 > .col-inner {\n  border-radius: 10px;\n}\n<\/style>\n\t<\/div>\n\n\t\n<\/div>\n\t\t<\/div>\n\t\t\t\t\t<\/div>\n\n\t\n\n\t<div id=\"col-1936716672\" class=\"col medium-3 small-12 large-3\"  >\n\t\t\t\t<div class=\"col-inner\"  >\n\t\t\t\n\t\t\t\n<h2><span style=\"font-size: 80%;\">\u00dcr\u00fcnler<\/span><\/h2>\n<div class=\"nav-wrapper\"><ul class=\"nav nav-uppercase nav-vertical nav-line text-left nav-left\"><li class=><a href=\"https:\/\/universalfmt.com\/tr\/urunler\/yapi-malzemesi\/\">Yap\u0131 Malzemesi<\/a><\/li><li class=><a href=\"https:\/\/universalfmt.com\/tr\/urunler\/gida-ve-gida-urunleri\/\">G\u0131da ve G\u0131da \u00dcr\u00fcnleri<\/a><\/li><li class=><a href=\"https:\/\/universalfmt.com\/tr\/urunler\/mobilya\/\">Mobilya<\/a><\/li><li class=><a href=\"https:\/\/universalfmt.com\/tr\/urunler\/jeneratorler\/\">Jenerat\u00f6rler<\/a><\/li><li class=><a href=\"https:\/\/universalfmt.com\/tr\/urunler\/aydinlatma-ekipmanlari\/\">Ayd\u0131nlatma Ekipmanlar\u0131<\/a><\/li><li class=><a href=\"https:\/\/universalfmt.com\/tr\/urunler\/mermer\/\">Mermer<\/a><\/li><li class=><a href=\"https:\/\/universalfmt.com\/tr\/urunler\/tibbi-malzemeler\/\">T\u0131bbi Malzemeler<\/a><\/li><li class=><a href=\"https:\/\/universalfmt.com\/tr\/urunler\/gunes-panelleri\/\">G\u00fcne\u015f Panelleri<\/a><\/li><li class=><a href=\"https:\/\/universalfmt.com\/tr\/urunler\/trafo\/\">Trafo<\/a><\/li><\/ul><\/div>\n\t<div id=\"gap-2062818559\" class=\"gap-element clearfix\" style=\"display:block; height:auto;\">\n\t\t\n<style>\n#gap-2062818559 {\n  padding-top: 20px;\n}\n<\/style>\n\t<\/div>\n\t\n<h2><span style=\"font-size: 80%;\">Bize Ula\u015f\u0131n<\/span><\/h2>\n<div id=\"quform-d3fbd8\" class=\"quform quform-10 quform-support-page-caching\"><form id=\"quform-form-d3fbd8\" class=\"quform-form quform-form-10\" action=\"\/tr\/wp-json\/wp\/v2\/pages\/901#quform-d3fbd8\" method=\"post\" enctype=\"multipart\/form-data\" novalidate=\"novalidate\" data-options=\"{&quot;id&quot;:10,&quot;uniqueId&quot;:&quot;d3fbd8&quot;,&quot;theme&quot;:&quot;&quot;,&quot;ajax&quot;:true,&quot;logic&quot;:{&quot;logic&quot;:[],&quot;dependents&quot;:[],&quot;elementIds&quot;:[],&quot;dependentElementIds&quot;:[],&quot;animate&quot;:true},&quot;currentPageId&quot;:1,&quot;errorsIcon&quot;:&quot;&quot;,&quot;updateFancybox&quot;:true,&quot;hasPages&quot;:false,&quot;pages&quot;:[1],&quot;pageProgressType&quot;:&quot;numbers&quot;,&quot;tooltipsEnabled&quot;:true,&quot;tooltipClasses&quot;:&quot;qtip-quform-dark qtip-shadow&quot;,&quot;tooltipMy&quot;:&quot;left center&quot;,&quot;tooltipAt&quot;:&quot;right center&quot;,&quot;isRtl&quot;:false,&quot;scrollOffset&quot;:-50,&quot;scrollSpeed&quot;:800}\"><button class=\"quform-default-submit\" name=\"quform_submit\" type=\"submit\" value=\"submit\" aria-hidden=\"true\" tabindex=\"-1\"><\/button><div class=\"quform-form-inner quform-form-inner-10\"><input type=\"hidden\" name=\"quform_form_id\" value=\"10\" \/><input type=\"hidden\" name=\"quform_form_uid\" value=\"d3fbd8\" \/><input type=\"hidden\" name=\"quform_count\" value=\"1\" \/><input type=\"hidden\" name=\"form_url\" value=\"https:\/\/universalfmt.com\/tr\/wp-json\/wp\/v2\/pages\/901\" \/><input type=\"hidden\" name=\"referring_url\" value=\"\" \/><input type=\"hidden\" name=\"post_id\" value=\"\" \/><input type=\"hidden\" name=\"post_title\" value=\"\" \/><input type=\"hidden\" name=\"quform_current_page_id\" value=\"1\" \/><input type=\"hidden\" name=\"quform_csrf_token\" value=\"i5pSaFODc89avLKlQ2XItQ8oJJPOwSfBBwK4B7BP\" \/><div class=\"quform-elements quform-elements-10 quform-cf quform-responsive-elements-phone-landscape\"><div class=\"quform-element quform-element-page quform-page-1 quform-page-10_1 quform-cf quform-group-style-plain quform-first-page quform-last-page quform-current-page\"><div class=\"quform-child-elements\"><div class=\"quform-element quform-element-text quform-element-10_6 quform-cf quform-element-required\"><div class=\"quform-spacer\"><div class=\"quform-label quform-label-10_6\"><label class=\"quform-label-text\" for=\"quform_10_6_d3fbd8\">Ad\u0131n\u0131z<span class=\"quform-required\">*<\/span><\/label><\/div><div class=\"quform-inner quform-inner-text quform-inner-10_6\"><div class=\"quform-input quform-input-text quform-input-10_6 quform-cf\"><input type=\"text\" id=\"quform_10_6_d3fbd8\" name=\"quform_10_6\" class=\"quform-field quform-field-text quform-field-10_6\" \/><\/div><\/div><\/div><\/div><div class=\"quform-element quform-element-text quform-element-10_7 quform-cf quform-element-optional\"><div class=\"quform-spacer\"><div class=\"quform-label quform-label-10_7\"><label class=\"quform-label-text\" for=\"quform_10_7_d3fbd8\">Telefon<\/label><\/div><div class=\"quform-inner quform-inner-text quform-inner-10_7\"><div class=\"quform-input quform-input-text quform-input-10_7 quform-cf\"><input type=\"text\" id=\"quform_10_7_d3fbd8\" name=\"quform_10_7\" class=\"quform-field quform-field-text quform-field-10_7\" \/><\/div><\/div><\/div><\/div><div class=\"quform-element quform-element-email quform-element-10_5 quform-cf quform-element-required\"><div class=\"quform-spacer\"><div class=\"quform-label quform-label-10_5\"><label class=\"quform-label-text\" for=\"quform_10_5_d3fbd8\">E-Mail<span class=\"quform-required\">*<\/span><\/label><\/div><div class=\"quform-inner quform-inner-email quform-inner-10_5\"><div class=\"quform-input quform-input-email quform-input-10_5 quform-cf\"><input type=\"email\" id=\"quform_10_5_d3fbd8\" name=\"quform_10_5\" class=\"quform-field quform-field-email quform-field-10_5\" \/><\/div><\/div><\/div><\/div><div class=\"quform-element quform-element-captcha quform-element-10_8 quform-cf quform-element-required\"><div class=\"quform-spacer\"><div class=\"quform-label quform-label-10_8\"><label class=\"quform-label-text\" for=\"quform_10_8_d3fbd8\">L\u00fctfen karakterleri yaz\u0131n<span class=\"quform-required\">*<\/span><\/label><\/div><div class=\"quform-inner quform-inner-captcha quform-inner-10_8\"><div class=\"quform-input quform-input-captcha quform-input-10_8 quform-cf\"><input type=\"text\" id=\"quform_10_8_d3fbd8\" name=\"quform_10_8\" class=\"quform-field quform-field-captcha quform-field-10_8\" \/><\/div><div class=\"quform-captcha quform-cf\"><div class=\"quform-captcha-image quform-captcha-image-10_8\"><img loading=\"lazy\" decoding=\"async\" class=\"quform-captcha-image-img\" src=\"data:image\/png;base64,iVBORw0KGgoAAAANSUhEUgAAAOYAAABQBAMAAAD\/1xTgAAAAG1BMVEX\/\/\/8iIiKsrKx0dHQ9PT1ZWVmQkJDj4+PHx8cLbGfLAAAACXBIWXMAAA7EAAAOxAGVKw4bAAADqUlEQVRoge1XS1PaUBROk0Cy9ECCLMFHuzW0Oi5JfS5BrXUpwgwuobWVZdLO1P7snnNfeZhgylg2vd+MuRjOvd95n4thaGhoaGhoaGho\/IcwP4DfWy9lHQitdVI6Q8YJZ2vkfOCU4M3Wx4lm3swWAUB\/bZQmQAMXN0xH1Pm9ktHm3VMlORugQ2sMoHh+huB1VuBEl3lRBbkYfLZaghuxQ+H1V7CU9vWG4L1UeF3hU\/TxgH14fFg5jwORjnBuGIutcj8HLJwYUIANWnchxE3456el3K2oAqc5DgVptIuP0zJXpTg38clU9SM0X7ka8RUqBlha6rFno0RqlPi2bRhzJtthKvQT\/Ss3Ksyii5kprYXbYqlukkOSs8k1bqRkvKtUWi8BrzjKCP99WGooskRibRPzJ+Zj+r8pRRyqgGGZ0hlw75isq2HJe8VS3D7WdWmduYKzlmyo4RtHprWE2yvIS5Ta48tZypwiMejN3AkILnQPW3HaSJE5mujy0xJgLzm5y7vb5SEUwvUlAZVgtYJJRfaSf+SJMakb5maATTvazrvMS5Nnu8nJzFJOV3H2hVWtHGeXOL9PHzPbnG3ixK\/G94kyde7NuqLuFHNS8SEupPNEIFO+ZZyoW1ZpB5rjKcAh5sulPNriilqKOipkdMadL\/vHR1PVb00u+ZA0ophpY+WSyMBKwE3nrImIVzWuaE1RF9eX7PFzKcCTDvO4LUXeMK\/X8pxhizZt\/MDeI1Pc5p9sRV1IiWnKuQJVjwH2OWeSqg2LRXieT4hhyxj5mHgxHBwq7Xy+eCkNngO4MqYsFTZJs3cVl9zuhHlHBU0jbOCuIDlZNJK5pPaNQoR8Uo6SvLY55+dEZgT+XfCs4Qa+CX3YdFIdLuZCsaRuGoVAstOnxSSJCYWeBlFKxips2CPPhltoW2oYbB+IJt2V1CVzwZbVqWY0K9iPecVoDmfRhS7MwraKM9vHLuddSV3S4x0xeFJ3EezN05zQ9uX9s50xhBRRFU6THzSYnIj2OUpSP4c6I02P5JFKp6VgkyhsKgcK7dvsedJxZ0vOccdXx9dR5rCyAZ\/nHNCQ3lAHvd1H2htu7uaQ+Ctf5Grgu0cvi7Fb6jCXW4stekX3Ek69V7I5D0yGndLunMCkUggK+tuC7B1wT1f+6RWWX2XS+BUlV9U8Ho1v4V9wfr2G6ldqa4lyaO\/xoPTbDKgYm1E12dcCcl6slxEnpz99Wei1scYfvxoaGhoaGhoaGv8SfwA+25hiEBMlHAAAAABJRU5ErkJggg==\" alt=\"CAPTCHA image\" data-element-id=\"8\" width=\"115\" height=\"40\" \/><\/div><\/div><p class=\"quform-description quform-description-below\">Bu, spam'\u0131 \u00f6nlememize yard\u0131mc\u0131 olur, te\u015fekk\u00fcr ederiz.<\/p><\/div><\/div><\/div><div class=\"quform-element quform-element-submit quform-element-10_2 quform-cf quform-button-style-theme\"><div class=\"quform-button-submit quform-button-submit-default quform-button-submit-10_2\"><button name=\"quform_submit\" type=\"submit\" class=\"quform-submit\" value=\"submit\"><span class=\"quform-button-text quform-button-submit-text\">G\u00f6nder<\/span><\/button><\/div><div class=\"quform-loading quform-loading-position-left quform-loading-type-spinner-1\"><div class=\"quform-loading-inner\"><div class=\"quform-loading-spinner\"><div class=\"quform-loading-spinner-inner\"><\/div><\/div><\/div><\/div><\/div><div class=\"quform-element-tree\"><label for=\"quform_10_0_d3fbd8\">This field should be left blank<\/label><input type=\"text\" id=\"quform_10_0_d3fbd8\" name=\"quform_10_0\" class=\"quform-field quform-field-tree quform-field-10_0\" tabindex=\"-1\" autocomplete=\"off\" \/><\/div><\/div><\/div><\/div><\/div><\/form><\/div>\n\t\t<\/div>\n\t\t\t\t\t<\/div>\n\n\t\n<\/div>\n\t\t<\/div>\n\n\t\t\n<style>\n#section_437791845 {\n  padding-top: 30px;\n  padding-bottom: 30px;\n}\n<\/style>\n\t<\/section>\n\t\n","protected":false},"excerpt":{"rendered":"","protected":false},"author":1,"featured_media":0,"parent":0,"menu_order":0,"comment_status":"closed","ping_status":"closed","template":"page-blank.php","meta":{"footnotes":""},"class_list":["post-901","page","type-page","status-publish","hentry"],"_links":{"self":[{"href":"https:\/\/universalfmt.com\/tr\/wp-json\/wp\/v2\/pages\/901","targetHints":{"allow":["GET"]}}],"collection":[{"href":"https:\/\/universalfmt.com\/tr\/wp-json\/wp\/v2\/pages"}],"about":[{"href":"https:\/\/universalfmt.com\/tr\/wp-json\/wp\/v2\/types\/page"}],"author":[{"embeddable":true,"href":"https:\/\/universalfmt.com\/tr\/wp-json\/wp\/v2\/users\/1"}],"replies":[{"embeddable":true,"href":"https:\/\/universalfmt.com\/tr\/wp-json\/wp\/v2\/comments?post=901"}],"version-history":[{"count":6,"href":"https:\/\/universalfmt.com\/tr\/wp-json\/wp\/v2\/pages\/901\/revisions"}],"predecessor-version":[{"id":956,"href":"https:\/\/universalfmt.com\/tr\/wp-json\/wp\/v2\/pages\/901\/revisions\/956"}],"wp:attachment":[{"href":"https:\/\/universalfmt.com\/tr\/wp-json\/wp\/v2\/media?parent=901"}],"curies":[{"name":"wp","href":"https:\/\/api.w.org\/{rel}","templated":true}]}}