{"id":898,"date":"2024-03-22T12:40:30","date_gmt":"2024-03-22T12:40:30","guid":{"rendered":"https:\/\/universalfmt.com\/gizlilik-politikasi\/"},"modified":"2024-04-04T17:19:33","modified_gmt":"2024-04-04T17:19:33","slug":"gizlilik-politikasi","status":"publish","type":"page","link":"https:\/\/universalfmt.com\/tr\/gizlilik-politikasi\/","title":{"rendered":"Gizlilik Politikas\u0131"},"content":{"rendered":"  <div id=\"page-header-1379011588\" class=\"page-header-wrapper\">\n  <div class=\"page-title dark featured-title\">\n\n    \n    <div class=\"page-title-inner container align-center text-center flex-row-col medium-flex-wrap\" >\n              <div class=\"title-wrapper flex-col\">\n          <h1 class=\"entry-title mb-0\">\n            Gizlilik Politikas\u0131          <\/h1>\n        <\/div>\n                    <div class=\"title-content flex-col\">\n        <ul class=\"nav sm-touch-scroll nav-line nav-uppercase text-center nav-center\"><li class=\"nav-single-page hidden\"><\/li><\/ul>      <\/div>\n    <\/div>\n\n       <\/div>\n    <\/div>\n  \n\t<section class=\"section\" id=\"section_1857956857\">\n\t\t<div class=\"bg section-bg fill bg-fill  bg-loaded\" >\n\n\t\t\t\n\t\t\t\n\t\t\t\n\n\t\t<\/div>\n\n\t\t\n\n\t\t<div class=\"section-content relative\">\n\t\t\t\n<div class=\"row\"  id=\"row-1566542786\">\n\n\t<div id=\"col-630855700\" class=\"col small-12 large-12\"  >\n\t\t\t\t<div class=\"col-inner\"  >\n\t\t\t\n\t\t\t\n<p>Bu Gizlilik Politikas\u0131, Universal FMT&#8217;nin web sitemize ve hizmetlerimize eri\u015fim ve kullan\u0131ma ili\u015fkin bilgileri nas\u0131l toplad\u0131\u011f\u0131n\u0131, kulland\u0131\u011f\u0131n\u0131 ve a\u00e7\u0131klad\u0131\u011f\u0131n\u0131 a\u00e7\u0131klamaktad\u0131r. Bu Gizlilik Politikas\u0131, hizmetlerimiz arac\u0131l\u0131\u011f\u0131yla eri\u015febilece\u011finiz \u00fc\u00e7\u00fcnc\u00fc taraf web siteleri, hizmetleri veya uygulamalar\u0131 i\u00e7in ge\u00e7erli de\u011fildir.<br \/>\n\u00c7o\u011fu web sitesi gibi, www.universalfmt.com da taray\u0131c\u0131 t\u00fcr\u00fc, dil tercihi, y\u00f6nlendiren site ve her ziyaret\u00e7inin iste\u011finin tarihi ve saati gibi web taray\u0131c\u0131lar\u0131n\u0131n ve sunucular\u0131n\u0131n genellikle kullan\u0131ma sundu\u011fu ki\u015fisel olmayan bilgi t\u00fcrlerini toplar. Universal FMT&#8217;nin ki\u015fisel olarak tan\u0131mlanamayan bilgileri toplamas\u0131ndaki amac\u0131, ziyaret\u00e7ilerinin web sitesini nas\u0131l kulland\u0131\u011f\u0131n\u0131 daha iyi anlamakt\u0131r. Universal FMT ayr\u0131ca \u0130nternet Protokol\u00fc (IP) adresleri gibi bilgileri de toplar. Universal FMT bu t\u00fcr bilgileri ziyaret\u00e7ilerini tan\u0131mlamak i\u00e7in kullanmaz ve a\u015fa\u011f\u0131da a\u00e7\u0131klanan ko\u015fullar d\u0131\u015f\u0131nda bu bilgileri a\u00e7\u0131klamaz.<br \/>\nWeb sitemiz, son kullan\u0131c\u0131lar\u0131n www.universalfmt.com web sitemizi nas\u0131l kulland\u0131klar\u0131 ve bu web sitesinin nas\u0131l performans g\u00f6sterdi\u011fi hakk\u0131nda bilgi toplayabilir. \u00d6rne\u011fin, yak\u0131n zamanda ziyaret edilen \u00fcr\u00fcnler gibi size sitede daha kolay gezinme olana\u011f\u0131 sunan ara\u00e7lar i\u00e7in i\u015fe yarayabilir.<\/p>\n<p>\u00c7erezler:<br \/>\nDeneyim Geli\u015ftirme hizmetlerimiz, \u00e7erezleri kullanarak www.universalfmt.com web sitemizi ziyaret edenler hakk\u0131nda bilgi toplar. \u00c7erez, bir web sitesinin ziyaret\u00e7inin bilgisayar\u0131nda saklad\u0131\u011f\u0131 ve ziyaret\u00e7inin her geri d\u00f6n\u00fc\u015f\u00fcnde ziyaret\u00e7inin taray\u0131c\u0131s\u0131 taraf\u0131ndan web sitesine sa\u011flanan bir bilgi dizisidir. \u00c7o\u011fu \u0130nternet taray\u0131c\u0131s\u0131 \u00e7erezleri otomatik olarak kabul eder, ancak se\u00e7eneklerini ayarlayarak, taray\u0131c\u0131n\u0131za verilen talimatlar\u0131 kabul ederek, \u00e7erezleri kabul etmeyi b\u0131rakabilir veya ziyaret etti\u011finiz web sitesinden gelen \u00e7erezleri kabul etmeyi b\u0131rakabilirsiniz. Sitelerinden bir \u00e7erezi kabul etmeden \u00f6nce onlara sormalar\u0131 talimat\u0131n\u0131 verebilirsiniz.<br \/>\nS\u00f6z konusu toplanan t\u00fcm bilgiler Universal FMT ad\u0131na toplanmaktad\u0131r. Yasal s\u00fcre\u00e7ler d\u0131\u015f\u0131nda hi\u00e7bir \u00fc\u00e7\u00fcnc\u00fc kurum veya ki\u015fiye devredilmez, sat\u0131lmaz ve payla\u015f\u0131lmaz.<br \/>\nUniversal FMT, Gizlilik Politikas\u0131n\u0131 herhangi bir zamanda de\u011fi\u015ftirme hakk\u0131n\u0131 sakl\u0131 tutar.<\/p>\n\t\t<\/div>\n\t\t\t\t\t<\/div>\n\n\t\n<\/div>\n\t\t<\/div>\n\n\t\t\n<style>\n#section_1857956857 {\n  padding-top: 30px;\n  padding-bottom: 30px;\n}\n<\/style>\n\t<\/section>\n\t\n","protected":false},"excerpt":{"rendered":"","protected":false},"author":1,"featured_media":0,"parent":0,"menu_order":0,"comment_status":"closed","ping_status":"closed","template":"page-blank.php","meta":{"footnotes":""},"class_list":["post-898","page","type-page","status-publish","hentry"],"_links":{"self":[{"href":"https:\/\/universalfmt.com\/tr\/wp-json\/wp\/v2\/pages\/898","targetHints":{"allow":["GET"]}}],"collection":[{"href":"https:\/\/universalfmt.com\/tr\/wp-json\/wp\/v2\/pages"}],"about":[{"href":"https:\/\/universalfmt.com\/tr\/wp-json\/wp\/v2\/types\/page"}],"author":[{"embeddable":true,"href":"https:\/\/universalfmt.com\/tr\/wp-json\/wp\/v2\/users\/1"}],"replies":[{"embeddable":true,"href":"https:\/\/universalfmt.com\/tr\/wp-json\/wp\/v2\/comments?post=898"}],"version-history":[{"count":2,"href":"https:\/\/universalfmt.com\/tr\/wp-json\/wp\/v2\/pages\/898\/revisions"}],"predecessor-version":[{"id":900,"href":"https:\/\/universalfmt.com\/tr\/wp-json\/wp\/v2\/pages\/898\/revisions\/900"}],"wp:attachment":[{"href":"https:\/\/universalfmt.com\/tr\/wp-json\/wp\/v2\/media?parent=898"}],"curies":[{"name":"wp","href":"https:\/\/api.w.org\/{rel}","templated":true}]}}