{"id":896,"date":"2024-03-24T13:45:23","date_gmt":"2024-03-24T13:45:23","guid":{"rendered":"https:\/\/universalfmt.com\/on-bilgilendirme-formu\/"},"modified":"2024-04-05T10:30:13","modified_gmt":"2024-04-05T10:30:13","slug":"on-bilgilendirme-formu","status":"publish","type":"page","link":"https:\/\/universalfmt.com\/tr\/on-bilgilendirme-formu\/","title":{"rendered":"\u00d6n Bilgilendirme Formu"},"content":{"rendered":"  <div id=\"page-header-1347363696\" class=\"page-header-wrapper\">\n  <div class=\"page-title dark featured-title\">\n\n    \n    <div class=\"page-title-inner container align-center text-center flex-row-col medium-flex-wrap\" >\n              <div class=\"title-wrapper flex-col\">\n          <h1 class=\"entry-title mb-0\">\n            \u00d6n Bilgilendirme Formu          <\/h1>\n        <\/div>\n                    <div class=\"title-content flex-col\">\n              <\/div>\n    <\/div>\n\n       <\/div>\n    <\/div>\n  \n\t<section class=\"section\" id=\"section_1257427713\">\n\t\t<div class=\"bg section-bg fill bg-fill  bg-loaded\" >\n\n\t\t\t\n\t\t\t\n\t\t\t\n\n\t\t<\/div>\n\n\t\t\n\n\t\t<div class=\"section-content relative\">\n\t\t\t\n<p>\n<div class=\"row\"  id=\"row-649707718\">\n<p>\n\n\t<div id=\"col-1920756679\" class=\"col small-12 large-12\"  >\n\t\t\t\t<div class=\"col-inner box-shadow-1\" style=\"background-color:rgb(252, 252, 252);\" >\n\t\t\t\n\t\t\t\n<div id=\"quform-96255a\" class=\"quform quform-12 quform-support-page-caching\"><form id=\"quform-form-96255a\" class=\"quform-form quform-form-12\" action=\"\/tr\/wp-json\/wp\/v2\/pages\/896#quform-96255a\" method=\"post\" enctype=\"multipart\/form-data\" novalidate=\"novalidate\" data-options=\"{&quot;id&quot;:12,&quot;uniqueId&quot;:&quot;96255a&quot;,&quot;theme&quot;:&quot;&quot;,&quot;ajax&quot;:true,&quot;logic&quot;:{&quot;logic&quot;:[],&quot;dependents&quot;:[],&quot;elementIds&quot;:[],&quot;dependentElementIds&quot;:[],&quot;animate&quot;:true},&quot;currentPageId&quot;:1,&quot;errorsIcon&quot;:&quot;&quot;,&quot;updateFancybox&quot;:true,&quot;hasPages&quot;:false,&quot;pages&quot;:[1],&quot;pageProgressType&quot;:&quot;numbers&quot;,&quot;tooltipsEnabled&quot;:true,&quot;tooltipClasses&quot;:&quot;qtip-quform-dark qtip-shadow&quot;,&quot;tooltipMy&quot;:&quot;left center&quot;,&quot;tooltipAt&quot;:&quot;right center&quot;,&quot;isRtl&quot;:false,&quot;scrollOffset&quot;:-50,&quot;scrollSpeed&quot;:800}\"><button class=\"quform-default-submit\" name=\"quform_submit\" type=\"submit\" value=\"submit\" aria-hidden=\"true\" tabindex=\"-1\"><\/button><div class=\"quform-form-inner quform-form-inner-12\"><input type=\"hidden\" name=\"quform_form_id\" value=\"12\" \/><input type=\"hidden\" name=\"quform_form_uid\" value=\"96255a\" \/><input type=\"hidden\" name=\"quform_count\" value=\"1\" \/><input type=\"hidden\" name=\"form_url\" value=\"https:\/\/universalfmt.com\/tr\/wp-json\/wp\/v2\/pages\/896\" \/><input type=\"hidden\" name=\"referring_url\" value=\"\" \/><input type=\"hidden\" name=\"post_id\" value=\"\" \/><input type=\"hidden\" name=\"post_title\" value=\"\" \/><input type=\"hidden\" name=\"quform_current_page_id\" value=\"1\" \/><input type=\"hidden\" name=\"quform_csrf_token\" value=\"Lj94NqSY5xBjXTbIhRoInFNcMrs7ssD3JKeahhDB\" \/><div class=\"quform-elements quform-elements-12 quform-cf quform-responsive-elements-phone-landscape\"><div class=\"quform-element quform-element-page quform-page-1 quform-page-12_1 quform-cf quform-group-style-plain quform-first-page quform-last-page quform-current-page\"><div class=\"quform-child-elements\"><div class=\"quform-element quform-element-text quform-element-12_4 quform-cf quform-element-optional\"><div class=\"quform-spacer\"><div class=\"quform-label quform-label-12_4\"><label class=\"quform-label-text\" for=\"quform_12_4_96255a\">Firma<\/label><\/div><div class=\"quform-inner quform-inner-text quform-inner-12_4\"><div class=\"quform-input quform-input-text quform-input-12_4 quform-cf\"><input type=\"text\" id=\"quform_12_4_96255a\" name=\"quform_12_4\" class=\"quform-field quform-field-text quform-field-12_4\" \/><\/div><\/div><\/div><\/div><div class=\"quform-element quform-element-text quform-element-12_3 quform-cf quform-element-required\"><div class=\"quform-spacer\"><div class=\"quform-label quform-label-12_3\"><label class=\"quform-label-text\" for=\"quform_12_3_96255a\">Yetkili Ad\u0131<span class=\"quform-required\">*<\/span><\/label><\/div><div class=\"quform-inner quform-inner-text quform-inner-12_3\"><div class=\"quform-input quform-input-text quform-input-12_3 quform-cf\"><input type=\"text\" id=\"quform_12_3_96255a\" name=\"quform_12_3\" class=\"quform-field quform-field-text quform-field-12_3\" \/><\/div><\/div><\/div><\/div><div class=\"quform-element quform-element-text quform-element-12_5 quform-cf quform-element-required\"><div class=\"quform-spacer\"><div class=\"quform-label quform-label-12_5\"><label class=\"quform-label-text\" for=\"quform_12_5_96255a\">Telefon<span class=\"quform-required\">*<\/span><\/label><\/div><div class=\"quform-inner quform-inner-text quform-inner-12_5\"><div class=\"quform-input quform-input-text quform-input-12_5 quform-cf\"><input type=\"text\" id=\"quform_12_5_96255a\" name=\"quform_12_5\" class=\"quform-field quform-field-text quform-field-12_5\" \/><\/div><\/div><\/div><\/div><div class=\"quform-element quform-element-email quform-element-12_6 quform-cf quform-element-required\"><div class=\"quform-spacer\"><div class=\"quform-label quform-label-12_6\"><label class=\"quform-label-text\" for=\"quform_12_6_96255a\">E-Mail<span class=\"quform-required\">*<\/span><\/label><\/div><div class=\"quform-inner quform-inner-email quform-inner-12_6\"><div class=\"quform-input quform-input-email quform-input-12_6 quform-cf\"><input type=\"email\" id=\"quform_12_6_96255a\" name=\"quform_12_6\" class=\"quform-field quform-field-email quform-field-12_6\" \/><\/div><\/div><\/div><\/div><div class=\"quform-element quform-element-checkbox quform-element-12_7 quform-cf quform-element-optional\"><div class=\"quform-spacer\"><div class=\"quform-label quform-label-12_7\"><label class=\"quform-label-text\" id=\"quform_12_7_96255a_label\">Teklif istedi\u011finiz \u00fcr\u00fcnler<\/label><\/div><div class=\"quform-inner quform-inner-checkbox quform-inner-12_7\"><div class=\"quform-input quform-input-checkbox quform-input-12_7 quform-cf\"><div class=\"quform-options quform-cf quform-options-columns quform-2-columns quform-responsive-columns-phone-landscape quform-options-simple\" role=\"group\" aria-labelledby=\"quform_12_7_96255a_label\"><div class=\"quform-option\"><input type=\"checkbox\" name=\"quform_12_7[]\" id=\"quform_12_7_96255a_1\" class=\"quform-field quform-field-checkbox quform-field-12_7 quform-field-12_7_1\" value=\"Ayd\u0131nlatma Ekipman\u0131\" \/><label for=\"quform_12_7_96255a_1\" class=\"quform-option-label quform-option-label-12_7_1\"><span class=\"quform-option-text\">Ayd\u0131nlatma Ekipman\u0131<\/span><\/label><\/div><div class=\"quform-option\"><input type=\"checkbox\" name=\"quform_12_7[]\" id=\"quform_12_7_96255a_2\" class=\"quform-field quform-field-checkbox quform-field-12_7 quform-field-12_7_2\" value=\"G\u0131da ve G\u0131da \u00dcr\u00fcnleri\" \/><label for=\"quform_12_7_96255a_2\" class=\"quform-option-label quform-option-label-12_7_2\"><span class=\"quform-option-text\">G\u0131da ve G\u0131da \u00dcr\u00fcnleri<\/span><\/label><\/div><div class=\"quform-option\"><input type=\"checkbox\" name=\"quform_12_7[]\" id=\"quform_12_7_96255a_3\" class=\"quform-field quform-field-checkbox quform-field-12_7 quform-field-12_7_3\" value=\"G\u00fcne\u015f Panelleri\" \/><label for=\"quform_12_7_96255a_3\" class=\"quform-option-label quform-option-label-12_7_3\"><span class=\"quform-option-text\">G\u00fcne\u015f Panelleri<\/span><\/label><\/div><div class=\"quform-option\"><input type=\"checkbox\" name=\"quform_12_7[]\" id=\"quform_12_7_96255a_5\" class=\"quform-field quform-field-checkbox quform-field-12_7 quform-field-12_7_5\" value=\"Yap\u0131 Malzemesi\" \/><label for=\"quform_12_7_96255a_5\" class=\"quform-option-label quform-option-label-12_7_5\"><span class=\"quform-option-text\">Yap\u0131 Malzemesi<\/span><\/label><\/div><div class=\"quform-option\"><input type=\"checkbox\" name=\"quform_12_7[]\" id=\"quform_12_7_96255a_4\" class=\"quform-field quform-field-checkbox quform-field-12_7 quform-field-12_7_4\" value=\"Jenerat\u00f6rler\" \/><label for=\"quform_12_7_96255a_4\" class=\"quform-option-label quform-option-label-12_7_4\"><span class=\"quform-option-text\">Jenerat\u00f6rler<\/span><\/label><\/div><div class=\"quform-option\"><input type=\"checkbox\" name=\"quform_12_7[]\" id=\"quform_12_7_96255a_6\" class=\"quform-field quform-field-checkbox quform-field-12_7 quform-field-12_7_6\" value=\"T\u0131bbi Malzemeler\" \/><label for=\"quform_12_7_96255a_6\" class=\"quform-option-label quform-option-label-12_7_6\"><span class=\"quform-option-text\">T\u0131bbi Malzemeler<\/span><\/label><\/div><div class=\"quform-option\"><input type=\"checkbox\" name=\"quform_12_7[]\" id=\"quform_12_7_96255a_7\" class=\"quform-field quform-field-checkbox quform-field-12_7 quform-field-12_7_7\" value=\"Mermer\" \/><label for=\"quform_12_7_96255a_7\" class=\"quform-option-label quform-option-label-12_7_7\"><span class=\"quform-option-text\">Mermer<\/span><\/label><\/div><div class=\"quform-option\"><input type=\"checkbox\" name=\"quform_12_7[]\" id=\"quform_12_7_96255a_8\" class=\"quform-field quform-field-checkbox quform-field-12_7 quform-field-12_7_8\" value=\"Mobilya\" \/><label for=\"quform_12_7_96255a_8\" class=\"quform-option-label quform-option-label-12_7_8\"><span class=\"quform-option-text\">Mobilya<\/span><\/label><\/div><div class=\"quform-option\"><input type=\"checkbox\" name=\"quform_12_7[]\" id=\"quform_12_7_96255a_9\" class=\"quform-field quform-field-checkbox quform-field-12_7 quform-field-12_7_9\" value=\"Trafo\" \/><label for=\"quform_12_7_96255a_9\" class=\"quform-option-label quform-option-label-12_7_9\"><span class=\"quform-option-text\">Trafo<\/span><\/label><\/div><div class=\"quform-option\"><input type=\"checkbox\" name=\"quform_12_7[]\" id=\"quform_12_7_96255a_10\" class=\"quform-field quform-field-checkbox quform-field-12_7 quform-field-12_7_10\" value=\"Di\u011fer\" \/><label for=\"quform_12_7_96255a_10\" class=\"quform-option-label quform-option-label-12_7_10\"><span class=\"quform-option-text\">Di\u011fer<\/span><\/label><\/div><\/div><\/div><\/div><\/div><\/div><div class=\"quform-element quform-element-textarea quform-element-12_8 quform-cf quform-element-optional\"><div class=\"quform-spacer\"><div class=\"quform-label quform-label-12_8\"><label class=\"quform-label-text\" for=\"quform_12_8_96255a\">Mesaj\u0131n\u0131z<\/label><\/div><div class=\"quform-inner quform-inner-textarea quform-inner-12_8\"><div class=\"quform-input quform-input-textarea quform-input-12_8 quform-cf\"><textarea id=\"quform_12_8_96255a\" name=\"quform_12_8\" class=\"quform-field quform-field-textarea quform-field-12_8\"><\/textarea><\/div><\/div><\/div><\/div><div class=\"quform-element quform-element-captcha quform-element-12_9 quform-cf quform-element-required\"><div class=\"quform-spacer\"><div class=\"quform-label quform-label-12_9\"><label class=\"quform-label-text\" for=\"quform_12_9_96255a\">L\u00fctfen karakterleri yaz\u0131n<span class=\"quform-required\">*<\/span><\/label><\/div><div class=\"quform-inner quform-inner-captcha quform-inner-12_9\"><div class=\"quform-input quform-input-captcha quform-input-12_9 quform-cf\"><input type=\"text\" id=\"quform_12_9_96255a\" name=\"quform_12_9\" class=\"quform-field quform-field-captcha quform-field-12_9\" \/><\/div><div class=\"quform-captcha quform-cf\"><div class=\"quform-captcha-image quform-captcha-image-12_9\"><img loading=\"lazy\" decoding=\"async\" class=\"quform-captcha-image-img\" src=\"data:image\/png;base64,iVBORw0KGgoAAAANSUhEUgAAAOYAAABQBAMAAAD\/1xTgAAAAG1BMVEX\/\/\/8iIiKsrKxZWVmQkJDHx8d0dHQ9PT3j4+N85z78AAAACXBIWXMAAA7EAAAOxAGVKw4bAAAEDUlEQVRoge1YTU\/bQBB1jO342GlC3GNCJcoRIwQ94qYUjqQflCMuouLIQgUcbUAkP7szu172w5BNcsgB+UkIvN7dNzs7b2aM5zVo0KBBgwYNGrxZxMNOsWTKRwZwulTG8AAQm8uk9BlRLte3I6LsLkLpby9EGOwUGXG+W2TxAPozzArXCnMgh9USttL5OY93k20Gl+6JeHWdI\/W4fh7jESdHXjY3Jw87gFX3zAFO+\/BsQA6JLwJ2oEZnwydBCd3amxN7gKlp8UdaE+DPe+KcwWANfkUJHfvN2NR5\/C2FJCcKWpXSkh5xJgWG7nyc6K\/eyT1tUVhv5P4VZU52PVXa55q8OSJOtGxkzHQiFnKOcG3fegXGTmPujLtfchV3jC8CYU5OJLuj32ktY4ZgRAYzLoABI6f6Yqycj7NVna8EWyyRkUPRi1cTDLdKKseHbTIS7UJj+6UKwGD7yHMBr1MyGPEeFi3D221+RAZ7csAnpyLnEBe2FCdmwgsXZ1a5KzRvz0sxRPWoavHXmXYBGMV0rxcYgxon+qvn4szlFGbMjW31tLkcdM6SnIs\/6KmRJu4fLwi9xtmRfyT6OIVMsqGeIzIpZhondy5yrgDcavYGbq0+cw5MgT7xMN16HkLfH1LK6qsp5FwGm9wlinPFnbjzKobIVX39RWkmxAeRrHRfoGJPkdPLDM6Wu0sZyPAvLYGOBIm0I60XAnJuipxtg3PkLorPVC2r8KL11FrtiaeQUi0e0xAfOjdFT4agx3wGk7MNbyraUpelVc0ojrGFrJ4C6GIluTaPwNPhJTdP3WGaBHocvIRI+mVgVjNLr+jHv2e71zv7njnI2QL9\/NCj4WRaqxNWd4YyMPQYWa5mVcW70gdTwendK0ofTX0U1eZ1pOJAPC4LNdy2Vv2WZVYfHdf72giv6sDFSfF5Hh8bQSqGjXgJJaflcTtK27CJlP+8n4X3OiJQ0Gyz0hId6c+JF2dmO5HVkmuJSQkpHZA3dW1UM2btlguDQtOU8KtduQYvdTk1jCvONV0soaWcuEpXFmcdOVXUwsUZixTTjXWxRFYJl5wPrkMwuChVkX0VQRU\/lLO\/V75q8csdqS8fgM\/IvA6OLiREu6NZ2vP7Xbje4OlkV24p0nCqVqPPkluXBry1R948zN4dDbSixMM21hwsb31qE0DawUzC3EEkEA91+TG6t0A7VVj1fVM7LBJxcogOc\/dhHKJ23fQlZ4\/nor46Q0pZtJi+yTpl0KfMXUIFeJu+r546dMGGMCYT9y7hELrpTN9bBCTQigaees9\/6bvJzdon7TkzEYf\/pdCeKCMymPcTr9ppCPWPn1mQ2kl\/LtZ8Ic7AKYypWIQSm0227P8zefT\/Ckcr1aBBgwYNGjR4m\/gPRvaorQu88lMAAAAASUVORK5CYII=\" alt=\"CAPTCHA image\" data-element-id=\"9\" width=\"115\" height=\"40\" \/><\/div><\/div><p class=\"quform-description quform-description-below\">Bu, spam'\u0131 \u00f6nlememize yard\u0131mc\u0131 olur, te\u015fekk\u00fcr ederiz.<\/p><\/div><\/div><\/div><div class=\"quform-element quform-element-submit quform-element-12_2 quform-cf quform-button-style-theme\"><div class=\"quform-button-submit quform-button-submit-default quform-button-submit-12_2\"><button name=\"quform_submit\" type=\"submit\" class=\"quform-submit\" value=\"submit\"><span class=\"quform-button-text quform-button-submit-text\">G\u00f6nder<\/span><\/button><\/div><div class=\"quform-loading quform-loading-position-left quform-loading-type-spinner-1\"><div class=\"quform-loading-inner\"><div class=\"quform-loading-spinner\"><div class=\"quform-loading-spinner-inner\"><\/div><\/div><\/div><\/div><\/div><div class=\"quform-element-tree\"><label for=\"quform_12_0_96255a\">This field should be left blank<\/label><input type=\"text\" id=\"quform_12_0_96255a\" name=\"quform_12_0\" class=\"quform-field quform-field-tree quform-field-12_0\" tabindex=\"-1\" autocomplete=\"off\" \/><\/div><\/div><\/div><\/div><\/div><\/form><\/div>\n\t\t<\/div>\n\t\t\t\t\n<style>\n#col-1920756679 > .col-inner {\n  padding: 10px 10px 10px 10px;\n  border-radius: 8px;\n}\n<\/style>\n\t<\/div>\n\n\t\n<\/p>\n<\/div>\n<\/p>\n\t\t<\/div>\n\n\t\t\n<style>\n#section_1257427713 {\n  padding-top: 30px;\n  padding-bottom: 30px;\n}\n<\/style>\n\t<\/section>\n\t\n","protected":false},"excerpt":{"rendered":"","protected":false},"author":1,"featured_media":0,"parent":0,"menu_order":0,"comment_status":"closed","ping_status":"closed","template":"page-blank.php","meta":{"footnotes":""},"class_list":["post-896","page","type-page","status-publish","hentry"],"_links":{"self":[{"href":"https:\/\/universalfmt.com\/tr\/wp-json\/wp\/v2\/pages\/896","targetHints":{"allow":["GET"]}}],"collection":[{"href":"https:\/\/universalfmt.com\/tr\/wp-json\/wp\/v2\/pages"}],"about":[{"href":"https:\/\/universalfmt.com\/tr\/wp-json\/wp\/v2\/types\/page"}],"author":[{"embeddable":true,"href":"https:\/\/universalfmt.com\/tr\/wp-json\/wp\/v2\/users\/1"}],"replies":[{"embeddable":true,"href":"https:\/\/universalfmt.com\/tr\/wp-json\/wp\/v2\/comments?post=896"}],"version-history":[{"count":2,"href":"https:\/\/universalfmt.com\/tr\/wp-json\/wp\/v2\/pages\/896\/revisions"}],"predecessor-version":[{"id":968,"href":"https:\/\/universalfmt.com\/tr\/wp-json\/wp\/v2\/pages\/896\/revisions\/968"}],"wp:attachment":[{"href":"https:\/\/universalfmt.com\/tr\/wp-json\/wp\/v2\/media?parent=896"}],"curies":[{"name":"wp","href":"https:\/\/api.w.org\/{rel}","templated":true}]}}