{"id":887,"date":"2024-03-22T12:44:55","date_gmt":"2024-03-22T12:44:55","guid":{"rendered":"https:\/\/universalfmt.com\/iletisim\/"},"modified":"2024-04-05T10:26:32","modified_gmt":"2024-04-05T10:26:32","slug":"iletisim","status":"publish","type":"page","link":"https:\/\/universalfmt.com\/tr\/iletisim\/","title":{"rendered":"\u0130leti\u015fim"},"content":{"rendered":"  <div id=\"page-header-1601548106\" class=\"page-header-wrapper\">\n  <div class=\"page-title dark featured-title\">\n\n    \n    <div class=\"page-title-inner container align-center text-center flex-row-col medium-flex-wrap\" >\n              <div class=\"title-wrapper flex-col\">\n          <h1 class=\"entry-title mb-0\">\n            \u0130leti\u015fim          <\/h1>\n        <\/div>\n                    <div class=\"title-content flex-col\">\n              <\/div>\n    <\/div>\n\n       <\/div>\n    <\/div>\n  \n\t<section class=\"section\" id=\"section_1640351190\">\n\t\t<div class=\"bg section-bg fill bg-fill  bg-loaded\" >\n\n\t\t\t\n\t\t\t\n\t\t\t\n\n\t\t<\/div>\n\n\t\t\n\n\t\t<div class=\"section-content relative\">\n\t\t\t\n<div class=\"row\"  id=\"row-242935284\">\n\n\t<div id=\"col-926762287\" class=\"col medium-6 small-12 large-6\"  >\n\t\t\t\t<div class=\"col-inner\"  >\n\t\t\t\n\t\t\t\n<h2>Bize Ula\u015f\u0131n<\/h2>\n\n\t\t<div class=\"icon-box featured-box icon-box-top text-left\"  >\n\t\t\t\t<div class=\"icon-box-text last-reset\">\n\t\t\t\t\t\t\t\t\t\n<h3>Telefonlar\u0131m\u0131z<\/h3>\n\t<div id=\"gap-530517258\" class=\"gap-element clearfix\" style=\"display:block; height:auto;\">\n\t\t\n<style>\n#gap-530517258 {\n  padding-top: 20px;\n}\n<\/style>\n\t<\/div>\n\t\n<p>GSM 1: <a href=\"tel:+905527443322\">+90 552 744 33 22<\/a><\/p>\n<p>GSM 2: <a href=\"tel:+905526443322\">+90 552 644 33 22<\/a><\/p>\n\t<div id=\"gap-587632660\" class=\"gap-element clearfix\" style=\"display:block; height:auto;\">\n\t\t\n<style>\n#gap-587632660 {\n  padding-top: 20px;\n}\n<\/style>\n\t<\/div>\n\t\n\t\t<\/div>\n\t<\/div>\n\t\n\t\n\n\t\t<div class=\"icon-box featured-box icon-box-top text-left\"  >\n\t\t\t\t<div class=\"icon-box-text last-reset\">\n\t\t\t\t\t\t\t\t\t\n<h3>E-Mail<\/h3>\n\t<div id=\"gap-1163621442\" class=\"gap-element clearfix\" style=\"display:block; height:auto;\">\n\t\t\n<style>\n#gap-1163621442 {\n  padding-top: 20px;\n}\n<\/style>\n\t<\/div>\n\t\n<p>Email: <a href=\"mailto:info@universalfmt.com\">info@universalfmt.com<\/a><\/p>\n<p>Email: <a href=\"mailto:export@universalfmt.com\">export@universalfmt.com<\/a><\/p>\n\t\t<\/div>\n\t<\/div>\n\t\n\t\n\t<div id=\"gap-74620658\" class=\"gap-element clearfix\" style=\"display:block; height:auto;\">\n\t\t\n<style>\n#gap-74620658 {\n  padding-top: 20px;\n}\n<\/style>\n\t<\/div>\n\t\n\t<div class=\"img has-hover x md-x lg-x y md-y lg-y\" id=\"image_654362105\">\n\t\t\t\t\t\t\t\t<div class=\"img-inner dark\" >\n\t\t\t<img loading=\"lazy\" decoding=\"async\" width=\"440\" height=\"331\" src=\"https:\/\/universalfmt.com\/wp-content\/uploads\/2024\/03\/universal-iletisim21.png\" class=\"attachment-original size-original\" alt=\"\" srcset=\"https:\/\/universalfmt.com\/wp-content\/uploads\/2024\/03\/universal-iletisim21.png 440w, https:\/\/universalfmt.com\/wp-content\/uploads\/2024\/03\/universal-iletisim21-300x226.png 300w\" sizes=\"auto, (max-width: 440px) 100vw, 440px\" \/>\t\t\t\t\t\t\n\t\t\t\t\t<\/div>\n\t\t\t\t\t\t\t\t\n<style>\n#image_654362105 {\n  width: 70%;\n}\n<\/style>\n\t<\/div>\n\t\n\t\t<\/div>\n\t\t\t\t\t<\/div>\n\n\t\n\n\t<div id=\"col-85558892\" class=\"col medium-6 small-12 large-6\"  >\n\t\t\t\t<div class=\"col-inner box-shadow-1\"  >\n\t\t\t\n\t\t\t\n<h2>Sizinle \u0130leti\u015fime Ge\u00e7elim<\/h2>\n<div id=\"quform-4bb68a\" class=\"quform quform-11 quform-support-page-caching\"><form id=\"quform-form-4bb68a\" class=\"quform-form quform-form-11\" action=\"\/tr\/wp-json\/wp\/v2\/pages\/887#quform-4bb68a\" method=\"post\" enctype=\"multipart\/form-data\" novalidate=\"novalidate\" data-options=\"{&quot;id&quot;:11,&quot;uniqueId&quot;:&quot;4bb68a&quot;,&quot;theme&quot;:&quot;&quot;,&quot;ajax&quot;:true,&quot;logic&quot;:{&quot;logic&quot;:[],&quot;dependents&quot;:[],&quot;elementIds&quot;:[],&quot;dependentElementIds&quot;:[],&quot;animate&quot;:true},&quot;currentPageId&quot;:1,&quot;errorsIcon&quot;:&quot;&quot;,&quot;updateFancybox&quot;:true,&quot;hasPages&quot;:false,&quot;pages&quot;:[1],&quot;pageProgressType&quot;:&quot;numbers&quot;,&quot;tooltipsEnabled&quot;:true,&quot;tooltipClasses&quot;:&quot;qtip-quform-dark qtip-shadow&quot;,&quot;tooltipMy&quot;:&quot;left center&quot;,&quot;tooltipAt&quot;:&quot;right center&quot;,&quot;isRtl&quot;:false,&quot;scrollOffset&quot;:-50,&quot;scrollSpeed&quot;:800}\"><button class=\"quform-default-submit\" name=\"quform_submit\" type=\"submit\" value=\"submit\" aria-hidden=\"true\" tabindex=\"-1\"><\/button><div class=\"quform-form-inner quform-form-inner-11\"><input type=\"hidden\" name=\"quform_form_id\" value=\"11\" \/><input type=\"hidden\" name=\"quform_form_uid\" value=\"4bb68a\" \/><input type=\"hidden\" name=\"quform_count\" value=\"1\" \/><input type=\"hidden\" name=\"form_url\" value=\"https:\/\/universalfmt.com\/tr\/wp-json\/wp\/v2\/pages\/887\" \/><input type=\"hidden\" name=\"referring_url\" value=\"\" \/><input type=\"hidden\" name=\"post_id\" value=\"\" \/><input type=\"hidden\" name=\"post_title\" value=\"\" \/><input type=\"hidden\" name=\"quform_current_page_id\" value=\"1\" \/><input type=\"hidden\" name=\"quform_csrf_token\" value=\"FOOyyWoxE8aAy85u79baFdBsT0suW04L7DsSa0Pa\" \/><div class=\"quform-elements quform-elements-11 quform-cf quform-responsive-elements-phone-landscape\"><div class=\"quform-element quform-element-page quform-page-1 quform-page-11_1 quform-cf quform-group-style-plain quform-first-page quform-last-page quform-current-page\"><div class=\"quform-child-elements\"><div class=\"quform-element quform-element-text quform-element-11_3 quform-cf quform-element-optional\"><div class=\"quform-spacer\"><div class=\"quform-label quform-label-11_3\"><label class=\"quform-label-text\" for=\"quform_11_3_4bb68a\">Ad\u0131n\u0131z<\/label><\/div><div class=\"quform-inner quform-inner-text quform-inner-11_3\"><div class=\"quform-input quform-input-text quform-input-11_3 quform-cf\"><input type=\"text\" id=\"quform_11_3_4bb68a\" name=\"quform_11_3\" class=\"quform-field quform-field-text quform-field-11_3\" \/><\/div><\/div><\/div><\/div><div class=\"quform-element quform-element-text quform-element-11_4 quform-cf quform-element-optional\"><div class=\"quform-spacer\"><div class=\"quform-label quform-label-11_4\"><label class=\"quform-label-text\" for=\"quform_11_4_4bb68a\">Telefon<\/label><\/div><div class=\"quform-inner quform-inner-text quform-inner-11_4\"><div class=\"quform-input quform-input-text quform-input-11_4 quform-cf\"><input type=\"text\" id=\"quform_11_4_4bb68a\" name=\"quform_11_4\" class=\"quform-field quform-field-text quform-field-11_4\" \/><\/div><\/div><\/div><\/div><div class=\"quform-element quform-element-email quform-element-11_5 quform-cf quform-element-required\"><div class=\"quform-spacer\"><div class=\"quform-label quform-label-11_5\"><label class=\"quform-label-text\" for=\"quform_11_5_4bb68a\">E-Mail<span class=\"quform-required\">*<\/span><\/label><\/div><div class=\"quform-inner quform-inner-email quform-inner-11_5\"><div class=\"quform-input quform-input-email quform-input-11_5 quform-cf\"><input type=\"email\" id=\"quform_11_5_4bb68a\" name=\"quform_11_5\" class=\"quform-field quform-field-email quform-field-11_5\" \/><\/div><\/div><\/div><\/div><div class=\"quform-element quform-element-textarea quform-element-11_6 quform-cf quform-element-optional\"><div class=\"quform-spacer\"><div class=\"quform-label quform-label-11_6\"><label class=\"quform-label-text\" for=\"quform_11_6_4bb68a\">Mesaj\u0131n\u0131z<\/label><\/div><div class=\"quform-inner quform-inner-textarea quform-inner-11_6\"><div class=\"quform-input quform-input-textarea quform-input-11_6 quform-cf\"><textarea id=\"quform_11_6_4bb68a\" name=\"quform_11_6\" class=\"quform-field quform-field-textarea quform-field-11_6\"><\/textarea><\/div><\/div><\/div><\/div><div class=\"quform-element quform-element-captcha quform-element-11_7 quform-cf quform-element-required\"><div class=\"quform-spacer\"><div class=\"quform-label quform-label-11_7\"><label class=\"quform-label-text\" for=\"quform_11_7_4bb68a\">L\u00fctfen karakterleri yaz\u0131n<span class=\"quform-required\">*<\/span><\/label><\/div><div class=\"quform-inner quform-inner-captcha quform-inner-11_7\"><div class=\"quform-input quform-input-captcha quform-input-11_7 quform-cf\"><input type=\"text\" id=\"quform_11_7_4bb68a\" name=\"quform_11_7\" class=\"quform-field quform-field-captcha quform-field-11_7\" \/><\/div><div class=\"quform-captcha quform-cf\"><div class=\"quform-captcha-image quform-captcha-image-11_7\"><img loading=\"lazy\" decoding=\"async\" class=\"quform-captcha-image-img\" src=\"data:image\/png;base64,iVBORw0KGgoAAAANSUhEUgAAAOYAAABQBAMAAAD\/1xTgAAAAIVBMVEX\/\/\/8iIiLj4+OQkJBZWVk9PT2srKx0dHTHx8dERERpaWm4MWzoAAAACXBIWXMAAA7EAAAOxAGVKw4bAAADcUlEQVRoge1YTVPTQBjeJu12j640VD0FGRyOZhTh2KCIRxemcm2tIx5ZKXJtRoH+bPcrzWabJttAcJzZ58A2O3nfZ9+PfXYDAA4ODg4ODg4ODg6PhO2j4GMIALwiw1\/Ns+1hjC989gdvAp\/w8UvTlEiwCS78MxYDvrA19ibvwhqcPl5G39IWsjUGo\/U5UQEntvPjkXUWqIMKltMQ8cQGX707Nny2MZzvyAW+1ifR95kVayIX22X2h2wcY\/y02ugVxSzM4zj\/8h\/m45MN55bqGuYjBKLCzypt9mTT8dJsZrM3YnZmwZlILhDjHh+8nJti+Itei7WCstngCOOBHacYqcYJpx8uw9UmXcHJsspqurGYjfBGyKyf1OMUcfTD89EKE4R7kWg1qiUF4SDkyR7U45TicLq6mXZBRzinGkVbvB7b1tPgfJ5u1JJm6oo4E2mj\/PBtg2woCzh5jPNv5ZxQFA4eZxQRb8Xf00sb0iLOXsh9lG1Ub2lFBAOPK4yNHBZxngBen9IWJFrHCuCAL9NODos4+VJROWeklVJxshqfXRNDDq051Y8y4U3NUrDXKRc+30Y7CzhlBOVbrWWqXJrVsZn0Us5+zhYYp\/ck35FtM4dErbFjJt2Ck6R6lncaGTcI30xDrAL3jaQvQ52fQEpPXx7E7FkkeZQLC3NxWwCZdYvUWYGqONO7yUSN59lVAeUKxtZ2HePBj2yGb9C55ipZcAblnF3FMVXjWzVeiOVkYSF+oCMSaMtgPUf1zu6oNcKqekIjvkkWZ0fPUVs4GuvpjtR5lsJX9W5Xnr80V8e+en4hfWavJcJ7KwsdyYzoO5hINYzs7lMG2lwzt7FeFyp6WNsGY0F5FmpmY9FjuZLYgwc9XEiDABGOOtl2533eO8iZMbaN+TmxuE4VQXWWxiljbmX1oyYjUBXGwawWJ7hjkRLtgPAkf5LJgF\/w2QB5UwTVCr8C3u7LlqabnuSnFVd8eDV8P6tLybGla7WMk1Sp2n2R6Pss5vWEtb5O7AHfUL0BxzyrO9W37XtB3GyOR+ljh9F5sdV9uT6kLi22BtPbs3iNz+FakBqYZfcmleEGAfenRJdTL0rvSc1i9zbUnm73G27bInQbbttloINWw227DPY5bvWZ99Cch4\/Mieg\/IAV3Fv9peHBAevLonA4ODg7\/Nf4CuWGRvchQhHAAAAAASUVORK5CYII=\" alt=\"CAPTCHA image\" data-element-id=\"7\" width=\"115\" height=\"40\" \/><\/div><\/div><p class=\"quform-description quform-description-below\">Bu, spam'\u0131 \u00f6nlememize yard\u0131mc\u0131 olur, te\u015fekk\u00fcr ederiz.<\/p><\/div><\/div><\/div><div class=\"quform-element quform-element-submit quform-element-11_2 quform-cf quform-button-style-theme\"><div class=\"quform-button-submit quform-button-submit-default quform-button-submit-11_2\"><button name=\"quform_submit\" type=\"submit\" class=\"quform-submit\" value=\"submit\"><span class=\"quform-button-text quform-button-submit-text\">G\u00f6nder<\/span><\/button><\/div><div class=\"quform-loading quform-loading-position-left quform-loading-type-spinner-1\"><div class=\"quform-loading-inner\"><div class=\"quform-loading-spinner\"><div class=\"quform-loading-spinner-inner\"><\/div><\/div><\/div><\/div><\/div><div class=\"quform-element-tree\"><label for=\"quform_11_0_4bb68a\">This field should be left blank<\/label><input type=\"text\" id=\"quform_11_0_4bb68a\" name=\"quform_11_0\" class=\"quform-field quform-field-tree quform-field-11_0\" tabindex=\"-1\" autocomplete=\"off\" \/><\/div><\/div><\/div><\/div><\/div><\/form><\/div>\n\t\t<\/div>\n\t\t\t\t\n<style>\n#col-85558892 > .col-inner {\n  padding: 0px 10px 10px 10px;\n  border-radius: 10px;\n}\n<\/style>\n\t<\/div>\n\n\t\n\n\t<div id=\"col-343356081\" class=\"col small-12 large-12\"  >\n\t\t\t\t<div class=\"col-inner\"  >\n\t\t\t\n\t\t\t\n<p><iframe src=\"https:\/\/www.google.com\/maps\/embed?pb=!1m14!1m8!1m3!1d50043.05332573421!2d27.164078!3d38.379273!3m2!1i1024!2i768!4f13.1!3m3!1m2!1s0x14bbdf51998a09b3%3A0x51f7be32a858d971!2sYenig%C3%BCn%2C%20265%2F6.%20Sk.%20No%3A3%2C%2035390%20Buca%20Organize%20Sanayi%20B%C3%B6lgesi%2FBuca%2F%C4%B0zmir!5e0!3m2!1str!2str!4v1711113636020!5m2!1str!2str\" width=\"100%\" height=\"450\" style=\"border:0;\" allowfullscreen=\"\" loading=\"lazy\" referrerpolicy=\"no-referrer-when-downgrade\"><\/iframe><\/p>\n\t\t<\/div>\n\t\t\t\t\t<\/div>\n\n\t\n<\/div>\n\t\t<\/div>\n\n\t\t\n<style>\n#section_1640351190 {\n  padding-top: 30px;\n  padding-bottom: 30px;\n}\n<\/style>\n\t<\/section>\n\t\n","protected":false},"excerpt":{"rendered":"","protected":false},"author":1,"featured_media":0,"parent":0,"menu_order":0,"comment_status":"closed","ping_status":"closed","template":"page-blank.php","meta":{"footnotes":""},"class_list":["post-887","page","type-page","status-publish","hentry"],"_links":{"self":[{"href":"https:\/\/universalfmt.com\/tr\/wp-json\/wp\/v2\/pages\/887","targetHints":{"allow":["GET"]}}],"collection":[{"href":"https:\/\/universalfmt.com\/tr\/wp-json\/wp\/v2\/pages"}],"about":[{"href":"https:\/\/universalfmt.com\/tr\/wp-json\/wp\/v2\/types\/page"}],"author":[{"embeddable":true,"href":"https:\/\/universalfmt.com\/tr\/wp-json\/wp\/v2\/users\/1"}],"replies":[{"embeddable":true,"href":"https:\/\/universalfmt.com\/tr\/wp-json\/wp\/v2\/comments?post=887"}],"version-history":[{"count":3,"href":"https:\/\/universalfmt.com\/tr\/wp-json\/wp\/v2\/pages\/887\/revisions"}],"predecessor-version":[{"id":967,"href":"https:\/\/universalfmt.com\/tr\/wp-json\/wp\/v2\/pages\/887\/revisions\/967"}],"wp:attachment":[{"href":"https:\/\/universalfmt.com\/tr\/wp-json\/wp\/v2\/media?parent=887"}],"curies":[{"name":"wp","href":"https:\/\/api.w.org\/{rel}","templated":true}]}}