{"id":877,"date":"2024-03-22T12:44:13","date_gmt":"2024-03-22T12:44:13","guid":{"rendered":"https:\/\/universalfmt.com\/hakkimizda\/"},"modified":"2024-04-05T10:23:54","modified_gmt":"2024-04-05T10:23:54","slug":"hakkimizda","status":"publish","type":"page","link":"https:\/\/universalfmt.com\/tr\/hakkimizda\/","title":{"rendered":"Hakk\u0131m\u0131zda"},"content":{"rendered":"  <div id=\"page-header-1811904944\" class=\"page-header-wrapper\">\n  <div class=\"page-title dark featured-title\">\n\n    \n    <div class=\"page-title-inner container align-center text-center flex-row-col medium-flex-wrap\" >\n              <div class=\"title-wrapper flex-col\">\n          <h1 class=\"entry-title mb-0\">\n            Hakk\u0131m\u0131zda          <\/h1>\n        <\/div>\n                    <div class=\"title-content flex-col\">\n              <\/div>\n    <\/div>\n\n       <\/div>\n    <\/div>\n  \n\t<section class=\"section\" id=\"section_1648467097\">\n\t\t<div class=\"bg section-bg fill bg-fill  bg-loaded\" >\n\n\t\t\t\n\t\t\t\n\t\t\t\n\n\t\t<\/div>\n\n\t\t\n\n\t\t<div class=\"section-content relative\">\n\t\t\t\n<div class=\"row align-middle\"  id=\"row-2017167007\">\n\n\t<div id=\"col-874666762\" class=\"col medium-6 small-12 large-6\"  >\n\t\t\t\t<div class=\"col-inner text-left\"  >\n\t\t\t\n\t\t\t\n\t<div id=\"text-1207921680\" class=\"text\">\n\t\t\n<h2>Universal FMT <\/h2>\n\t\t\n<style>\n#text-1207921680 {\n  text-align: left;\n}\n<\/style>\n\t<\/div>\n\t\n\t<div id=\"text-968718829\" class=\"text\">\n\t\t\n<p>2021 y\u0131l\u0131nda T\u00fcrkiye\u2019de yeni kurulmu\u015f bir \u015firketiz.<br \/>\nSiz de\u011ferli m\u00fc\u015fterilerimize \u00fcr\u00fcn yelpazemizi geni\u015fletmek ve daha kaliteli hizmet verebilmek ad\u0131na s\u00fcrekli yeni i\u015f ortakl\u0131klar\u0131 kuruyor ve \u00fcr\u00fcnlerinizi a\u011f\u0131m\u0131za ekliyoruz.<\/p>\n<p>\u0130leti\u015fim b\u00f6l\u00fcm\u00fcnden bizimle ileti\u015fime ge\u00e7meniz halinde size en uygun \u00fcr\u00fcn\u00fc ve fiyat\u0131 sunabilece\u011fimize inan\u0131yoruz.<\/p>\n\t\t\n<style>\n#text-968718829 {\n  text-align: left;\n}\n<\/style>\n\t<\/div>\n\t\n\t<div id=\"gap-1646605993\" class=\"gap-element clearfix\" style=\"display:block; height:auto;\">\n\t\t\n<style>\n#gap-1646605993 {\n  padding-top: 10px;\n}\n<\/style>\n\t<\/div>\n\t\n<div class=\"row row-small\"  id=\"row-431229832\">\n\n\t<div id=\"col-2004813806\" class=\"col medium-6 small-12 large-4\"  >\n\t\t\t\t<div class=\"col-inner\"  >\n\t\t\t\n\t\t\t\n\n\t\t<div class=\"icon-box featured-box icon-box-left text-left\"  >\n\t\t\t\t\t<div class=\"icon-box-img\" style=\"width: 60px\">\n\t\t\t\t<div class=\"icon\">\n\t\t\t\t\t<div class=\"icon-inner\" >\n\t\t\t\t\t\t<img loading=\"lazy\" decoding=\"async\" width=\"300\" height=\"300\" src=\"https:\/\/universalfmt.com\/wp-content\/uploads\/2024\/03\/universal-tutarli-icon-300x300.png\" class=\"attachment-medium size-medium\" alt=\"\" srcset=\"https:\/\/universalfmt.com\/wp-content\/uploads\/2024\/03\/universal-tutarli-icon-300x300.png 300w, https:\/\/universalfmt.com\/wp-content\/uploads\/2024\/03\/universal-tutarli-icon-150x150.png 150w, https:\/\/universalfmt.com\/wp-content\/uploads\/2024\/03\/universal-tutarli-icon.png 501w\" sizes=\"auto, (max-width: 300px) 100vw, 300px\" \/>\t\t\t\t\t<\/div>\n\t\t\t\t<\/div>\n\t\t\t<\/div>\n\t\t\t\t<div class=\"icon-box-text last-reset\">\n\t\t\t\t\t\t\t\t\t\n\t<div id=\"gap-580264214\" class=\"gap-element clearfix\" style=\"display:block; height:auto;\">\n\t\t\n<style>\n#gap-580264214 {\n  padding-top: 20px;\n}\n<\/style>\n\t<\/div>\n\t\n<p><strong>Tutarl\u0131l\u0131k<\/strong><\/p>\n\t\t<\/div>\n\t<\/div>\n\t\n\t\n\t\t<\/div>\n\t\t\t\t\t<\/div>\n\n\t\n\n\t<div id=\"col-1684404321\" class=\"col medium-6 small-6 large-4 small-col-first\"  >\n\t\t\t\t<div class=\"col-inner\"  >\n\t\t\t\n\t\t\t\n\n\t\t<div class=\"icon-box featured-box icon-box-left text-left\"  >\n\t\t\t\t\t<div class=\"icon-box-img\" style=\"width: 60px\">\n\t\t\t\t<div class=\"icon\">\n\t\t\t\t\t<div class=\"icon-inner\" >\n\t\t\t\t\t\t<img loading=\"lazy\" decoding=\"async\" width=\"300\" height=\"300\" src=\"https:\/\/universalfmt.com\/wp-content\/uploads\/2024\/03\/universal-strategy-icon-300x300.png\" class=\"attachment-medium size-medium\" alt=\"\" srcset=\"https:\/\/universalfmt.com\/wp-content\/uploads\/2024\/03\/universal-strategy-icon-300x300.png 300w, https:\/\/universalfmt.com\/wp-content\/uploads\/2024\/03\/universal-strategy-icon-150x150.png 150w, https:\/\/universalfmt.com\/wp-content\/uploads\/2024\/03\/universal-strategy-icon.png 501w\" sizes=\"auto, (max-width: 300px) 100vw, 300px\" \/>\t\t\t\t\t<\/div>\n\t\t\t\t<\/div>\n\t\t\t<\/div>\n\t\t\t\t<div class=\"icon-box-text last-reset\">\n\t\t\t\t\t\t\t\t\t\n\t<div id=\"gap-316891608\" class=\"gap-element clearfix\" style=\"display:block; height:auto;\">\n\t\t\n<style>\n#gap-316891608 {\n  padding-top: 5px;\n}\n<\/style>\n\t<\/div>\n\t\n<p><strong>Do\u011fru<br \/>\nStrateji<\/strong><\/p>\n\t\t<\/div>\n\t<\/div>\n\t\n\t\n\t\t<\/div>\n\t\t\t\t\t<\/div>\n\n\t\n\n\t<div id=\"col-2090894752\" class=\"col medium-12 small-6 large-4 small-col-first\"  >\n\t\t\t\t<div class=\"col-inner\"  >\n\t\t\t\n\t\t\t\n\n\t\t<div class=\"icon-box featured-box icon-box-left text-left\"  >\n\t\t\t\t\t<div class=\"icon-box-img\" style=\"width: 60px\">\n\t\t\t\t<div class=\"icon\">\n\t\t\t\t\t<div class=\"icon-inner\" >\n\t\t\t\t\t\t<img loading=\"lazy\" decoding=\"async\" width=\"300\" height=\"300\" src=\"https:\/\/universalfmt.com\/wp-content\/uploads\/2024\/03\/universal-ticaret-icon-300x300.png\" class=\"attachment-medium size-medium\" alt=\"\" srcset=\"https:\/\/universalfmt.com\/wp-content\/uploads\/2024\/03\/universal-ticaret-icon-300x300.png 300w, https:\/\/universalfmt.com\/wp-content\/uploads\/2024\/03\/universal-ticaret-icon-150x150.png 150w, https:\/\/universalfmt.com\/wp-content\/uploads\/2024\/03\/universal-ticaret-icon.png 501w\" sizes=\"auto, (max-width: 300px) 100vw, 300px\" \/>\t\t\t\t\t<\/div>\n\t\t\t\t<\/div>\n\t\t\t<\/div>\n\t\t\t\t<div class=\"icon-box-text last-reset\">\n\t\t\t\t\t\t\t\t\t\n\t<div id=\"gap-498099663\" class=\"gap-element clearfix\" style=\"display:block; height:auto;\">\n\t\t\n<style>\n#gap-498099663 {\n  padding-top: 5px;\n}\n<\/style>\n\t<\/div>\n\t\n<p><strong>G\u00fc\u00e7l\u00fc Ticaret<\/strong><\/p>\n\t\t<\/div>\n\t<\/div>\n\t\n\t\n\t\t<\/div>\n\t\t\t\t\t<\/div>\n\n\t\n<\/div>\n\t<div id=\"gap-1992051246\" class=\"gap-element clearfix\" style=\"display:block; height:auto;\">\n\t\t\n<style>\n#gap-1992051246 {\n  padding-top: 10px;\n}\n<\/style>\n\t<\/div>\n\t\n<a href=\"https:\/\/universalfmt.com\/tr\/urunler\/\" class=\"button primary lowercase\"  style=\"border-radius:10px;\">\n    <span>\u00dcr\u00fcnler<\/span>\n  <i class=\"icon-angle-right\" aria-hidden=\"true\" ><\/i><\/a>\n\n<a href=\"https:\/\/universalfmt.com\/tr\/iletisim\/\" class=\"button secondary is-outline lowercase\"  style=\"border-radius:10px;\">\n    <span>\u0130leti\u015fim<\/span>\n  <i class=\"icon-angle-right\" aria-hidden=\"true\" ><\/i><\/a>\n\n\t\t<\/div>\n\t\t\t\t\t<\/div>\n\n\t\n\n\t<div id=\"col-888621299\" class=\"col medium-6 small-12 large-6 small-col-first\"  >\n\t\t\t\t<div class=\"col-inner\"  >\n\t\t\t\n\t\t\t\n\t<div class=\"img has-hover portre_img x md-x lg-x y md-y lg-y\" id=\"image_787804095\">\n\t\t\t\t\t\t\t\t<div class=\"img-inner dark\" >\n\t\t\t<img loading=\"lazy\" decoding=\"async\" width=\"1000\" height=\"666\" src=\"https:\/\/universalfmt.com\/wp-content\/uploads\/2024\/03\/universal-fmt-img-21.jpeg\" class=\"attachment-original size-original\" alt=\"\" srcset=\"https:\/\/universalfmt.com\/wp-content\/uploads\/2024\/03\/universal-fmt-img-21.jpeg 1000w, https:\/\/universalfmt.com\/wp-content\/uploads\/2024\/03\/universal-fmt-img-21-300x200.jpeg 300w, https:\/\/universalfmt.com\/wp-content\/uploads\/2024\/03\/universal-fmt-img-21-768x511.jpeg 768w\" sizes=\"auto, (max-width: 1000px) 100vw, 1000px\" \/>\t\t\t\t\t\t\n\t\t\t\t\t<\/div>\n\t\t\t\t\t\t\t\t\n<style>\n#image_787804095 {\n  width: 100%;\n}\n<\/style>\n\t<\/div>\n\t\n\t\t<\/div>\n\t\t\t\t\t<\/div>\n\n\t\n<\/div>\n\t\t<\/div>\n\n\t\t\n<style>\n#section_1648467097 {\n  padding-top: 30px;\n  padding-bottom: 30px;\n}\n<\/style>\n\t<\/section>\n\t\n\t<section class=\"section\" id=\"section_572737049\">\n\t\t<div class=\"bg section-bg fill bg-fill  bg-loaded\" >\n\n\t\t\t\n\t\t\t\n\t\t\t\n\n\t\t<\/div>\n\n\t\t\n\n\t\t<div class=\"section-content relative\">\n\t\t\t\n<div class=\"container section-title-container\" ><h3 class=\"section-title section-title-normal\"><b><\/b><span class=\"section-title-main\" >Partnerlerimiz<\/span><b><\/b><\/h3><\/div>\n<div class=\"row align-middle\"  id=\"row-1042105338\">\n\n\t<div id=\"col-264382163\" class=\"col medium-2 small-4 large-2\"  >\n\t\t\t\t<div class=\"col-inner text-center\"  >\n\t\t\t\n\t\t\t\n\t<div class=\"img has-hover x md-x lg-x y md-y lg-y\" id=\"image_1515738396\">\n\t\t\t\t\t\t\t\t<div class=\"img-inner image-color dark\" >\n\t\t\t<img loading=\"lazy\" decoding=\"async\" width=\"1080\" height=\"427\" src=\"https:\/\/universalfmt.com\/wp-content\/uploads\/2024\/03\/afci-logo.jpg\" class=\"attachment-original size-original\" alt=\"\" srcset=\"https:\/\/universalfmt.com\/wp-content\/uploads\/2024\/03\/afci-logo.jpg 1080w, https:\/\/universalfmt.com\/wp-content\/uploads\/2024\/03\/afci-logo-300x119.jpg 300w, https:\/\/universalfmt.com\/wp-content\/uploads\/2024\/03\/afci-logo-1024x405.jpg 1024w, https:\/\/universalfmt.com\/wp-content\/uploads\/2024\/03\/afci-logo-768x304.jpg 768w\" sizes=\"auto, (max-width: 1080px) 100vw, 1080px\" \/>\t\t\t\t\t\t\n\t\t\t\t\t<\/div>\n\t\t\t\t\t\t\t\t\n<style>\n#image_1515738396 {\n  width: 90%;\n}\n<\/style>\n\t<\/div>\n\t\n\t\t<\/div>\n\t\t\t\t\t<\/div>\n\n\t\n\n\t<div id=\"col-917034676\" class=\"col medium-2 small-4 large-2\"  >\n\t\t\t\t<div class=\"col-inner text-center\"  >\n\t\t\t\n\t\t\t\n\t<div class=\"img has-hover x md-x lg-x y md-y lg-y\" id=\"image_970376112\">\n\t\t\t\t\t\t\t\t<div class=\"img-inner image-color dark\" >\n\t\t\t<img loading=\"lazy\" decoding=\"async\" width=\"350\" height=\"91\" src=\"https:\/\/universalfmt.com\/wp-content\/uploads\/2024\/03\/vestel-logo-partner.png\" class=\"attachment-original size-original\" alt=\"\" srcset=\"https:\/\/universalfmt.com\/wp-content\/uploads\/2024\/03\/vestel-logo-partner.png 350w, https:\/\/universalfmt.com\/wp-content\/uploads\/2024\/03\/vestel-logo-partner-300x78.png 300w\" sizes=\"auto, (max-width: 350px) 100vw, 350px\" \/>\t\t\t\t\t\t\n\t\t\t\t\t<\/div>\n\t\t\t\t\t\t\t\t\n<style>\n#image_970376112 {\n  width: 100%;\n}\n<\/style>\n\t<\/div>\n\t\n\t\t<\/div>\n\t\t\t\t\t<\/div>\n\n\t\n\n\t<div id=\"col-2026077648\" class=\"col medium-2 small-4 large-2\"  >\n\t\t\t\t<div class=\"col-inner text-center\"  >\n\t\t\t\n\t\t\t\n\t<div class=\"img has-hover x md-x lg-x y md-y lg-y\" id=\"image_1128981353\">\n\t\t\t\t\t\t\t\t<div class=\"img-inner image-color dark\" >\n\t\t\t<img loading=\"lazy\" decoding=\"async\" width=\"350\" height=\"44\" src=\"https:\/\/universalfmt.com\/wp-content\/uploads\/2024\/03\/meridyen-logo-partner.png\" class=\"attachment-original size-original\" alt=\"\" srcset=\"https:\/\/universalfmt.com\/wp-content\/uploads\/2024\/03\/meridyen-logo-partner.png 350w, https:\/\/universalfmt.com\/wp-content\/uploads\/2024\/03\/meridyen-logo-partner-300x38.png 300w\" sizes=\"auto, (max-width: 350px) 100vw, 350px\" \/>\t\t\t\t\t\t\n\t\t\t\t\t<\/div>\n\t\t\t\t\t\t\t\t\n<style>\n#image_1128981353 {\n  width: 100%;\n}\n<\/style>\n\t<\/div>\n\t\n\t\t<\/div>\n\t\t\t\t\t<\/div>\n\n\t\n\n\t<div id=\"col-371160673\" class=\"col medium-2 small-4 large-2\"  >\n\t\t\t\t<div class=\"col-inner text-center\"  >\n\t\t\t\n\t\t\t\n\t<div class=\"img has-hover x md-x lg-x y md-y lg-y\" id=\"image_789363954\">\n\t\t\t\t\t\t\t\t<div class=\"img-inner image-color dark\" >\n\t\t\t<img loading=\"lazy\" decoding=\"async\" width=\"350\" height=\"179\" src=\"https:\/\/universalfmt.com\/wp-content\/uploads\/2024\/03\/balkan-logo-partner.png\" class=\"attachment-original size-original\" alt=\"\" srcset=\"https:\/\/universalfmt.com\/wp-content\/uploads\/2024\/03\/balkan-logo-partner.png 350w, https:\/\/universalfmt.com\/wp-content\/uploads\/2024\/03\/balkan-logo-partner-300x153.png 300w\" sizes=\"auto, (max-width: 350px) 100vw, 350px\" \/>\t\t\t\t\t\t\n\t\t\t\t\t<\/div>\n\t\t\t\t\t\t\t\t\n<style>\n#image_789363954 {\n  width: 70%;\n}\n<\/style>\n\t<\/div>\n\t\n\t\t<\/div>\n\t\t\t\t\t<\/div>\n\n\t\n\n\t<div id=\"col-1395665043\" class=\"col medium-2 small-4 large-2\"  >\n\t\t\t\t<div class=\"col-inner text-center\"  >\n\t\t\t\n\t\t\t\n\t<div class=\"img has-hover x md-x lg-x y md-y lg-y\" id=\"image_1141276340\">\n\t\t\t\t\t\t\t\t<div class=\"img-inner image-color dark\" >\n\t\t\t<img loading=\"lazy\" decoding=\"async\" width=\"350\" height=\"162\" src=\"https:\/\/universalfmt.com\/wp-content\/uploads\/2024\/03\/cotanak-logo-partner.png\" class=\"attachment-original size-original\" alt=\"\" srcset=\"https:\/\/universalfmt.com\/wp-content\/uploads\/2024\/03\/cotanak-logo-partner.png 350w, https:\/\/universalfmt.com\/wp-content\/uploads\/2024\/03\/cotanak-logo-partner-300x139.png 300w\" sizes=\"auto, (max-width: 350px) 100vw, 350px\" \/>\t\t\t\t\t\t\n\t\t\t\t\t<\/div>\n\t\t\t\t\t\t\t\t\n<style>\n#image_1141276340 {\n  width: 80%;\n}\n<\/style>\n\t<\/div>\n\t\n\t\t<\/div>\n\t\t\t\t\t<\/div>\n\n\t\n\n\t<div id=\"col-270175887\" class=\"col medium-2 small-4 large-2\"  >\n\t\t\t\t<div class=\"col-inner\"  >\n\t\t\t\n\t\t\t\n\t<div class=\"img has-hover x md-x lg-x y md-y lg-y\" id=\"image_1935883962\">\n\t\t\t\t\t\t\t\t<div class=\"img-inner image-color dark\" >\n\t\t\t<img loading=\"lazy\" decoding=\"async\" width=\"332\" height=\"60\" src=\"https:\/\/universalfmt.com\/wp-content\/uploads\/2024\/03\/tak-power-logo.png\" class=\"attachment-original size-original\" alt=\"\" srcset=\"https:\/\/universalfmt.com\/wp-content\/uploads\/2024\/03\/tak-power-logo.png 332w, https:\/\/universalfmt.com\/wp-content\/uploads\/2024\/03\/tak-power-logo-300x54.png 300w\" sizes=\"auto, (max-width: 332px) 100vw, 332px\" \/>\t\t\t\t\t\t\n\t\t\t\t\t<\/div>\n\t\t\t\t\t\t\t\t\n<style>\n#image_1935883962 {\n  width: 100%;\n}\n<\/style>\n\t<\/div>\n\t\n\t\t<\/div>\n\t\t\t\t\t<\/div>\n\n\t\n\n\t<div id=\"col-1129191390\" class=\"col medium-2 small-4 large-2\"  >\n\t\t\t\t<div class=\"col-inner\"  >\n\t\t\t\n\t\t\t\n\t<div class=\"img has-hover x md-x lg-x y md-y lg-y\" id=\"image_581535474\">\n\t\t\t\t\t\t\t\t<div class=\"img-inner image-color dark\" >\n\t\t\t<img loading=\"lazy\" decoding=\"async\" width=\"351\" height=\"116\" src=\"https:\/\/universalfmt.com\/wp-content\/uploads\/2024\/03\/depa-logo-partner.png\" class=\"attachment-original size-original\" alt=\"\" srcset=\"https:\/\/universalfmt.com\/wp-content\/uploads\/2024\/03\/depa-logo-partner.png 351w, https:\/\/universalfmt.com\/wp-content\/uploads\/2024\/03\/depa-logo-partner-300x99.png 300w\" sizes=\"auto, (max-width: 351px) 100vw, 351px\" \/>\t\t\t\t\t\t\n\t\t\t\t\t<\/div>\n\t\t\t\t\t\t\t\t\n<style>\n#image_581535474 {\n  width: 100%;\n}\n<\/style>\n\t<\/div>\n\t\n\t\t<\/div>\n\t\t\t\t\t<\/div>\n\n\t\n\n\t<div id=\"col-127684827\" class=\"col medium-2 small-4 large-2\"  >\n\t\t\t\t<div class=\"col-inner text-center\"  >\n\t\t\t\n\t\t\t\n\t<div class=\"img has-hover x md-x lg-x y md-y lg-y\" id=\"image_1731802186\">\n\t\t\t\t\t\t\t\t<div class=\"img-inner image-color dark\" >\n\t\t\t<img loading=\"lazy\" decoding=\"async\" width=\"353\" height=\"167\" src=\"https:\/\/universalfmt.com\/wp-content\/uploads\/2024\/03\/oriks-logo.png\" class=\"attachment-original size-original\" alt=\"\" srcset=\"https:\/\/universalfmt.com\/wp-content\/uploads\/2024\/03\/oriks-logo.png 353w, https:\/\/universalfmt.com\/wp-content\/uploads\/2024\/03\/oriks-logo-300x142.png 300w\" sizes=\"auto, (max-width: 353px) 100vw, 353px\" \/>\t\t\t\t\t\t\n\t\t\t\t\t<\/div>\n\t\t\t\t\t\t\t\t\n<style>\n#image_1731802186 {\n  width: 89%;\n}\n<\/style>\n\t<\/div>\n\t\n\t\t<\/div>\n\t\t\t\t\t<\/div>\n\n\t\n\n\t<div id=\"col-509964323\" class=\"col medium-2 small-4 large-2\"  >\n\t\t\t\t<div class=\"col-inner text-center\"  >\n\t\t\t\n\t\t\t\n\t<div class=\"img has-hover x md-x lg-x y md-y lg-y\" id=\"image_931737113\">\n\t\t\t\t\t\t\t\t<div class=\"img-inner image-color dark\" >\n\t\t\t<img loading=\"lazy\" decoding=\"async\" width=\"351\" height=\"158\" src=\"https:\/\/universalfmt.com\/wp-content\/uploads\/2024\/04\/smart-sw-logo.png\" class=\"attachment-original size-original\" alt=\"\" srcset=\"https:\/\/universalfmt.com\/wp-content\/uploads\/2024\/04\/smart-sw-logo.png 351w, https:\/\/universalfmt.com\/wp-content\/uploads\/2024\/04\/smart-sw-logo-300x135.png 300w\" sizes=\"auto, (max-width: 351px) 100vw, 351px\" \/>\t\t\t\t\t\t\n\t\t\t\t\t<\/div>\n\t\t\t\t\t\t\t\t\n<style>\n#image_931737113 {\n  width: 90%;\n}\n<\/style>\n\t<\/div>\n\t\n\t\t<\/div>\n\t\t\t\t\t<\/div>\n\n\t\n\n\t<div id=\"col-1682765266\" class=\"col medium-2 small-6 large-2\"  >\n\t\t\t\t<div class=\"col-inner text-center\"  >\n\t\t\t\n\t\t\t\n\t<div class=\"img has-hover x md-x lg-x y md-y lg-y\" id=\"image_1231938543\">\n\t\t\t\t\t\t\t\t<div class=\"img-inner image-color dark\" >\n\t\t\t<img loading=\"lazy\" decoding=\"async\" width=\"1284\" height=\"1284\" src=\"https:\/\/universalfmt.com\/wp-content\/uploads\/2024\/03\/sultaninstruments-logo.jpg\" class=\"attachment-original size-original\" alt=\"\" srcset=\"https:\/\/universalfmt.com\/wp-content\/uploads\/2024\/03\/sultaninstruments-logo.jpg 1284w, https:\/\/universalfmt.com\/wp-content\/uploads\/2024\/03\/sultaninstruments-logo-300x300.jpg 300w, https:\/\/universalfmt.com\/wp-content\/uploads\/2024\/03\/sultaninstruments-logo-1024x1024.jpg 1024w, https:\/\/universalfmt.com\/wp-content\/uploads\/2024\/03\/sultaninstruments-logo-150x150.jpg 150w, https:\/\/universalfmt.com\/wp-content\/uploads\/2024\/03\/sultaninstruments-logo-768x768.jpg 768w\" sizes=\"auto, (max-width: 1284px) 100vw, 1284px\" \/>\t\t\t\t\t\t\n\t\t\t\t\t<\/div>\n\t\t\t\t\t\t\t\t\n<style>\n#image_1231938543 {\n  width: 40%;\n}\n<\/style>\n\t<\/div>\n\t\n\t\t<\/div>\n\t\t\t\t\t<\/div>\n\n\t\n\n<style>\n#row-1042105338 > .col > .col-inner {\n  padding: 0px 0px 2px 0px;\n}\n@media (min-width:550px) {\n  #row-1042105338 > .col > .col-inner {\n    padding: 0px 0px 5px 0px;\n  }\n}\n<\/style>\n<\/div>\n\t\t<\/div>\n\n\t\t\n<style>\n#section_572737049 {\n  padding-top: 30px;\n  padding-bottom: 30px;\n}\n<\/style>\n\t<\/section>\n\t\n","protected":false},"excerpt":{"rendered":"","protected":false},"author":1,"featured_media":0,"parent":0,"menu_order":0,"comment_status":"closed","ping_status":"closed","template":"page-blank.php","meta":{"footnotes":""},"class_list":["post-877","page","type-page","status-publish","hentry"],"_links":{"self":[{"href":"https:\/\/universalfmt.com\/tr\/wp-json\/wp\/v2\/pages\/877","targetHints":{"allow":["GET"]}}],"collection":[{"href":"https:\/\/universalfmt.com\/tr\/wp-json\/wp\/v2\/pages"}],"about":[{"href":"https:\/\/universalfmt.com\/tr\/wp-json\/wp\/v2\/types\/page"}],"author":[{"embeddable":true,"href":"https:\/\/universalfmt.com\/tr\/wp-json\/wp\/v2\/users\/1"}],"replies":[{"embeddable":true,"href":"https:\/\/universalfmt.com\/tr\/wp-json\/wp\/v2\/comments?post=877"}],"version-history":[{"count":6,"href":"https:\/\/universalfmt.com\/tr\/wp-json\/wp\/v2\/pages\/877\/revisions"}],"predecessor-version":[{"id":966,"href":"https:\/\/universalfmt.com\/tr\/wp-json\/wp\/v2\/pages\/877\/revisions\/966"}],"wp:attachment":[{"href":"https:\/\/universalfmt.com\/tr\/wp-json\/wp\/v2\/media?parent=877"}],"curies":[{"name":"wp","href":"https:\/\/api.w.org\/{rel}","templated":true}]}}