{"id":590,"date":"2024-03-22T12:40:30","date_gmt":"2024-03-22T12:40:30","guid":{"rendered":"https:\/\/universalfmt.com\/politique-de-confidentialite\/"},"modified":"2024-03-22T12:40:30","modified_gmt":"2024-03-22T12:40:30","slug":"politique-de-confidentialite","status":"publish","type":"page","link":"https:\/\/universalfmt.com\/fr\/politique-de-confidentialite\/","title":{"rendered":"Politique de Confidentialit\u00e9"},"content":{"rendered":"  <div id=\"page-header-1902059940\" class=\"page-header-wrapper\">\n  <div class=\"page-title dark featured-title\">\n\n    \n    <div class=\"page-title-inner container align-center text-center flex-row-col medium-flex-wrap\" >\n              <div class=\"title-wrapper flex-col\">\n          <h1 class=\"entry-title mb-0\">\n            Politique de Confidentialit\u00e9          <\/h1>\n        <\/div>\n                    <div class=\"title-content flex-col\">\n        <ul class=\"nav sm-touch-scroll nav-line nav-uppercase text-center nav-center\"><li class=\"nav-single-page hidden\"><\/li><\/ul>      <\/div>\n    <\/div>\n\n       <\/div>\n    <\/div>\n  \n\t<section class=\"section\" id=\"section_903104558\">\n\t\t<div class=\"bg section-bg fill bg-fill  bg-loaded\" >\n\n\t\t\t\n\t\t\t\n\t\t\t\n\n\t\t<\/div>\n\n\t\t\n\n\t\t<div class=\"section-content relative\">\n\t\t\t\n<div class=\"row\"  id=\"row-1112067941\">\n\n\t<div id=\"col-1091459647\" class=\"col small-12 large-12\"  >\n\t\t\t\t<div class=\"col-inner\"  >\n\t\t\t\n\t\t\t\n<p>Cette politique de confidentialit\u00e9 explique comment Universal FMT collecte, utilise et divulgue des informations concernant l&#8217;acc\u00e8s et l&#8217;utilisation de notre site Web et de nos services. Cette politique de confidentialit\u00e9 ne s&#8217;applique pas aux sites Web, services ou applications tiers auxquels vous pouvez acc\u00e9der via nos services.<br \/>\nComme la plupart des sites Web, www.universalfmt.com collecte le type d\u2019informations non personnelles que les navigateurs et serveurs Web mettent habituellement \u00e0 disposition, telles que le type de navigateur, la pr\u00e9f\u00e9rence linguistique, le site r\u00e9f\u00e9rent, ainsi que la date et l\u2019heure de la demande de chaque visiteur. L\u2019objectif d\u2019Universal FMT dans la collecte d\u2019informations non personnelles est de mieux comprendre comment ses visiteurs utilisent le site Web. Universal FMT collecte \u00e9galement des informations telles que les adresses IP (Internet Protocol). Universal FMT n&#8217;utilise pas ces informations pour identifier ses visiteurs et ne divulgue pas ces informations, sauf dans les conditions d\u00e9crites ci-dessous.<br \/>\nNotre site Web peut collecter des informations sur la mani\u00e8re dont les utilisateurs finaux utilisent notre site Web www.universalfmt.com et sur les performances de ce site Web. Par exemple, cela peut fonctionner pour des outils qui vous offrent une navigation plus facile sur le site, tels que les produits r\u00e9cemment visit\u00e9s.<\/p>\n<p>Cookies:<br \/>\nNos services d&#8217;am\u00e9lioration de l&#8217;exp\u00e9rience collectent des informations sur les visiteurs de notre site Web www.universalfmt.com \u00e0 l&#8217;aide de cookies. Un cookie est une cha\u00eene d\u2019informations qu\u2019un site Web a stock\u00e9e sur l\u2019ordinateur d\u2019un visiteur et qui est fournie au site Web par le navigateur du visiteur \u00e0 chaque fois que le visiteur revient. La plupart des navigateurs Internet acceptent automatiquement les cookies, mais en ajustant leurs options et en acceptant les instructions de votre navigateur, vous pouvez cesser d&#8217;accepter les cookies ou cesser d&#8217;accepter les cookies du site Web que vous visitez. Vous pouvez leur demander de demander avant d&#8217;accepter un cookie de leur site.<br \/>\nToutes les informations collect\u00e9es en question sont collect\u00e9es pour le compte d&#8217;Universal FMT. \u00c0 l\u2019exception des proc\u00e9dures judiciaires, il n\u2019est pas transf\u00e9r\u00e9, vendu ou partag\u00e9 \u00e0 une tierce institution ou personne.<br \/>\nUniversal FMT se r\u00e9serve le droit de modifier la politique de confidentialit\u00e9 \u00e0 tout moment.<\/p>\n\t\t<\/div>\n\t\t\t\t\t<\/div>\n\n\t\n<\/div>\n\t\t<\/div>\n\n\t\t\n<style>\n#section_903104558 {\n  padding-top: 30px;\n  padding-bottom: 30px;\n}\n<\/style>\n\t<\/section>\n\t\n","protected":false},"excerpt":{"rendered":"","protected":false},"author":1,"featured_media":0,"parent":0,"menu_order":0,"comment_status":"closed","ping_status":"closed","template":"page-blank.php","meta":{"footnotes":""},"class_list":["post-590","page","type-page","status-publish","hentry"],"_links":{"self":[{"href":"https:\/\/universalfmt.com\/fr\/wp-json\/wp\/v2\/pages\/590","targetHints":{"allow":["GET"]}}],"collection":[{"href":"https:\/\/universalfmt.com\/fr\/wp-json\/wp\/v2\/pages"}],"about":[{"href":"https:\/\/universalfmt.com\/fr\/wp-json\/wp\/v2\/types\/page"}],"author":[{"embeddable":true,"href":"https:\/\/universalfmt.com\/fr\/wp-json\/wp\/v2\/users\/1"}],"replies":[{"embeddable":true,"href":"https:\/\/universalfmt.com\/fr\/wp-json\/wp\/v2\/comments?post=590"}],"version-history":[{"count":0,"href":"https:\/\/universalfmt.com\/fr\/wp-json\/wp\/v2\/pages\/590\/revisions"}],"wp:attachment":[{"href":"https:\/\/universalfmt.com\/fr\/wp-json\/wp\/v2\/media?parent=590"}],"curies":[{"name":"wp","href":"https:\/\/api.w.org\/{rel}","templated":true}]}}