{"id":525,"date":"2024-03-22T12:44:13","date_gmt":"2024-03-22T12:44:13","guid":{"rendered":"https:\/\/universalfmt.com\/a-propos-de-nous\/"},"modified":"2024-04-04T09:28:14","modified_gmt":"2024-04-04T09:28:14","slug":"a-propos-de-nous","status":"publish","type":"page","link":"https:\/\/universalfmt.com\/fr\/a-propos-de-nous\/","title":{"rendered":"\u00c0 propos de nous"},"content":{"rendered":"  <div id=\"page-header-1048940647\" class=\"page-header-wrapper\">\n  <div class=\"page-title dark featured-title\">\n\n    \n    <div class=\"page-title-inner container align-center text-center flex-row-col medium-flex-wrap\" >\n              <div class=\"title-wrapper flex-col\">\n          <h1 class=\"entry-title mb-0\">\n            \u00c0 propos de nous          <\/h1>\n        <\/div>\n                    <div class=\"title-content flex-col\">\n              <\/div>\n    <\/div>\n\n       <\/div>\n    <\/div>\n  \n\t<section class=\"section\" id=\"section_1104408223\">\n\t\t<div class=\"bg section-bg fill bg-fill  bg-loaded\" >\n\n\t\t\t\n\t\t\t\n\t\t\t\n\n\t\t<\/div>\n\n\t\t\n\n\t\t<div class=\"section-content relative\">\n\t\t\t\n<div class=\"row align-middle\"  id=\"row-1037507216\">\n\n\t<div id=\"col-1194241132\" class=\"col medium-6 small-12 large-6\"  >\n\t\t\t\t<div class=\"col-inner text-left\"  >\n\t\t\t\n\t\t\t\n\t<div id=\"text-4125621208\" class=\"text\">\n\t\t\n<h2>Universal FMT <\/h2>\n\t\t\n<style>\n#text-4125621208 {\n  text-align: left;\n}\n<\/style>\n\t<\/div>\n\t\n\t<div id=\"text-3367537500\" class=\"text\">\n\t\t\n<p>Nous sommes une entreprise nouvellement cr\u00e9\u00e9e en Turquie en 2021.<br \/>\nNous \u00e9tablissons constamment de nouveaux partenariats commerciaux et ajoutons vos produits \u00e0 notre r\u00e9seau afin d&#8217;\u00e9largir notre gamme de produits et d&#8217;offrir un service de meilleure qualit\u00e9 \u00e0 nos pr\u00e9cieux clients.<\/p>\n<p>Nous pensons que nous pouvons vous proposer le produit et le prix les plus adapt\u00e9s si vous nous contactez via la section communication.<\/p>\n\t\t\n<style>\n#text-3367537500 {\n  text-align: left;\n}\n<\/style>\n\t<\/div>\n\t\n\t<div id=\"gap-556127320\" class=\"gap-element clearfix\" style=\"display:block; height:auto;\">\n\t\t\n<style>\n#gap-556127320 {\n  padding-top: 10px;\n}\n<\/style>\n\t<\/div>\n\t\n<div class=\"row row-small\"  id=\"row-830325156\">\n\n\t<div id=\"col-1971612488\" class=\"col medium-6 small-12 large-4\"  >\n\t\t\t\t<div class=\"col-inner\"  >\n\t\t\t\n\t\t\t\n\n\t\t<div class=\"icon-box featured-box icon-box-left text-left\"  >\n\t\t\t\t\t<div class=\"icon-box-img\" style=\"width: 60px\">\n\t\t\t\t<div class=\"icon\">\n\t\t\t\t\t<div class=\"icon-inner\" >\n\t\t\t\t\t\t<img loading=\"lazy\" decoding=\"async\" width=\"300\" height=\"300\" src=\"https:\/\/universalfmt.com\/wp-content\/uploads\/2024\/03\/universal-tutarli-icon-300x300.png\" class=\"attachment-medium size-medium\" alt=\"\" srcset=\"https:\/\/universalfmt.com\/wp-content\/uploads\/2024\/03\/universal-tutarli-icon-300x300.png 300w, https:\/\/universalfmt.com\/wp-content\/uploads\/2024\/03\/universal-tutarli-icon-150x150.png 150w, https:\/\/universalfmt.com\/wp-content\/uploads\/2024\/03\/universal-tutarli-icon.png 501w\" sizes=\"auto, (max-width: 300px) 100vw, 300px\" \/>\t\t\t\t\t<\/div>\n\t\t\t\t<\/div>\n\t\t\t<\/div>\n\t\t\t\t<div class=\"icon-box-text last-reset\">\n\t\t\t\t\t\t\t\t\t\n\t<div id=\"gap-1161546149\" class=\"gap-element clearfix\" style=\"display:block; height:auto;\">\n\t\t\n<style>\n#gap-1161546149 {\n  padding-top: 20px;\n}\n<\/style>\n\t<\/div>\n\t\n<p><strong>Coh\u00e9rence<\/strong><\/p>\n\t\t<\/div>\n\t<\/div>\n\t\n\t\n\t\t<\/div>\n\t\t\t\t\t<\/div>\n\n\t\n\n\t<div id=\"col-493092343\" class=\"col medium-6 small-6 large-4 small-col-first\"  >\n\t\t\t\t<div class=\"col-inner\"  >\n\t\t\t\n\t\t\t\n\n\t\t<div class=\"icon-box featured-box icon-box-left text-left\"  >\n\t\t\t\t\t<div class=\"icon-box-img\" style=\"width: 60px\">\n\t\t\t\t<div class=\"icon\">\n\t\t\t\t\t<div class=\"icon-inner\" >\n\t\t\t\t\t\t<img loading=\"lazy\" decoding=\"async\" width=\"300\" height=\"300\" src=\"https:\/\/universalfmt.com\/wp-content\/uploads\/2024\/03\/universal-strategy-icon-300x300.png\" class=\"attachment-medium size-medium\" alt=\"\" srcset=\"https:\/\/universalfmt.com\/wp-content\/uploads\/2024\/03\/universal-strategy-icon-300x300.png 300w, https:\/\/universalfmt.com\/wp-content\/uploads\/2024\/03\/universal-strategy-icon-150x150.png 150w, https:\/\/universalfmt.com\/wp-content\/uploads\/2024\/03\/universal-strategy-icon.png 501w\" sizes=\"auto, (max-width: 300px) 100vw, 300px\" \/>\t\t\t\t\t<\/div>\n\t\t\t\t<\/div>\n\t\t\t<\/div>\n\t\t\t\t<div class=\"icon-box-text last-reset\">\n\t\t\t\t\t\t\t\t\t\n\t<div id=\"gap-439255670\" class=\"gap-element clearfix\" style=\"display:block; height:auto;\">\n\t\t\n<style>\n#gap-439255670 {\n  padding-top: 5px;\n}\n<\/style>\n\t<\/div>\n\t\n<p><strong>Vraie<br \/>\nStrat\u00e9gie<\/strong><\/p>\n\t\t<\/div>\n\t<\/div>\n\t\n\t\n\t\t<\/div>\n\t\t\t\t\t<\/div>\n\n\t\n\n\t<div id=\"col-582684376\" class=\"col medium-12 small-6 large-4 small-col-first\"  >\n\t\t\t\t<div class=\"col-inner\"  >\n\t\t\t\n\t\t\t\n\n\t\t<div class=\"icon-box featured-box icon-box-left text-left\"  >\n\t\t\t\t\t<div class=\"icon-box-img\" style=\"width: 60px\">\n\t\t\t\t<div class=\"icon\">\n\t\t\t\t\t<div class=\"icon-inner\" >\n\t\t\t\t\t\t<img loading=\"lazy\" decoding=\"async\" width=\"300\" height=\"300\" src=\"https:\/\/universalfmt.com\/wp-content\/uploads\/2024\/03\/universal-ticaret-icon-300x300.png\" class=\"attachment-medium size-medium\" alt=\"\" srcset=\"https:\/\/universalfmt.com\/wp-content\/uploads\/2024\/03\/universal-ticaret-icon-300x300.png 300w, https:\/\/universalfmt.com\/wp-content\/uploads\/2024\/03\/universal-ticaret-icon-150x150.png 150w, https:\/\/universalfmt.com\/wp-content\/uploads\/2024\/03\/universal-ticaret-icon.png 501w\" sizes=\"auto, (max-width: 300px) 100vw, 300px\" \/>\t\t\t\t\t<\/div>\n\t\t\t\t<\/div>\n\t\t\t<\/div>\n\t\t\t\t<div class=\"icon-box-text last-reset\">\n\t\t\t\t\t\t\t\t\t\n\t<div id=\"gap-728661368\" class=\"gap-element clearfix\" style=\"display:block; height:auto;\">\n\t\t\n<style>\n#gap-728661368 {\n  padding-top: 5px;\n}\n<\/style>\n\t<\/div>\n\t\n<p><strong>Commerce Fort<\/strong><\/p>\n\t\t<\/div>\n\t<\/div>\n\t\n\t\n\t\t<\/div>\n\t\t\t\t\t<\/div>\n\n\t\n<\/div>\n\t<div id=\"gap-462239685\" class=\"gap-element clearfix\" style=\"display:block; height:auto;\">\n\t\t\n<style>\n#gap-462239685 {\n  padding-top: 10px;\n}\n<\/style>\n\t<\/div>\n\t\n<a href=\"https:\/\/universalfmt.com\/fr\/des-produits\/\" class=\"button primary lowercase\"  style=\"border-radius:10px;\">\n    <span>Des produits<\/span>\n  <i class=\"icon-angle-right\" aria-hidden=\"true\" ><\/i><\/a>\n\n<a href=\"https:\/\/universalfmt.com\/fr\/contact\/\" class=\"button secondary is-outline lowercase\"  style=\"border-radius:10px;\">\n    <span>Contact<\/span>\n  <i class=\"icon-angle-right\" aria-hidden=\"true\" ><\/i><\/a>\n\n\t\t<\/div>\n\t\t\t\t\t<\/div>\n\n\t\n\n\t<div id=\"col-475846105\" class=\"col medium-6 small-12 large-6 small-col-first\"  >\n\t\t\t\t<div class=\"col-inner\"  >\n\t\t\t\n\t\t\t\n\t<div class=\"img has-hover portre_img x md-x lg-x y md-y lg-y\" id=\"image_73146859\">\n\t\t\t\t\t\t\t\t<div class=\"img-inner dark\" >\n\t\t\t<img loading=\"lazy\" decoding=\"async\" width=\"1000\" height=\"666\" src=\"https:\/\/universalfmt.com\/wp-content\/uploads\/2024\/03\/universal-fmt-img-21.jpeg\" class=\"attachment-original size-original\" alt=\"\" srcset=\"https:\/\/universalfmt.com\/wp-content\/uploads\/2024\/03\/universal-fmt-img-21.jpeg 1000w, https:\/\/universalfmt.com\/wp-content\/uploads\/2024\/03\/universal-fmt-img-21-300x200.jpeg 300w, https:\/\/universalfmt.com\/wp-content\/uploads\/2024\/03\/universal-fmt-img-21-768x511.jpeg 768w\" sizes=\"auto, (max-width: 1000px) 100vw, 1000px\" \/>\t\t\t\t\t\t\n\t\t\t\t\t<\/div>\n\t\t\t\t\t\t\t\t\n<style>\n#image_73146859 {\n  width: 100%;\n}\n<\/style>\n\t<\/div>\n\t\n\t\t<\/div>\n\t\t\t\t\t<\/div>\n\n\t\n<\/div>\n\t\t<\/div>\n\n\t\t\n<style>\n#section_1104408223 {\n  padding-top: 30px;\n  padding-bottom: 30px;\n}\n<\/style>\n\t<\/section>\n\t\n\t<section class=\"section\" id=\"section_1897267967\">\n\t\t<div class=\"bg section-bg fill bg-fill  bg-loaded\" >\n\n\t\t\t\n\t\t\t\n\t\t\t\n\n\t\t<\/div>\n\n\t\t\n\n\t\t<div class=\"section-content relative\">\n\t\t\t\n<div class=\"container section-title-container\" ><h3 class=\"section-title section-title-normal\"><b><\/b><span class=\"section-title-main\" >Nos partenaires<\/span><b><\/b><\/h3><\/div>\n<div class=\"row align-middle\"  id=\"row-1296118335\">\n\n\t<div id=\"col-1280551384\" class=\"col medium-2 small-4 large-2\"  >\n\t\t\t\t<div class=\"col-inner text-center\"  >\n\t\t\t\n\t\t\t\n\t<div class=\"img has-hover x md-x lg-x y md-y lg-y\" id=\"image_1552737782\">\n\t\t\t\t\t\t\t\t<div class=\"img-inner image-color dark\" >\n\t\t\t<img loading=\"lazy\" decoding=\"async\" width=\"1080\" height=\"427\" src=\"https:\/\/universalfmt.com\/wp-content\/uploads\/2024\/03\/afci-logo.jpg\" class=\"attachment-original size-original\" alt=\"\" srcset=\"https:\/\/universalfmt.com\/wp-content\/uploads\/2024\/03\/afci-logo.jpg 1080w, https:\/\/universalfmt.com\/wp-content\/uploads\/2024\/03\/afci-logo-300x119.jpg 300w, https:\/\/universalfmt.com\/wp-content\/uploads\/2024\/03\/afci-logo-1024x405.jpg 1024w, https:\/\/universalfmt.com\/wp-content\/uploads\/2024\/03\/afci-logo-768x304.jpg 768w\" sizes=\"auto, (max-width: 1080px) 100vw, 1080px\" \/>\t\t\t\t\t\t\n\t\t\t\t\t<\/div>\n\t\t\t\t\t\t\t\t\n<style>\n#image_1552737782 {\n  width: 90%;\n}\n<\/style>\n\t<\/div>\n\t\n\t\t<\/div>\n\t\t\t\t\t<\/div>\n\n\t\n\n\t<div id=\"col-1745045490\" class=\"col medium-2 small-4 large-2\"  >\n\t\t\t\t<div class=\"col-inner text-center\"  >\n\t\t\t\n\t\t\t\n\t<div class=\"img has-hover x md-x lg-x y md-y lg-y\" id=\"image_656419112\">\n\t\t\t\t\t\t\t\t<div class=\"img-inner image-color dark\" >\n\t\t\t<img loading=\"lazy\" decoding=\"async\" width=\"350\" height=\"91\" src=\"https:\/\/universalfmt.com\/wp-content\/uploads\/2024\/03\/vestel-logo-partner.png\" class=\"attachment-original size-original\" alt=\"\" srcset=\"https:\/\/universalfmt.com\/wp-content\/uploads\/2024\/03\/vestel-logo-partner.png 350w, https:\/\/universalfmt.com\/wp-content\/uploads\/2024\/03\/vestel-logo-partner-300x78.png 300w\" sizes=\"auto, (max-width: 350px) 100vw, 350px\" \/>\t\t\t\t\t\t\n\t\t\t\t\t<\/div>\n\t\t\t\t\t\t\t\t\n<style>\n#image_656419112 {\n  width: 100%;\n}\n<\/style>\n\t<\/div>\n\t\n\t\t<\/div>\n\t\t\t\t\t<\/div>\n\n\t\n\n\t<div id=\"col-672403225\" class=\"col medium-2 small-4 large-2\"  >\n\t\t\t\t<div class=\"col-inner text-center\"  >\n\t\t\t\n\t\t\t\n\t<div class=\"img has-hover x md-x lg-x y md-y lg-y\" id=\"image_1206579605\">\n\t\t\t\t\t\t\t\t<div class=\"img-inner image-color dark\" >\n\t\t\t<img loading=\"lazy\" decoding=\"async\" width=\"350\" height=\"44\" src=\"https:\/\/universalfmt.com\/wp-content\/uploads\/2024\/03\/meridyen-logo-partner.png\" class=\"attachment-original size-original\" alt=\"\" srcset=\"https:\/\/universalfmt.com\/wp-content\/uploads\/2024\/03\/meridyen-logo-partner.png 350w, https:\/\/universalfmt.com\/wp-content\/uploads\/2024\/03\/meridyen-logo-partner-300x38.png 300w\" sizes=\"auto, (max-width: 350px) 100vw, 350px\" \/>\t\t\t\t\t\t\n\t\t\t\t\t<\/div>\n\t\t\t\t\t\t\t\t\n<style>\n#image_1206579605 {\n  width: 100%;\n}\n<\/style>\n\t<\/div>\n\t\n\t\t<\/div>\n\t\t\t\t\t<\/div>\n\n\t\n\n\t<div id=\"col-992948785\" class=\"col medium-2 small-4 large-2\"  >\n\t\t\t\t<div class=\"col-inner text-center\"  >\n\t\t\t\n\t\t\t\n\t<div class=\"img has-hover x md-x lg-x y md-y lg-y\" id=\"image_1406645576\">\n\t\t\t\t\t\t\t\t<div class=\"img-inner image-color dark\" >\n\t\t\t<img loading=\"lazy\" decoding=\"async\" width=\"350\" height=\"179\" src=\"https:\/\/universalfmt.com\/wp-content\/uploads\/2024\/03\/balkan-logo-partner.png\" class=\"attachment-original size-original\" alt=\"\" srcset=\"https:\/\/universalfmt.com\/wp-content\/uploads\/2024\/03\/balkan-logo-partner.png 350w, https:\/\/universalfmt.com\/wp-content\/uploads\/2024\/03\/balkan-logo-partner-300x153.png 300w\" sizes=\"auto, (max-width: 350px) 100vw, 350px\" \/>\t\t\t\t\t\t\n\t\t\t\t\t<\/div>\n\t\t\t\t\t\t\t\t\n<style>\n#image_1406645576 {\n  width: 70%;\n}\n<\/style>\n\t<\/div>\n\t\n\t\t<\/div>\n\t\t\t\t\t<\/div>\n\n\t\n\n\t<div id=\"col-1447926206\" class=\"col medium-2 small-4 large-2\"  >\n\t\t\t\t<div class=\"col-inner text-center\"  >\n\t\t\t\n\t\t\t\n\t<div class=\"img has-hover x md-x lg-x y md-y lg-y\" id=\"image_1670720160\">\n\t\t\t\t\t\t\t\t<div class=\"img-inner image-color dark\" >\n\t\t\t<img loading=\"lazy\" decoding=\"async\" width=\"350\" height=\"162\" src=\"https:\/\/universalfmt.com\/wp-content\/uploads\/2024\/03\/cotanak-logo-partner.png\" class=\"attachment-original size-original\" alt=\"\" srcset=\"https:\/\/universalfmt.com\/wp-content\/uploads\/2024\/03\/cotanak-logo-partner.png 350w, https:\/\/universalfmt.com\/wp-content\/uploads\/2024\/03\/cotanak-logo-partner-300x139.png 300w\" sizes=\"auto, (max-width: 350px) 100vw, 350px\" \/>\t\t\t\t\t\t\n\t\t\t\t\t<\/div>\n\t\t\t\t\t\t\t\t\n<style>\n#image_1670720160 {\n  width: 80%;\n}\n<\/style>\n\t<\/div>\n\t\n\t\t<\/div>\n\t\t\t\t\t<\/div>\n\n\t\n\n\t<div id=\"col-923828491\" class=\"col medium-2 small-4 large-2\"  >\n\t\t\t\t<div class=\"col-inner\"  >\n\t\t\t\n\t\t\t\n\t<div class=\"img has-hover x md-x lg-x y md-y lg-y\" id=\"image_612670505\">\n\t\t\t\t\t\t\t\t<div class=\"img-inner image-color dark\" >\n\t\t\t<img loading=\"lazy\" decoding=\"async\" width=\"332\" height=\"60\" src=\"https:\/\/universalfmt.com\/wp-content\/uploads\/2024\/03\/tak-power-logo.png\" class=\"attachment-original size-original\" alt=\"\" srcset=\"https:\/\/universalfmt.com\/wp-content\/uploads\/2024\/03\/tak-power-logo.png 332w, https:\/\/universalfmt.com\/wp-content\/uploads\/2024\/03\/tak-power-logo-300x54.png 300w\" sizes=\"auto, (max-width: 332px) 100vw, 332px\" \/>\t\t\t\t\t\t\n\t\t\t\t\t<\/div>\n\t\t\t\t\t\t\t\t\n<style>\n#image_612670505 {\n  width: 100%;\n}\n<\/style>\n\t<\/div>\n\t\n\t\t<\/div>\n\t\t\t\t\t<\/div>\n\n\t\n\n\t<div id=\"col-1624799413\" class=\"col medium-2 small-4 large-2\"  >\n\t\t\t\t<div class=\"col-inner\"  >\n\t\t\t\n\t\t\t\n\t<div class=\"img has-hover x md-x lg-x y md-y lg-y\" id=\"image_681818009\">\n\t\t\t\t\t\t\t\t<div class=\"img-inner image-color dark\" >\n\t\t\t<img loading=\"lazy\" decoding=\"async\" width=\"351\" height=\"116\" src=\"https:\/\/universalfmt.com\/wp-content\/uploads\/2024\/03\/depa-logo-partner.png\" class=\"attachment-original size-original\" alt=\"\" srcset=\"https:\/\/universalfmt.com\/wp-content\/uploads\/2024\/03\/depa-logo-partner.png 351w, https:\/\/universalfmt.com\/wp-content\/uploads\/2024\/03\/depa-logo-partner-300x99.png 300w\" sizes=\"auto, (max-width: 351px) 100vw, 351px\" \/>\t\t\t\t\t\t\n\t\t\t\t\t<\/div>\n\t\t\t\t\t\t\t\t\n<style>\n#image_681818009 {\n  width: 100%;\n}\n<\/style>\n\t<\/div>\n\t\n\t\t<\/div>\n\t\t\t\t\t<\/div>\n\n\t\n\n\t<div id=\"col-1000275440\" class=\"col medium-2 small-4 large-2\"  >\n\t\t\t\t<div class=\"col-inner text-center\"  >\n\t\t\t\n\t\t\t\n\t<div class=\"img has-hover x md-x lg-x y md-y lg-y\" id=\"image_168524823\">\n\t\t\t\t\t\t\t\t<div class=\"img-inner image-color dark\" >\n\t\t\t<img loading=\"lazy\" decoding=\"async\" width=\"353\" height=\"167\" src=\"https:\/\/universalfmt.com\/wp-content\/uploads\/2024\/03\/oriks-logo.png\" class=\"attachment-original size-original\" alt=\"\" srcset=\"https:\/\/universalfmt.com\/wp-content\/uploads\/2024\/03\/oriks-logo.png 353w, https:\/\/universalfmt.com\/wp-content\/uploads\/2024\/03\/oriks-logo-300x142.png 300w\" sizes=\"auto, (max-width: 353px) 100vw, 353px\" \/>\t\t\t\t\t\t\n\t\t\t\t\t<\/div>\n\t\t\t\t\t\t\t\t\n<style>\n#image_168524823 {\n  width: 89%;\n}\n<\/style>\n\t<\/div>\n\t\n\t\t<\/div>\n\t\t\t\t\t<\/div>\n\n\t\n\n\t<div id=\"col-944078599\" class=\"col medium-2 small-4 large-2\"  >\n\t\t\t\t<div class=\"col-inner text-center\"  >\n\t\t\t\n\t\t\t\n\t<div class=\"img has-hover x md-x lg-x y md-y lg-y\" id=\"image_932211193\">\n\t\t\t\t\t\t\t\t<div class=\"img-inner image-color dark\" >\n\t\t\t<img loading=\"lazy\" decoding=\"async\" width=\"351\" height=\"158\" src=\"https:\/\/universalfmt.com\/wp-content\/uploads\/2024\/04\/smart-sw-logo.png\" class=\"attachment-original size-original\" alt=\"\" srcset=\"https:\/\/universalfmt.com\/wp-content\/uploads\/2024\/04\/smart-sw-logo.png 351w, https:\/\/universalfmt.com\/wp-content\/uploads\/2024\/04\/smart-sw-logo-300x135.png 300w\" sizes=\"auto, (max-width: 351px) 100vw, 351px\" \/>\t\t\t\t\t\t\n\t\t\t\t\t<\/div>\n\t\t\t\t\t\t\t\t\n<style>\n#image_932211193 {\n  width: 90%;\n}\n<\/style>\n\t<\/div>\n\t\n\t\t<\/div>\n\t\t\t\t\t<\/div>\n\n\t\n\n\t<div id=\"col-1464515820\" class=\"col medium-2 small-6 large-2\"  >\n\t\t\t\t<div class=\"col-inner text-center\"  >\n\t\t\t\n\t\t\t\n\t<div class=\"img has-hover x md-x lg-x y md-y lg-y\" id=\"image_114195718\">\n\t\t\t\t\t\t\t\t<div class=\"img-inner image-color dark\" >\n\t\t\t<img loading=\"lazy\" decoding=\"async\" width=\"1284\" height=\"1284\" src=\"https:\/\/universalfmt.com\/wp-content\/uploads\/2024\/03\/sultaninstruments-logo.jpg\" class=\"attachment-original size-original\" alt=\"\" srcset=\"https:\/\/universalfmt.com\/wp-content\/uploads\/2024\/03\/sultaninstruments-logo.jpg 1284w, https:\/\/universalfmt.com\/wp-content\/uploads\/2024\/03\/sultaninstruments-logo-300x300.jpg 300w, https:\/\/universalfmt.com\/wp-content\/uploads\/2024\/03\/sultaninstruments-logo-1024x1024.jpg 1024w, https:\/\/universalfmt.com\/wp-content\/uploads\/2024\/03\/sultaninstruments-logo-150x150.jpg 150w, https:\/\/universalfmt.com\/wp-content\/uploads\/2024\/03\/sultaninstruments-logo-768x768.jpg 768w\" sizes=\"auto, (max-width: 1284px) 100vw, 1284px\" \/>\t\t\t\t\t\t\n\t\t\t\t\t<\/div>\n\t\t\t\t\t\t\t\t\n<style>\n#image_114195718 {\n  width: 40%;\n}\n<\/style>\n\t<\/div>\n\t\n\t\t<\/div>\n\t\t\t\t\t<\/div>\n\n\t\n\n<style>\n#row-1296118335 > .col > .col-inner {\n  padding: 0px 0px 2px 0px;\n}\n@media (min-width:550px) {\n  #row-1296118335 > .col > .col-inner {\n    padding: 0px 0px 5px 0px;\n  }\n}\n<\/style>\n<\/div>\n\t\t<\/div>\n\n\t\t\n<style>\n#section_1897267967 {\n  padding-top: 30px;\n  padding-bottom: 30px;\n}\n<\/style>\n\t<\/section>\n\t\n","protected":false},"excerpt":{"rendered":"","protected":false},"author":1,"featured_media":0,"parent":0,"menu_order":0,"comment_status":"closed","ping_status":"closed","template":"page-blank.php","meta":{"footnotes":""},"class_list":["post-525","page","type-page","status-publish","hentry"],"_links":{"self":[{"href":"https:\/\/universalfmt.com\/fr\/wp-json\/wp\/v2\/pages\/525","targetHints":{"allow":["GET"]}}],"collection":[{"href":"https:\/\/universalfmt.com\/fr\/wp-json\/wp\/v2\/pages"}],"about":[{"href":"https:\/\/universalfmt.com\/fr\/wp-json\/wp\/v2\/types\/page"}],"author":[{"embeddable":true,"href":"https:\/\/universalfmt.com\/fr\/wp-json\/wp\/v2\/users\/1"}],"replies":[{"embeddable":true,"href":"https:\/\/universalfmt.com\/fr\/wp-json\/wp\/v2\/comments?post=525"}],"version-history":[{"count":13,"href":"https:\/\/universalfmt.com\/fr\/wp-json\/wp\/v2\/pages\/525\/revisions"}],"predecessor-version":[{"id":876,"href":"https:\/\/universalfmt.com\/fr\/wp-json\/wp\/v2\/pages\/525\/revisions\/876"}],"wp:attachment":[{"href":"https:\/\/universalfmt.com\/fr\/wp-json\/wp\/v2\/media?parent=525"}],"curies":[{"name":"wp","href":"https:\/\/api.w.org\/{rel}","templated":true}]}}